{"id":8331,"date":"2023-11-10T13:05:52","date_gmt":"2023-11-10T12:05:52","guid":{"rendered":"https:\/\/www.verificaremails.com\/como-usar-o-zapier-para-verificacao-de-e-mail\/"},"modified":"2024-04-26T12:09:09","modified_gmt":"2024-04-26T11:09:09","slug":"como-usar-o-zapier-para-verificacao-de-e-mail","status":"publish","type":"page","link":"https:\/\/www.verificaremails.com\/pt-br\/como-usar-o-zapier-para-verificacao-de-e-mail\/","title":{"rendered":"Como usar o Zapier para verifica\u00e7\u00e3o de e-mail"},"content":{"rendered":"\t\t<div data-elementor-type=\"wp-page\" data-elementor-id=\"8331\" class=\"elementor elementor-8331 elementor-3625\" data-elementor-post-type=\"page\">\n\t\t\t\t\t\t<section class=\"elementor-section elementor-top-section elementor-element elementor-element-d3c5afc elementor-section-boxed elementor-section-height-default elementor-section-height-default\" data-id=\"d3c5afc\" data-element_type=\"section\" data-settings=\"{&quot;background_background&quot;:&quot;gradient&quot;}\">\n\t\t\t\t\t\t<div class=\"elementor-container elementor-column-gap-default\">\n\t\t\t\t\t<div class=\"elementor-column elementor-col-100 elementor-top-column elementor-element elementor-element-e07a90c\" data-id=\"e07a90c\" data-element_type=\"column\">\n\t\t\t<div class=\"elementor-widget-wrap elementor-element-populated\">\n\t\t\t\t\t\t<div class=\"elementor-element elementor-element-eb5f8bf elementor-widget elementor-widget-text-editor\" data-id=\"eb5f8bf\" data-element_type=\"widget\" data-widget_type=\"text-editor.default\">\n\t\t\t\t<div class=\"elementor-widget-container\">\n\t\t\t\t\t\t\t\t\t<p><img fetchpriority=\"high\"  decoding=\"async\" src=\"https:\/\/www.verificaremails.com\/wp-content\/uploads\/2023\/11\/zapier-integration-1024x640.png\" alt=\"Integra\u00e7\u00e3o com o Zapier para verifica\u00e7\u00e3o de e-mail\" width=\"1024\" height=\"640\"><\/p>\n<p>No mundo digital de hoje, a comunica\u00e7\u00e3o por e-mail \u00e9 uma parte essencial de nossas vidas. Se voc\u00ea \u00e9 um freelancer que se comunica com clientes ou um empres\u00e1rio que coordena equipes remotas, \u00e9 fundamental garantir que seus e-mails cheguem \u00e0 caixa de entrada correta. \u00c9 aqui que entra o Zapier.<\/p>\n<h2><strong>O que \u00e9 o Zapier e como ele funciona?<\/strong><\/h2>\n<p><a href=\"https:\/\/zapier.com\/\" target=\"_blank\" rel=\"nofollow noopener\">O Zapier<\/a> \u00e9 um aplicativo de automa\u00e7\u00e3o on-line que permite que voc\u00ea conecte e colabore entre milhares de aplicativos diferentes. Com o Zapier, voc\u00ea pode criar fluxos de trabalho automatizados chamados &#8220;Zaps&#8221;. Esses Zaps funcionam como links entre seus aplicativos favoritos, permitindo que eles se comuniquem entre si sem programa\u00e7\u00e3o.<\/p>\n<p>Em resumo, o Zapier \u00e9 uma ferramenta que permite que voc\u00ea vincule diferentes aplicativos e automatize processos repetitivos. Por exemplo, voc\u00ea pode configurar um Zap para enviar uma mensagem de texto quando receber um e-mail importante. \u00c9 como se voc\u00ea dissesse ao Zapier: &#8220;Se eu receber um e-mail, envie-me uma mensagem de texto&#8221;.<\/p>\n<h2><strong>Usando o Zapier para verifica\u00e7\u00e3o de e-mail<\/strong><\/h2>\n<p>Um dos casos de uso mais comuns do Zapier \u00e9 a verifica\u00e7\u00e3o de e-mail. Com o Zapier, voc\u00ea pode automatizar o processo de verifica\u00e7\u00e3o de endere\u00e7o de e-mail e garantir que apenas e-mails v\u00e1lidos cheguem \u00e0 sua caixa de entrada. A boa not\u00edcia \u00e9 que <b>o Zapeir funciona<\/b> com <b>todos os nossos servi\u00e7os de verifica\u00e7\u00e3o<\/b>: <\/p>\n<ul>\n<li><a href=\"https:\/\/www.verificaremails.com\/pt-br\/validar-numeros-telefonicos\/\"><b>valida\u00e7\u00e3o telef\u00f4nica<\/b><\/a><\/li>\n<li><a href=\"https:\/\/www.verificaremails.com\/pt-br\/validar-nomes-e-sobrenomes\/\"><b>valida\u00e7\u00e3o de nome<\/b><\/a><\/li>\n<li><b><a href=\"https:\/\/www.verificaremails.com\/pt-br\/servico-de-validacao-de-endereco-postal\/\">valida\u00e7\u00e3o de endere\u00e7os postais<\/a>.<\/b><\/li>\n<\/ul>\n<p>Imagine que voc\u00ea tem um formul\u00e1rio em seu site no qual os usu\u00e1rios podem se inscrever para receber atualiza\u00e7\u00f5es por e-mail. Antes de adicionar esses usu\u00e1rios \u00e0 sua lista de e-mails, \u00e9 importante verificar se os endere\u00e7os de e-mail fornecidos s\u00e3o v\u00e1lidos. \u00c9 nesse ponto que o Zapier pode ajudar voc\u00ea.<\/p>\n\t\t\t\t\t\t\t\t<\/div>\n\t\t\t\t<\/div>\n\t\t\t\t\t<\/div>\n\t\t<\/div>\n\t\t\t\t\t<\/div>\n\t\t<\/section>\n\t\t<div class=\"elementor-element elementor-element-b1a248a e-flex e-con-boxed e-con e-parent\" data-id=\"b1a248a\" data-element_type=\"container\">\n\t\t\t\t\t<div class=\"e-con-inner\">\n\t\t\t\t<div class=\"elementor-element elementor-element-e743b78 elementor-widget elementor-widget-image\" data-id=\"e743b78\" data-element_type=\"widget\" data-widget_type=\"image.default\">\n\t\t\t\t<div class=\"elementor-widget-container\">\n\t\t\t\t\t\t\t\t\t\t\t\t\t\t\t\t<a href=\"https:\/\/zapier.com\/apps\/verificaremails\/integrations\" target=\"_blank\" rel=\"nofollow noopener\">\n\t\t\t\t\t\t\t<img loading=\"lazy\"  decoding=\"async\" loading=\"lazy\" width=\"1024\" height=\"449\" src=\"https:\/\/www.verificaremails.com\/wp-content\/uploads\/2024\/04\/Captura-de-pantalla-2024-04-26-123144-1024x449.png\" class=\"attachment-large size-large wp-image-8538\" alt=\"Aplicaci\u00f3n de verificaremails en Zapier\" srcset=\"https:\/\/www.verificaremails.com\/wp-content\/uploads\/2024\/04\/Captura-de-pantalla-2024-04-26-123144-1024x449.png 1024w, https:\/\/www.verificaremails.com\/wp-content\/uploads\/2024\/04\/Captura-de-pantalla-2024-04-26-123144-300x131.png 300w, https:\/\/www.verificaremails.com\/wp-content\/uploads\/2024\/04\/Captura-de-pantalla-2024-04-26-123144-768x337.png 768w, https:\/\/www.verificaremails.com\/wp-content\/uploads\/2024\/04\/Captura-de-pantalla-2024-04-26-123144.png 1246w\" sizes=\"auto, (max-width: 1024px) 100vw, 1024px\" \/>\t\t\t\t\t\t\t\t<\/a>\n\t\t\t\t\t\t\t\t\t\t\t\t\t\t\t<\/div>\n\t\t\t\t<\/div>\n\t\t\t\t<div class=\"elementor-element elementor-element-64e78e6 elementor-align-center elementor-widget elementor-widget-button\" data-id=\"64e78e6\" data-element_type=\"widget\" data-widget_type=\"button.default\">\n\t\t\t\t<div class=\"elementor-widget-container\">\n\t\t\t\t\t\t\t\t\t<div class=\"elementor-button-wrapper\">\n\t\t\t\t\t<a class=\"elementor-button elementor-button-link elementor-size-sm\" href=\"https:\/\/dashboard.verificaremails.com\/app\/public\/register\" target=\"_blank\" rel=\"nofollow\">\n\t\t\t\t\t\t<span class=\"elementor-button-content-wrapper\">\n\t\t\t\t\t\t\t\t\t<span class=\"elementor-button-text\">Teste a integra\u00e7\u00e3o com o Zapier<\/span>\n\t\t\t\t\t<\/span>\n\t\t\t\t\t<\/a>\n\t\t\t\t<\/div>\n\t\t\t\t\t\t\t\t<\/div>\n\t\t\t\t<\/div>\n\t\t\t\t\t<\/div>\n\t\t\t\t<\/div>\n\t\t\t\t<section class=\"elementor-section elementor-top-section elementor-element elementor-element-8f2bd6f elementor-section-boxed elementor-section-height-default elementor-section-height-default\" data-id=\"8f2bd6f\" data-element_type=\"section\" data-settings=\"{&quot;background_background&quot;:&quot;gradient&quot;}\">\n\t\t\t\t\t\t<div class=\"elementor-container elementor-column-gap-default\">\n\t\t\t\t\t<div class=\"elementor-column elementor-col-100 elementor-top-column elementor-element elementor-element-062528b\" data-id=\"062528b\" data-element_type=\"column\">\n\t\t\t<div class=\"elementor-widget-wrap elementor-element-populated\">\n\t\t\t\t\t\t<div class=\"elementor-element elementor-element-aff0824 elementor-widget elementor-widget-text-editor\" data-id=\"aff0824\" data-element_type=\"widget\" data-widget_type=\"text-editor.default\">\n\t\t\t\t<div class=\"elementor-widget-container\">\n\t\t\t\t\t\t\t\t\t<p>Voc\u00ea pode criar um Zap que, quando um novo usu\u00e1rio se registrar no seu formul\u00e1rio, enviar\u00e1 automaticamente um e-mail de verifica\u00e7\u00e3o para esse endere\u00e7o. O usu\u00e1rio receber\u00e1 o e-mail de verifica\u00e7\u00e3o e, se ele clicar no link de confirma\u00e7\u00e3o, o Zapier registrar\u00e1 esse endere\u00e7o de e-mail como v\u00e1lido e voc\u00ea poder\u00e1 adicion\u00e1-lo \u00e0 sua lista de e-mails.<\/p>\n<p>Criamos um exemplo passo a passo que mostra <a href=\"https:\/\/www.verificaremails.com\/validar-nombres\/como-utilizar-zapier-verificar-emails\/\">como voc\u00ea pode usar o zapier para verificar<\/a> e-mails no Planilhas Google. Recomendamos que voc\u00ea o leia para entender melhor como funciona a integra\u00e7\u00e3o com o Zapier.<\/p>\n<h2><strong>Terminologia do Zapier<\/strong><\/h2>\n<p>Antes de se aprofundar nos detalhes da verifica\u00e7\u00e3o de e-mail com o Zapier, \u00e9 importante que voc\u00ea analise a terminologia principal usada pela plataforma:<\/p>\n<ul>\n<li><strong>Zap:<\/strong> uma automa\u00e7\u00e3o de aplicativo para aplicativo que voc\u00ea cria no Zapier.<\/li>\n<li><strong>Fluxos de trabalho:<\/strong> a palavra &#8220;automa\u00e7\u00e3o&#8221; na escolha do Zapier.<\/li>\n<li><strong>A\u00e7\u00e3o:<\/strong> A a\u00e7\u00e3o executada por um usu\u00e1rio ou pelo Zapier.<\/li>\n<li><strong>Gatilho:<\/strong> uma a\u00e7\u00e3o que causa a ativa\u00e7\u00e3o de um Zap.<\/li>\n<li><strong>Tarefa:<\/strong> a atividade ou o trabalho realizado por um Zap.<\/li>\n<li><strong>Tempo de atualiza\u00e7\u00e3o:<\/strong> O intervalo em que o Zapier verifica se h\u00e1 acionadores.<\/li>\n<\/ul>\n<h2><strong>Como configurar a verifica\u00e7\u00e3o de e-mail com o Zapier<\/strong><\/h2>\n<p>Agora que voc\u00ea entende a terminologia b\u00e1sica do Zapier, vamos ver como voc\u00ea pode configurar a verifica\u00e7\u00e3o de e-mail usando essa ferramenta de automa\u00e7\u00e3o.<\/p>\n<h3><strong>Etapa 1: criar um Zap<\/strong><\/h3>\n<p>A primeira etapa \u00e9 criar um novo Zap no Zapier. Para fazer isso, fa\u00e7a login em sua conta e clique no bot\u00e3o &#8220;Create Zap&#8221;. Em seguida, selecione o aplicativo que voc\u00ea usar\u00e1 como acionador. Nesse caso, selecione o aplicativo de formul\u00e1rios da Web de sua prefer\u00eancia.<\/p>\n<h3><strong>Etapa 2: Definir o acionador<\/strong><\/h3>\n<p>Depois de selecionar o aplicativo de formul\u00e1rios da Web como um acionador, voc\u00ea precisar\u00e1 configurar os detalhes espec\u00edficos do acionador. Isso incluir\u00e1 itens como o formul\u00e1rio espec\u00edfico a ser usado e os campos de e-mail a serem verificados.<\/p>\n<h3><strong>Etapa 3: Configurar a a\u00e7\u00e3o<\/strong><\/h3>\n<p>A pr\u00f3xima etapa \u00e9 configurar a a\u00e7\u00e3o que o Zapier executar\u00e1 quando o acionador for ativado. Nesse caso, a a\u00e7\u00e3o ser\u00e1 enviar um e-mail de verifica\u00e7\u00e3o para o endere\u00e7o fornecido no formul\u00e1rio.<\/p>\n<h3><strong>Etapa 4: Personalize o e-mail de verifica\u00e7\u00e3o<\/strong><\/h3>\n<p>Nesta etapa, voc\u00ea pode personalizar o e-mail de verifica\u00e7\u00e3o que ser\u00e1 enviado aos usu\u00e1rios. Certifique-se de incluir um link de confirma\u00e7\u00e3o claro para que os usu\u00e1rios cliquem e verifiquem seus endere\u00e7os de e-mail.<\/p>\n<h3><strong>Etapa 5: teste e ative o Zap<\/strong><\/h3>\n<p>Depois que voc\u00ea tiver configurado todas as etapas acima, \u00e9 importante testar o Zap para ter certeza de que ele est\u00e1 funcionando corretamente. Voc\u00ea pode enviar evid\u00eancias para seu pr\u00f3prio endere\u00e7o de e-mail para verificar o processo de verifica\u00e7\u00e3o.<\/p>\n<p>Depois de realizar os testes necess\u00e1rios, voc\u00ea pode ativar o Zap e come\u00e7ar a verificar automaticamente os endere\u00e7os de e-mail dos seus usu\u00e1rios.<\/p>\n<p><img  decoding=\"async\" src=\"https:\/\/www.verificaremails.com\/wp-content\/uploads\/2023\/11\/como_funciona_zapier.png\" alt=\"como o zapier funciona  \" width=\"993\" height=\"283\"><\/p>\n<h2><strong>Pre\u00e7os do Zapier<\/strong><\/h2>\n<p>O Zapier oferece v\u00e1rios planos de pre\u00e7os para atender \u00e0s necessidades de diferentes usu\u00e1rios. Estes s\u00e3o os planos dispon\u00edveis:<\/p>\n<p><img  decoding=\"async\" src=\"https:\/\/www.verificaremails.com\/wp-content\/uploads\/2023\/11\/precios_zapier-1024x524.png\" alt=\"Pre\u00e7os do Zapier\" width=\"1024\" height=\"524\"><\/p>\n<p>\u00c9 importante observar que cada plano tem n\u00edveis de pre\u00e7os diferentes, dependendo do n\u00famero de tarefas que voc\u00ea precisa. Toda vez que um Zap transportar dados com \u00eaxito ou executar uma a\u00e7\u00e3o para voc\u00ea, ele ser\u00e1 considerado uma tarefa. Por exemplo, se o seu Zap incluir uma a\u00e7\u00e3o para gerar novos leads no Google, cada lead gerado ser\u00e1 contado como uma tarefa.<\/p>\n<p>O plano gratuito do Zapier permite que voc\u00ea execute fun\u00e7\u00f5es b\u00e1sicas e \u00e9 ideal para avaliar o produto e se familiarizar com a cria\u00e7\u00e3o de Zaps. No entanto, se voc\u00ea precisar de um volume maior de tarefas ou de recursos avan\u00e7ados, talvez queira considerar um dos planos pagos.<\/p>\n<h2><strong>Conclus\u00f5es<\/strong><\/h2>\n<p>O Zapier \u00e9 a ferramenta definitiva para verifica\u00e7\u00e3o de e-mail e automa\u00e7\u00e3o de tarefas. Com sua interface simples e uma ampla gama de integra\u00e7\u00f5es, voc\u00ea pode economizar tempo e garantir que seus e-mails cheguem \u00e0s pessoas certas.<\/p>\n<p>Se voc\u00ea est\u00e1 procurando uma maneira eficiente e confi\u00e1vel de <a href=\"https:\/\/www.verificaremails.com\/pt-br\/\">verificar endere\u00e7os de e-mail<\/a> e automatizar seus processos de e-mail, n\u00e3o precisa procurar mais, pois o Zapier \u00e9 a solu\u00e7\u00e3o ideal. Experimente-o hoje mesmo e descubra como ele pode transformar a maneira como voc\u00ea se comunica por e-mail.<\/p>\n<p>Use nosso guia passo a passo para criar seu primeiro Zap e integrar seus aplicativos favoritos com o Verify Emails. \u00c9 muito simples.<\/p>\n\t\t\t\t\t\t\t\t<\/div>\n\t\t\t\t<\/div>\n\t\t\t\t\t<\/div>\n\t\t<\/div>\n\t\t\t\t\t<\/div>\n\t\t<\/section>\n\t\t<div class=\"elementor-element elementor-element-114fec0 e-flex e-con-boxed e-con e-parent\" data-id=\"114fec0\" data-element_type=\"container\">\n\t\t\t\t\t<div class=\"e-con-inner\">\n\t\t\t\t<div class=\"elementor-element elementor-element-af3587d elementor-widget elementor-widget-text-editor\" data-id=\"af3587d\" data-element_type=\"widget\" data-widget_type=\"text-editor.default\">\n\t\t\t\t<div class=\"elementor-widget-container\">\n\t\t\t\t\t\t\t\t\t<p>Lorem ipsum dolor sit amet, consectetur adipiscing elit. Ut elit tellus, luctus nec ullamcorper mattis, pulvinar dapibus leo.<\/p>\t\t\t\t\t\t\t\t<\/div>\n\t\t\t\t<\/div>\n\t\t\t\t\t<\/div>\n\t\t\t\t<\/div>\n\t\t\t\t<\/div>\n\t\t","protected":false},"excerpt":{"rendered":"<p>No mundo digital de hoje, a comunica\u00e7\u00e3o por e-mail \u00e9 uma parte essencial de nossas vidas. Se voc\u00ea \u00e9 um freelancer que se comunica com clientes ou um empres\u00e1rio que coordena equipes remotas, \u00e9 fundamental garantir que seus e-mails cheguem \u00e0 caixa de entrada correta. \u00c9 aqui que entra o Zapier. O que \u00e9 o &#8230; <a title=\"Como usar o Zapier para verifica\u00e7\u00e3o de e-mail\" class=\"read-more\" href=\"https:\/\/www.verificaremails.com\/pt-br\/como-usar-o-zapier-para-verificacao-de-e-mail\/\" aria-label=\"Read more about Como usar o Zapier para verifica\u00e7\u00e3o de e-mail\">Ler mais<\/a><\/p>\n","protected":false},"author":3,"featured_media":0,"parent":0,"menu_order":0,"comment_status":"closed","ping_status":"closed","template":"elementor_header_footer","meta":{"_acf_changed":false,"footnotes":""},"class_list":["post-8331","page","type-page","status-publish"],"acf":[],"_links":{"self":[{"href":"https:\/\/www.verificaremails.com\/pt-br\/wp-json\/wp\/v2\/pages\/8331","targetHints":{"allow":["GET"]}}],"collection":[{"href":"https:\/\/www.verificaremails.com\/pt-br\/wp-json\/wp\/v2\/pages"}],"about":[{"href":"https:\/\/www.verificaremails.com\/pt-br\/wp-json\/wp\/v2\/types\/page"}],"author":[{"embeddable":true,"href":"https:\/\/www.verificaremails.com\/pt-br\/wp-json\/wp\/v2\/users\/3"}],"replies":[{"embeddable":true,"href":"https:\/\/www.verificaremails.com\/pt-br\/wp-json\/wp\/v2\/comments?post=8331"}],"version-history":[{"count":0,"href":"https:\/\/www.verificaremails.com\/pt-br\/wp-json\/wp\/v2\/pages\/8331\/revisions"}],"wp:attachment":[{"href":"https:\/\/www.verificaremails.com\/pt-br\/wp-json\/wp\/v2\/media?parent=8331"}],"curies":[{"name":"wp","href":"https:\/\/api.w.org\/{rel}","templated":true}]}}