{"id":4874,"date":"2018-07-26T12:10:36","date_gmt":"2018-07-26T11:10:36","guid":{"rendered":"https:\/\/www.verificaremails.com\/termos-de-uso\/"},"modified":"2025-08-04T20:51:01","modified_gmt":"2025-08-04T19:51:01","slug":"termos-de-uso","status":"publish","type":"page","link":"https:\/\/www.verificaremails.com\/pt-br\/termos-de-uso\/","title":{"rendered":"Termos de uso"},"content":{"rendered":"\t\t<div data-elementor-type=\"wp-post\" data-elementor-id=\"4874\" class=\"elementor elementor-4874 elementor-767\" data-elementor-post-type=\"page\">\n\t\t\t\t\t\t<section class=\"elementor-section elementor-top-section elementor-element elementor-element-1e5e5cb elementor-section-boxed elementor-section-height-default elementor-section-height-default\" data-id=\"1e5e5cb\" data-element_type=\"section\">\n\t\t\t\t\t\t<div class=\"elementor-container elementor-column-gap-default\">\n\t\t\t\t\t<div class=\"elementor-column elementor-col-100 elementor-top-column elementor-element elementor-element-8d170f1\" data-id=\"8d170f1\" data-element_type=\"column\">\n\t\t\t<div class=\"elementor-widget-wrap elementor-element-populated\">\n\t\t\t\t\t\t<div class=\"elementor-element elementor-element-f0dd048 elementor-widget elementor-widget-heading\" data-id=\"f0dd048\" data-element_type=\"widget\" data-widget_type=\"heading.default\">\n\t\t\t\t<div class=\"elementor-widget-container\">\n\t\t\t\t\t<h1 class=\"elementor-heading-title elementor-size-default\">AVISO LEGAL:<\/h1>\t\t\t\t<\/div>\n\t\t\t\t<\/div>\n\t\t\t\t\t<\/div>\n\t\t<\/div>\n\t\t\t\t\t<\/div>\n\t\t<\/section>\n\t\t\t\t<section class=\"elementor-section elementor-top-section elementor-element elementor-element-edbd5ba elementor-section-boxed elementor-section-height-default elementor-section-height-default\" data-id=\"edbd5ba\" data-element_type=\"section\">\n\t\t\t\t\t\t<div class=\"elementor-container elementor-column-gap-default\">\n\t\t\t\t\t<div class=\"elementor-column elementor-col-100 elementor-top-column elementor-element elementor-element-e5fbefc\" data-id=\"e5fbefc\" data-element_type=\"column\">\n\t\t\t<div class=\"elementor-widget-wrap elementor-element-populated\">\n\t\t\t\t\t\t<div class=\"elementor-element elementor-element-ccb07d1 carga_prioritaria elementor-widget elementor-widget-text-editor\" data-id=\"ccb07d1\" data-element_type=\"widget\" data-widget_type=\"text-editor.default\">\n\t\t\t\t<div class=\"elementor-widget-container\">\n\t\t\t\t\t\t\t\t\t<p>Este site \u00e9 de propriedade da empresa Skeyon Lab S.L., com sede registrada em:<\/p>\n<p>Zamora 103-105 6\u00ba 3\u00aa<br>08018 Barcelona<br>CIF: B65911679<\/p>\n<p>Todos os conte\u00fados, incluindo textos, imagens, sons e qualquer outro material, s\u00e3o propriedade da EMPRESA Skeyon Lab S.L. ou de terceiros que tenham autorizado o uso dos mesmos \u00e0 Skeyon Lab S.L., que se reserva todos os direitos.<br>Todos os dados fornecidos pelos usu\u00e1rios deste site ser\u00e3o utilizados exclusivamente para os fins expressos em cada caso, e ser\u00e3o tratados de acordo com os princ\u00edpios de prote\u00e7\u00e3o de dados estabelecidos na Lei Org\u00e2nica 15\/1999, de 13 de dezembro, de Prote\u00e7\u00e3o de Dados Pessoais.<\/p>\n<p>Responsabilidades da Skeyon Lab S.L.<br>A Skeyon Lab S.L. n\u00e3o garante o acesso cont\u00ednuo aos elementos e informa\u00e7\u00f5es contidos em suas p\u00e1ginas web, nem sua correta visualiza\u00e7\u00e3o, download ou utilidade, que podem ser impedidos, dificultados ou interrompidos por fatores ou circunst\u00e2ncias fora do controle da Skeyon Lab S.L.<br>A Skeyon Lab S.L. n\u00e3o se responsabiliza por quaisquer danos causados por interfer\u00eancias, falhas telef\u00f4nicas ou desconex\u00f5es no sistema eletr\u00f4nico ou por qualquer outro fator ou circunst\u00e2ncia fora de seu controle.<br>A Skeyon Lab S.L. n\u00e3o garante que seu site e servidores estejam livres de v\u00edrus e malware de qualquer tipo, e n\u00e3o se responsabiliza por quaisquer danos causados pelo acesso ao seu site ou pela impossibilidade de acess\u00e1-lo.<br>A Skeyon Lab S.L. n\u00e3o \u00e9 respons\u00e1vel pelas informa\u00e7\u00f5es ou por outros conte\u00fados de terceiros vinculados ao site www.irisexperience.com. Da mesma forma, n\u00e3o se responsabiliza por qualquer informa\u00e7\u00e3o n\u00e3o contida neste site e, portanto, n\u00e3o produzida diretamente pela Skeyon Lab S.L. ou por qualquer um de seus membros autorizados. <\/p>\n<p>Responsabilidades dos usu\u00e1rios<br>N\u00e3o \u00e9 permitido usar o conte\u00fado deste site para fins comerciais ou publicit\u00e1rios.<br>N\u00e3o \u00e9 permitido reproduzir, distribuir, transmitir, adaptar ou modificar, com qualquer ferramenta ou por qualquer meio, o conte\u00fado ou o design deste site.<br>Os usu\u00e1rios deste site se comprometem a fornecer informa\u00e7\u00f5es verdadeiras e precisas sobre si mesmos quando solicitados.<\/p>\n<p>\u00c9 proibido, exceto nos casos em que a Skeyon Lab S.L. o autorize expressamente, apresentar as p\u00e1ginas web da empresa Skeyon Lab S.L. sob molduras, sinais distintivos, marcas ou outros nomes empresariais ou comerciais de outra pessoa, empresa ou entidade.<\/p>\n<p>Quaisquer poss\u00edveis disputas relacionadas a este site ser\u00e3o regidas exclusivamente pela lei do estado espanhol e da comunidade aut\u00f4noma da Catalunha, e os tribunais da cidade de Barcelona ter\u00e3o jurisdi\u00e7\u00e3o exclusiva. Os usu\u00e1rios concordam em cumprir e respeitar este ponto. <\/p>\n<p>A Skeyon Lab S.L. se reserva o direito de modificar os termos e condi\u00e7\u00f5es estabelecidos neste documento.<\/p>\n<p>Os links a seguir definem as condi\u00e7\u00f5es e os termos de uso que o usu\u00e1rio aceita ao utilizar nossos servi\u00e7os.<\/p>\n<p><a href=\"https:\/\/app.termly.io\/policy-viewer\/policy.html?policyUUID=25bf8619-72e9-4d0d-a31d-49e0ca726669\" target=\"_blank\" rel=\"nofollow noopener\">Pol\u00edtica de privacidade<\/a><\/p>\n<p><a href=\"https:\/\/app.termly.io\/policy-viewer\/policy.html?policyUUID=9ffd9273-3ccd-4b80-9918-74410eee752c\" target=\"_blank\" rel=\"nofollow noopener\">Pol\u00edtica de cookies<\/a><\/p>\n<p><a href=\"https:\/\/app.termly.io\/policy-viewer\/policy.html?policyUUID=24ef7868-6cdb-4f5b-9b5e-35b43f77653f\" target=\"_blank\" rel=\"nofollow noopener\">Termos e condi\u00e7\u00f5es<\/a><\/p>\n<p><a href=\"https:\/\/app.termly.io\/policy-viewer\/policy.html?policyUUID=62dd7766-2d1d-4153-9f03-91256a4ca32d\" target=\"_blank\" rel=\"nofollow noopener\">Isen\u00e7\u00e3o de responsabilidade<\/a><\/p><p><a href=\"https:\/\/app.termly.io\/policy-viewer\/policy.html?policyUUID=9d15b755-f080-45a5-954b-9e0adb6b8d55\" target=\"_blank\" rel=\"nofollow noopener\">Pol\u00edtica de uso aceit\u00e1vel do servi\u00e7o<\/a><\/p>\n<p><br><\/p>\n<p><br><\/p>\t\t\t\t\t\t\t\t<\/div>\n\t\t\t\t<\/div>\n\t\t\t\t\t<\/div>\n\t\t<\/div>\n\t\t\t\t\t<\/div>\n\t\t<\/section>\n\t\t\t\t<\/div>\n\t\t","protected":false},"excerpt":{"rendered":"<p>AVISO LEGAL: Este site \u00e9 de propriedade da empresa Skeyon Lab S.L., com sede registrada em: Zamora 103-105 6\u00ba 3\u00aa08018 BarcelonaCIF: B65911679 Todos os conte\u00fados, incluindo textos, imagens, sons e qualquer outro material, s\u00e3o propriedade da EMPRESA Skeyon Lab S.L. ou de terceiros que tenham autorizado o uso dos mesmos \u00e0 Skeyon Lab S.L., que &#8230; <a title=\"Termos de uso\" class=\"read-more\" href=\"https:\/\/www.verificaremails.com\/pt-br\/termos-de-uso\/\" aria-label=\"Read more about Termos de uso\">Ler mais<\/a><\/p>\n","protected":false},"author":1,"featured_media":0,"parent":0,"menu_order":0,"comment_status":"closed","ping_status":"closed","template":"elementor_header_footer","meta":{"_acf_changed":false,"footnotes":""},"class_list":["post-4874","page","type-page","status-publish"],"acf":[],"_links":{"self":[{"href":"https:\/\/www.verificaremails.com\/pt-br\/wp-json\/wp\/v2\/pages\/4874","targetHints":{"allow":["GET"]}}],"collection":[{"href":"https:\/\/www.verificaremails.com\/pt-br\/wp-json\/wp\/v2\/pages"}],"about":[{"href":"https:\/\/www.verificaremails.com\/pt-br\/wp-json\/wp\/v2\/types\/page"}],"author":[{"embeddable":true,"href":"https:\/\/www.verificaremails.com\/pt-br\/wp-json\/wp\/v2\/users\/1"}],"replies":[{"embeddable":true,"href":"https:\/\/www.verificaremails.com\/pt-br\/wp-json\/wp\/v2\/comments?post=4874"}],"version-history":[{"count":0,"href":"https:\/\/www.verificaremails.com\/pt-br\/wp-json\/wp\/v2\/pages\/4874\/revisions"}],"wp:attachment":[{"href":"https:\/\/www.verificaremails.com\/pt-br\/wp-json\/wp\/v2\/media?parent=4874"}],"curies":[{"name":"wp","href":"https:\/\/api.w.org\/{rel}","templated":true}]}}