{"id":4864,"date":"2018-10-15T09:59:31","date_gmt":"2018-10-15T08:59:31","guid":{"rendered":"https:\/\/www.verificaremails.com\/servico-de-verificacao-de-e-mail\/"},"modified":"2025-02-06T22:24:48","modified_gmt":"2025-02-06T21:24:48","slug":"servico-de-verificacao-de-e-mail","status":"publish","type":"page","link":"https:\/\/www.verificaremails.com\/pt-br\/servico-de-verificacao-de-e-mail\/","title":{"rendered":"Servi\u00e7o de verifica\u00e7\u00e3o de e-mail"},"content":{"rendered":"<p><span id=\"result_box\" class=\"\" lang=\"es\" tabindex=\"-1\"><span title=\"Conte\u00fado: um dos investimentos mais inteligentes que voc\u00ea poderia fazer para sua empresa estaria relacionado \u00e0 verifica\u00e7\u00e3o de e-mail.\">Um dos investimentos mais inteligentes que voc\u00ea poderia fazer para sua empresa seria a verifica\u00e7\u00e3o de e-mail. <\/span><span title=\"Especialmente se voc\u00ea j\u00e1 se viu em uma situa\u00e7\u00e3o em que faz previs\u00f5es com base em suas campanhas de marketing e os resultados de seus esfor\u00e7os n\u00e3o chegam nem perto do que voc\u00ea esperava, ent\u00e3o algo est\u00e1 definitivamente errado. \">Especialmente se voc\u00ea j\u00e1 se viu em uma situa\u00e7\u00e3o em que faz previs\u00f5es com base em suas campanhas de marketing e os resultados de seus esfor\u00e7os n\u00e3o chegam nem perto do que voc\u00ea esperava, ent\u00e3o algo est\u00e1 errado.<\/span><\/span><\/p>\n<p><span title=\"Muitos gerentes de empresas n\u00e3o se d\u00e3o conta da import\u00e2ncia real de seus bancos de dados de e-mail.\">Muitos gerentes de empresas n\u00e3o se d\u00e3o conta da import\u00e2ncia de seus bancos de dados de e-mail. <\/span><span title=\"A principal pergunta que voc\u00ea deve fazer a si mesmo \u00e9: quando foi a \u00faltima vez que voc\u00ea verificou seu banco de dados?\">A principal pergunta a se fazer \u00e9: quando foi a \u00faltima vez que voc\u00ea verificou seu banco de dados? <\/span><span title=\"Se a resposta for nunca ou se j\u00e1 se passaram mais de alguns meses para bancos de dados menores (mais de algumas semanas para bancos de dados grandes), ent\u00e3o \u00e9 hora de agir e optar por um servi\u00e7o que o ajudar\u00e1 a obter os melhores resultados poss\u00edveis.\">Se a resposta for nunca ou se j\u00e1 se passaram mais de alguns meses para bancos de dados menores (mais de algumas semanas para bancos de dados maiores), \u00e9 hora de agir e optar por um servi\u00e7o que o ajudar\u00e1 a obter os melhores resultados poss\u00edveis. <\/span><span title=\"com suas campanhas de marketing. \">Com suas campanhas de marketing.<\/span><\/p>\n<p><span title=\"Ao investir em um servi\u00e7o de verifica\u00e7\u00e3o de e-mail, voc\u00ea n\u00e3o precisa fazer nada al\u00e9m de carregar sua lista e esperar que nosso software fa\u00e7a tudo.\">Quando voc\u00ea investe no <a href=\"https:\/\/www.verificaremails.com\/pt-br\/\">servi\u00e7o de verifica\u00e7\u00e3o de e-mails<\/a>, n\u00e3o precisa fazer mais nada al\u00e9m de simplesmente carregar sua lista e esperar que nosso software fa\u00e7a tudo. <\/span><span title=\"Contamos com mais de duas d\u00fazias de testes eficientes diferentes que ajudar\u00e3o a eliminar todos os endere\u00e7os de e-mail que n\u00e3o deveriam estar em sua lista - endere\u00e7os que n\u00e3o s\u00e3o mais v\u00e1lidos, que podem arruinar sua reputa\u00e7\u00e3o e assim por diante. \">Contamos com mais de duas d\u00fazias de testes eficientes diferentes que ajudar\u00e3o a eliminar todos os endere\u00e7os de e-mail que n\u00e3o deveriam estar em sua lista, endere\u00e7os que n\u00e3o s\u00e3o mais v\u00e1lidos, que podem arruinar sua reputa\u00e7\u00e3o e assim por diante.<\/span><\/p>\n<p><span title=\"Ao final do processo de verifica\u00e7\u00e3o, voc\u00ea ter\u00e1 uma lista que poder\u00e1 usar em seus planos de marketing para alcan\u00e7ar o maior n\u00famero poss\u00edvel de clientes em potencial.\">Ao final do processo de verifica\u00e7\u00e3o, voc\u00ea ter\u00e1 uma lista que poder\u00e1 usar em seus planos de marketing para alcan\u00e7ar o maior n\u00famero poss\u00edvel de clientes em potencial. <\/span><span title=\"Garantimos que, durante a verifica\u00e7\u00e3o do banco de dados, nenhum e-mail real ser\u00e1 enviado aos seus contatos.\">Garantimos que, ao verificar o banco de dados, nenhum e-mail real ser\u00e1 enviado aos seus contatos. <\/span><span title=\"Ao mesmo tempo, voc\u00ea n\u00e3o precisar\u00e1 esperar mais de tr\u00eas horas para bancos de dados maiores.\">Ao mesmo tempo, voc\u00ea n\u00e3o ter\u00e1 que esperar mais de tr\u00eas horas para bancos de dados maiores. <\/span><span title=\"Se preferir um pacote personalizado, n\u00e3o hesite em entrar em contato conosco.\">Se preferir um pacote personalizado, n\u00e3o hesite em entrar em contato conosco. <\/span><span title=\"Teremos o maior prazer em lhe oferecer o tipo exato de alternativa que voc\u00ea est\u00e1 procurando no momento!\">Teremos o maior prazer em lhe oferecer o tipo exato de alternativa que voc\u00ea est\u00e1 procurando no momento!<\/span><\/p>\n","protected":false},"excerpt":{"rendered":"<p>Um dos investimentos mais inteligentes que voc\u00ea poderia fazer para sua empresa seria a verifica\u00e7\u00e3o de e-mail. Especialmente se voc\u00ea j\u00e1 se viu em uma situa\u00e7\u00e3o em que faz previs\u00f5es com base em suas campanhas de marketing e os resultados de seus esfor\u00e7os n\u00e3o chegam nem perto do que voc\u00ea esperava, ent\u00e3o algo est\u00e1 errado. &#8230; <a title=\"Servi\u00e7o de verifica\u00e7\u00e3o de e-mail\" class=\"read-more\" href=\"https:\/\/www.verificaremails.com\/pt-br\/servico-de-verificacao-de-e-mail\/\" aria-label=\"Read more about Servi\u00e7o de verifica\u00e7\u00e3o de e-mail\">Ler mais<\/a><\/p>\n","protected":false},"author":1,"featured_media":0,"parent":0,"menu_order":0,"comment_status":"closed","ping_status":"closed","template":"","meta":{"_acf_changed":false,"footnotes":""},"class_list":["post-4864","page","type-page","status-publish"],"acf":[],"_links":{"self":[{"href":"https:\/\/www.verificaremails.com\/pt-br\/wp-json\/wp\/v2\/pages\/4864","targetHints":{"allow":["GET"]}}],"collection":[{"href":"https:\/\/www.verificaremails.com\/pt-br\/wp-json\/wp\/v2\/pages"}],"about":[{"href":"https:\/\/www.verificaremails.com\/pt-br\/wp-json\/wp\/v2\/types\/page"}],"author":[{"embeddable":true,"href":"https:\/\/www.verificaremails.com\/pt-br\/wp-json\/wp\/v2\/users\/1"}],"replies":[{"embeddable":true,"href":"https:\/\/www.verificaremails.com\/pt-br\/wp-json\/wp\/v2\/comments?post=4864"}],"version-history":[{"count":0,"href":"https:\/\/www.verificaremails.com\/pt-br\/wp-json\/wp\/v2\/pages\/4864\/revisions"}],"wp:attachment":[{"href":"https:\/\/www.verificaremails.com\/pt-br\/wp-json\/wp\/v2\/media?parent=4864"}],"curies":[{"name":"wp","href":"https:\/\/api.w.org\/{rel}","templated":true}]}}