{"id":4862,"date":"2023-12-01T19:07:12","date_gmt":"2023-12-01T18:07:12","guid":{"rendered":"https:\/\/www.verificaremails.com\/servicos-de-verificacao-de-resumo\/"},"modified":"2024-11-19T11:45:30","modified_gmt":"2024-11-19T10:45:30","slug":"servicos-de-verificacao-de-resumo","status":"publish","type":"page","link":"https:\/\/www.verificaremails.com\/pt-br\/servicos-de-verificacao-de-resumo\/","title":{"rendered":"Servi\u00e7os de verifica\u00e7\u00e3o de resumo"},"content":{"rendered":"\t\t<div data-elementor-type=\"wp-page\" data-elementor-id=\"4862\" class=\"elementor elementor-4862 elementor-4758\" data-elementor-post-type=\"page\">\n\t\t\t\t<div class=\"elementor-element elementor-element-cef6a47 e-con-full e-flex e-con e-parent\" data-id=\"cef6a47\" data-element_type=\"container\">\n\t\t\t\t<div class=\"elementor-element elementor-element-c92d4e3 elementor-widget elementor-widget-video\" data-id=\"c92d4e3\" data-element_type=\"widget\" data-settings=\"{&quot;video_type&quot;:&quot;vimeo&quot;}\" data-widget_type=\"video.default\">\n\t\t\t\t<div class=\"elementor-widget-container\">\n\t\t\t\t\t\t\t<div class=\"elementor-wrapper elementor-open-inline\">\n\t\t\t<iframe class=\"elementor-video-iframe\" allowfullscreen allow=\"clipboard-write\" title=\"Reprodutor de v\u00eddeo vimeo\" src=\"https:\/\/player.vimeo.com\/video\/893819356?color&amp;autopause=0&amp;loop=0&amp;muted=0&amp;title=1&amp;portrait=1&amp;byline=1#t=\"><\/iframe>\t\t<\/div>\n\t\t\t\t\t\t<\/div>\n\t\t\t\t<\/div>\n\t\t\t\t<\/div>\n\t\t\t\t<\/div>\n\t\t","protected":false},"excerpt":{"rendered":"","protected":false},"author":1,"featured_media":0,"parent":0,"menu_order":0,"comment_status":"closed","ping_status":"closed","template":"elementor_header_footer","meta":{"_acf_changed":false,"footnotes":""},"class_list":["post-4862","page","type-page","status-publish"],"acf":[],"_links":{"self":[{"href":"https:\/\/www.verificaremails.com\/pt-br\/wp-json\/wp\/v2\/pages\/4862","targetHints":{"allow":["GET"]}}],"collection":[{"href":"https:\/\/www.verificaremails.com\/pt-br\/wp-json\/wp\/v2\/pages"}],"about":[{"href":"https:\/\/www.verificaremails.com\/pt-br\/wp-json\/wp\/v2\/types\/page"}],"author":[{"embeddable":true,"href":"https:\/\/www.verificaremails.com\/pt-br\/wp-json\/wp\/v2\/users\/1"}],"replies":[{"embeddable":true,"href":"https:\/\/www.verificaremails.com\/pt-br\/wp-json\/wp\/v2\/comments?post=4862"}],"version-history":[{"count":0,"href":"https:\/\/www.verificaremails.com\/pt-br\/wp-json\/wp\/v2\/pages\/4862\/revisions"}],"wp:attachment":[{"href":"https:\/\/www.verificaremails.com\/pt-br\/wp-json\/wp\/v2\/media?parent=4862"}],"curies":[{"name":"wp","href":"https:\/\/api.w.org\/{rel}","templated":true}]}}