{"id":4850,"date":"2023-12-11T19:55:12","date_gmt":"2023-12-11T18:55:12","guid":{"rendered":"https:\/\/www.verificaremails.com\/perguntas-frequentes-servicos-de-verificacao\/"},"modified":"2024-05-15T14:17:56","modified_gmt":"2024-05-15T13:17:56","slug":"perguntas-frequentes-servicos-de-verificacao","status":"publish","type":"page","link":"https:\/\/www.verificaremails.com\/pt-br\/perguntas-frequentes-servicos-de-verificacao\/","title":{"rendered":"Perguntas frequentes &#8211; Servi\u00e7os de verifica\u00e7\u00e3o"},"content":{"rendered":"\t\t<div data-elementor-type=\"wp-page\" data-elementor-id=\"4850\" class=\"elementor elementor-4850 elementor-4602\" data-elementor-post-type=\"page\">\n\t\t\t\t<div class=\"elementor-element elementor-element-5f0f8fa8 e-flex e-con-boxed e-con e-parent\" data-id=\"5f0f8fa8\" data-element_type=\"container\">\n\t\t\t\t\t<div class=\"e-con-inner\">\n\t\t\t\t<div class=\"elementor-element elementor-element-150c4cfc elementor-widget elementor-widget-text-editor\" data-id=\"150c4cfc\" data-element_type=\"widget\" data-widget_type=\"text-editor.default\">\n\t\t\t\t<div class=\"elementor-widget-container\">\n\t\t\t\t\t\t\t\t\t<span class=\"mkb-shortcode-container\"><div class=\"kb-header mkb-uuid-69fb4f7c87dea\" style=\"background-color: #ffffff;padding-top: 2em;padding-bottom: 1em;\"><style>.mkb-uuid-69fb4f7c87dea .kb-search .kb-search__result-topic-name { background: #4a90e2; }.mkb-uuid-69fb4f7c87dea .kb-search .kb-search__result-topic-name { color: #ffffff; }<\/style>\t\t\t\n\t\t\t\n\t\t\t<div class=\"kb-search\">\n\n\t\t\t\t\n\t\t\t\t\t\t\t\t<div class=\"kb-search__title\" style=\"font-size: 3em;color: #333333;\">\n\t\t\t\t\tMecanismo de busca\t\t\t\t<\/div>\n\t\t\t\t\t\t\t\t<form class=\"kb-search__form\" action=\"https:\/\/www.verificaremails.com\/pt-br\/\" method=\"get\" autocomplete=\"off\" novalidate>\n\n\t\t\t\t\t\n\t\t\t\t\t<div class=\"kb-search__input-wrap mkb-search-theme__clean\"\n\t\t\t\t\t     style=\"border-color: #ffffff;background-color: #ffffff;width: 38em;\">\n\t\t\t\t\t\t<input type=\"hidden\" name=\"source\" value=\"kb\" \/>\n\t\t\t\t\t\t\t\t\t\t\t\t\t<input type=\"hidden\" name=\"lang\" value=\"pt-br\" \/>\n\t\t\t\t\t\t\t\t\t\t\t\t\t\t\t\t\t\t\t\t\t\t\t\t<input class=\"kb-search__input\"\n\t\t\t\t\t\t       name=\"s\"\n\t\t\t\t\t\t       placeholder=\"ex: Instala\u00e7\u00e3o\"\n\t\t\t\t\t\t       type=\"text\"\n\t\t\t\t\t\t       data-show-results-topic=\"1\"\n\t\t\t\t\t\t       data-topic-label=\"Topic\"\n\t\t\t\t\t\t       data-custom-topic-colors=\"\"\n\t\t\t\t\t\t       data-autofocus=\"0\"\n\t\t\t\t\t\t\t\/>\n\t\t\t\t\t\t<span class=\"kb-search__results-summary\">\n\t\t\t\t\t\t\t<i class=\"kb-search-request-indicator fa fa-circle-o-notch fa-spin fa-fw\"><\/i>\n\t\t\t\t\t\t\t<span class=\"kb-summary-text-holder\"><\/span>\n\t\t\t\t\t\t<\/span>\n\t\t\t\t\t\t\t\t\t\t\t\t\t<span class=\"kb-search__icon-holder\">\n\t\t\t\t\t\t\t\t<i class=\"kb-search__icon fa fa-search\"><\/i>\n\t\t\t\t\t\t\t<\/span>\n\t\t\t\t\t\t\t\t\t\t\t\t<a href=\"#\" class=\"kb-search__clear\" title=\"Clear search\">\n\t\t\t\t\t\t\t<i class=\"kb-search__clear-icon fa fa-times-circle\"><\/i>\n\t\t\t\t\t\t<\/a>\n\n\t\t\t\t\t\t<div class=\"kb-search__results kb-search__results--with-topics\"><\/div>\n\t\t\t\t\t<\/div>\n\n\t\t\t\t\t\n\t\t\t\t\t\n\t\t\t\t\t\t<div class=\"kb-search__tip\" style=\"color: #888888\">\n\t\t\t\t\t\t\tTip: Use arrows to navigate results, ESC to focus search input\t\t\t\t\t\t<\/div>\n\n\t\t\t\t\t\t\n\t\t\t\t\t\t\t\t\t<\/form>\n\n\t\t\t\t\n\t\t\t<\/div>\n\n\t\t\n\t\t<\/div>\n\t\t<\/span>\n\n&nbsp;\n\n<span class=\"mkb-shortcode-container\">\t\t\t<div class=\"mkb-section-title\" style=\"color:#333333;font-size:2em;\">\n\t\t\t\tT\u00f3picos populares\t\t\t<\/div>\n\t\t<div class=\"mkb-home-topics mkb-columns mkb-columns-3\"><div class=\"mkb-row\">\t\t<div class=\"kb-topic topic-id-1050\">\n\t\t\t<div class=\"kb-topic__inner\">\n\t\t\t\t<h3 class=\"kb-topic__title\" style=\"color: #4a90e2;\">\n\t\t\t\t\t\t\t\t\t\t\t<a class=\"kb-topic__title-link\" href=\"https:\/\/www.verificaremails.com\/kbtopic\/apiservicios\/\" style=\"color: #4a90e2;\">\n\t\t\t\t\t\t\t\t\t\t\t\t\t\t\t\t\t\t<span class=\"kb-topic__title-icon\">\n\t\t\t\t\t\t\t\t<i class=\"kb-topic__list-icon fa fa-list-alt\"><\/i>\n\t\t\t\t\t\t\t<\/span>\n\t\t\t\t\t\t\n\t\t\t\t\t\tAPI Servicios\n\t\t\t\t\t\t\t\t\t\t\t\t\t<span class=\"kb-topic__count\" style=\"background: #4a90e2; color: #ffffff;\">\n\t\t\t\t\t\t\t\t2 articles\t\t\t\t\t\t\t<\/span>\n\t\t\t\t\t\t\t\t\t\t\t\t\t\t\t<\/a>\n\t\t\t\t\t\t\t\t<\/h3>\n\n\t\t\t\t\n                \n                    <div class=\"kb-topic__articles  kb-topic__articles--with-icons\">\n                        <ul>\n                                                                <li>\n                                        <a href=\"https:\/\/www.verificaremails.com\/pt-br\/kb\/usando-o-zapier-para-validacao-de-e-mail\/\">\n                                                                                            <i class=\"kb-topic__list-article-icon fa fa-book\"><\/i>\n                                                                                        <span class=\"kb-topic__list-article-title\">Usando o Zapier para valida\u00e7\u00e3o de e-mail<\/span>\n                                                                                                                                <\/a>\n                                    <\/li>\n                                                                    <li>\n                                        <a href=\"https:\/\/www.verificaremails.com\/pt-br\/kb\/usando-o-postman-para-a-api-verificaremails\/\">\n                                                                                            <i class=\"kb-topic__list-article-icon fa fa-book\"><\/i>\n                                                                                        <span class=\"kb-topic__list-article-title\">Usando o Postman para a API Verificaremails<\/span>\n                                                                                                                                <\/a>\n                                    <\/li>\n                                                        <\/ul>\n\n                                            <\/div>\n                \t\t\t<\/div>\n\t\t<\/div>\n\t\t\t<div class=\"kb-topic topic-id-1051\">\n\t\t\t<div class=\"kb-topic__inner\">\n\t\t\t\t<h3 class=\"kb-topic__title\" style=\"color: #4a90e2;\">\n\t\t\t\t\t\t\t\t\t\t\t<a class=\"kb-topic__title-link\" href=\"https:\/\/www.verificaremails.com\/kbtopic\/preciosserviciosverificacion\/\" style=\"color: #4a90e2;\">\n\t\t\t\t\t\t\t\t\t\t\t\t\t\t\t\t\t\t<span class=\"kb-topic__title-icon\">\n\t\t\t\t\t\t\t\t<i class=\"kb-topic__list-icon fa fa-list-alt\"><\/i>\n\t\t\t\t\t\t\t<\/span>\n\t\t\t\t\t\t\n\t\t\t\t\t\tPrecios Servicios\n\t\t\t\t\t\t\t\t\t\t\t\t\t<span class=\"kb-topic__count\" style=\"background: #4a90e2; color: #ffffff;\">\n\t\t\t\t\t\t\t\t1 article\t\t\t\t\t\t\t<\/span>\n\t\t\t\t\t\t\t\t\t\t\t\t\t\t\t<\/a>\n\t\t\t\t\t\t\t\t<\/h3>\n\n\t\t\t\t\n                \n                    <div class=\"kb-topic__articles  kb-topic__articles--with-icons\">\n                        <ul>\n                                                                <li>\n                                        <a href=\"https:\/\/www.verificaremails.com\/pt-br\/kb\/modelo-de-precificacao\/\">\n                                                                                            <i class=\"kb-topic__list-article-icon fa fa-book\"><\/i>\n                                                                                        <span class=\"kb-topic__list-article-title\">Modelo de precifica\u00e7\u00e3o<\/span>\n                                                                                                                                <\/a>\n                                    <\/li>\n                                                        <\/ul>\n\n                                            <\/div>\n                \t\t\t<\/div>\n\t\t<\/div>\n\t\t\t<div class=\"kb-topic topic-id-1046\">\n\t\t\t<div class=\"kb-topic__inner\">\n\t\t\t\t<h3 class=\"kb-topic__title\" style=\"color: #4a90e2;\">\n\t\t\t\t\t\t\t\t\t\t\t<a class=\"kb-topic__title-link\" href=\"https:\/\/www.verificaremails.com\/kbtopic\/primerospasos\/\" style=\"color: #4a90e2;\">\n\t\t\t\t\t\t\t\t\t\t\t\t\t\t\t\t\t\t<span class=\"kb-topic__title-icon\">\n\t\t\t\t\t\t\t\t<i class=\"kb-topic__list-icon fa fa-list-alt\"><\/i>\n\t\t\t\t\t\t\t<\/span>\n\t\t\t\t\t\t\n\t\t\t\t\t\tPrimeros Pasos\n\t\t\t\t\t\t\t\t\t\t\t\t\t<span class=\"kb-topic__count\" style=\"background: #4a90e2; color: #ffffff;\">\n\t\t\t\t\t\t\t\t4 articles\t\t\t\t\t\t\t<\/span>\n\t\t\t\t\t\t\t\t\t\t\t\t\t\t\t<\/a>\n\t\t\t\t\t\t\t\t<\/h3>\n\n\t\t\t\t\n                \n                    <div class=\"kb-topic__articles  kb-topic__articles--with-icons\">\n                        <ul>\n                                                                <li>\n                                        <a href=\"https:\/\/www.verificaremails.com\/pt-br\/kb\/como-comecar-a-verificar-enderecos-postais\/\">\n                                                                                            <i class=\"kb-topic__list-article-icon fa fa-book\"><\/i>\n                                                                                        <span class=\"kb-topic__list-article-title\">Como come\u00e7ar a verificar endere\u00e7os postais<\/span>\n                                                                                                                                <\/a>\n                                    <\/li>\n                                                                    <li>\n                                        <a href=\"https:\/\/www.verificaremails.com\/pt-br\/kb\/interpretacao-dos-resultados-da-verificacao-de-um-numero-de-telefone\/\">\n                                                                                            <i class=\"kb-topic__list-article-icon fa fa-book\"><\/i>\n                                                                                        <span class=\"kb-topic__list-article-title\">Interpreta\u00e7\u00e3o dos resultados da verifica\u00e7\u00e3o de um n\u00famero de telefone<\/span>\n                                                                                                                                <\/a>\n                                    <\/li>\n                                                                    <li>\n                                        <a href=\"https:\/\/www.verificaremails.com\/pt-br\/kb\/servicos-de-verificacao-de-e-mail-por-video\/\">\n                                                                                            <i class=\"kb-topic__list-article-icon fa fa-book\"><\/i>\n                                                                                        <span class=\"kb-topic__list-article-title\">Servi\u00e7os de verifica\u00e7\u00e3o de e-mail por v\u00eddeo<\/span>\n                                                                                                                                <\/a>\n                                    <\/li>\n                                                                    <li>\n                                        <a href=\"https:\/\/www.verificaremails.com\/pt-br\/kb\/como-converter-dados-json-em-colunas-do-excel\/\">\n                                                                                            <i class=\"kb-topic__list-article-icon fa fa-book\"><\/i>\n                                                                                        <span class=\"kb-topic__list-article-title\">Como converter dados JSON em colunas do Excel<\/span>\n                                                                                                                                <\/a>\n                                    <\/li>\n                                                        <\/ul>\n\n                                            <\/div>\n                \t\t\t<\/div>\n\t\t<\/div>\n\t<\/div >\t\t<\/div>\n\t\t<\/span>\t\t\t\t\t\t\t\t<\/div>\n\t\t\t\t<\/div>\n\t\t\t\t\t<\/div>\n\t\t\t\t<\/div>\n\t\t<div class=\"elementor-element elementor-element-69963b2 e-flex e-con-boxed e-con e-parent\" data-id=\"69963b2\" data-element_type=\"container\">\n\t\t\t\t\t<div class=\"e-con-inner\">\n\t\t\t\t<div class=\"elementor-element elementor-element-edfbb7f elementor-widget-divider--view-line elementor-widget elementor-widget-divider\" data-id=\"edfbb7f\" data-element_type=\"widget\" data-widget_type=\"divider.default\">\n\t\t\t\t<div class=\"elementor-widget-container\">\n\t\t\t\t\t\t\t<div class=\"elementor-divider\">\n\t\t\t<span class=\"elementor-divider-separator\">\n\t\t\t\t\t\t<\/span>\n\t\t<\/div>\n\t\t\t\t\t\t<\/div>\n\t\t\t\t<\/div>\n\t\t\t\t\t<\/div>\n\t\t\t\t<\/div>\n\t\t\t\t<\/div>\n\t\t","protected":false},"excerpt":{"rendered":"<p>&nbsp;<\/p>\n","protected":false},"author":1,"featured_media":0,"parent":0,"menu_order":0,"comment_status":"closed","ping_status":"closed","template":"minervakb-page-template","meta":{"_acf_changed":false,"footnotes":""},"class_list":["post-4850","page","type-page","status-publish","hentry"],"acf":[],"_links":{"self":[{"href":"https:\/\/www.verificaremails.com\/pt-br\/wp-json\/wp\/v2\/pages\/4850","targetHints":{"allow":["GET"]}}],"collection":[{"href":"https:\/\/www.verificaremails.com\/pt-br\/wp-json\/wp\/v2\/pages"}],"about":[{"href":"https:\/\/www.verificaremails.com\/pt-br\/wp-json\/wp\/v2\/types\/page"}],"author":[{"embeddable":true,"href":"https:\/\/www.verificaremails.com\/pt-br\/wp-json\/wp\/v2\/users\/1"}],"replies":[{"embeddable":true,"href":"https:\/\/www.verificaremails.com\/pt-br\/wp-json\/wp\/v2\/comments?post=4850"}],"version-history":[{"count":0,"href":"https:\/\/www.verificaremails.com\/pt-br\/wp-json\/wp\/v2\/pages\/4850\/revisions"}],"wp:attachment":[{"href":"https:\/\/www.verificaremails.com\/pt-br\/wp-json\/wp\/v2\/media?parent=4850"}],"curies":[{"name":"wp","href":"https:\/\/api.w.org\/{rel}","templated":true}]}}