{"id":4844,"date":"2018-10-15T10:04:44","date_gmt":"2018-10-15T09:04:44","guid":{"rendered":"https:\/\/www.verificaremails.com\/como-funciona-a-verificacao-de-e-mail\/"},"modified":"2025-08-04T20:53:02","modified_gmt":"2025-08-04T19:53:02","slug":"como-funciona-a-verificacao-de-e-mail","status":"publish","type":"page","link":"https:\/\/www.verificaremails.com\/pt-br\/validar-recursos-do-servico-de-e-mail\/como-funciona-a-verificacao-de-e-mail\/","title":{"rendered":"Como funciona a verifica\u00e7\u00e3o de e-mail"},"content":{"rendered":"\t\t<div data-elementor-type=\"wp-page\" data-elementor-id=\"4844\" class=\"elementor elementor-4844 elementor-1073\" data-elementor-post-type=\"page\">\n\t\t\t\t<div class=\"elementor-element elementor-element-bc0fcbe e-flex e-con-boxed e-con e-parent\" data-id=\"bc0fcbe\" data-element_type=\"container\">\n\t\t\t\t\t<div class=\"e-con-inner\">\n\t\t\t\t<div class=\"elementor-element elementor-element-65e2a377 elementor-widget__width-initial elementor-widget elementor-widget-heading\" data-id=\"65e2a377\" data-element_type=\"widget\" data-widget_type=\"heading.default\">\n\t\t\t\t<div class=\"elementor-widget-container\">\n\t\t\t\t\t<h2 class=\"elementor-heading-title elementor-size-default\">Como funciona a verifica\u00e7\u00e3o de e-mail<\/h2>\t\t\t\t<\/div>\n\t\t\t\t<\/div>\n\t\t\t\t<div class=\"elementor-element elementor-element-6893d863 elementor-widget elementor-widget-text-editor\" data-id=\"6893d863\" data-element_type=\"widget\" data-widget_type=\"text-editor.default\">\n\t\t\t\t<div class=\"elementor-widget-container\">\n\t\t\t\t\t\t\t\t\t<h2 dir=\"ltr\"><span style=\"color: var( --e-global-color-text ); font-family: var( --e-global-typography-text-font-family ), Sans-serif; font-weight: var( --e-global-typography-text-font-weight ); text-align: var(--text-align); font-size: 17px;\">A verifica\u00e7\u00e3o de e-mail \u00e9 um processo essencial para garantir que os endere\u00e7os de e-mail da sua lista de contatos sejam v\u00e1lidos e ativos. Esse processo ajuda a reduzir as taxas de rejei\u00e7\u00e3o e aumenta a efic\u00e1cia das campanhas de e-mail. Como isso funciona e as etapas envolvidas s\u00e3o explicadas abaixo.<\/span><\/h2>\n<h3 dir=\"ltr\">Como funciona o Verify Email Addresses?<\/h3>\n<p class=\"editor_editorParagraph__isQNM\" dir=\"ltr\"><a href=\"https:\/\/www.verificaremails.com\/pt-br\/\">A verifica\u00e7\u00e3o de endere\u00e7o de e-mail<\/a> \u00e9 um processo que envolve v\u00e1rias etapas para garantir que os endere\u00e7os de e-mail da sua lista sejam v\u00e1lidos e possam receber e-mails. As principais etapas est\u00e3o descritas abaixo:<\/p>\n<ol class=\"editor_editorListOl__nODeB\">\n<li class=\"editor_editorListItem__O5oI5\" value=\"1\"><b><br \/>\n  <strong class=\"editor_editorTextBold__UTGUL\">Sintaxe e formata\u00e7\u00e3o<\/strong><br \/>\n<\/b>Primeiro, verifique se o endere\u00e7o de e-mail est\u00e1 formatado corretamente. <code><span class=\"editor_editorTextCode__czEqk\">nombre@dominio.com<\/span><\/code>Isso inclui verificar se n\u00e3o h\u00e1 erros tipogr\u00e1ficos e se a estrutura est\u00e1 correta (por exemplo, ).<\/li>\n<li class=\"editor_editorListItem__O5oI5\" value=\"2\"><b><br \/>\n  <strong class=\"editor_editorTextBold__UTGUL\">Verifica\u00e7\u00e3o de dom\u00ednio<\/strong><br \/>\n<\/b>Verifica se o dom\u00ednio de e-mail existe e est\u00e1 ativo. Isso pode ser feito por meio de uma consulta <a href=\"https:\/\/es.wikipedia.org\/wiki\/Sistema_de_nombres_de_dominio\" target=\"_blank\" rel=\"nofollow noopener\">ao DNS<\/a> para verificar se o dom\u00ednio tem registros MX (Mail Exchange) v\u00e1lidos, indicando que ele pode receber e-mails.<\/li>\n<li class=\"editor_editorListItem__O5oI5\" value=\"3\"><b><br \/>\n  <strong class=\"editor_editorTextBold__UTGUL\">Consulta ao servidor de e-mail<\/strong><br \/>\n<\/b>Consulta ao servidor de e-mail: \u00c9 estabelecida uma conex\u00e3o com o servidor de e-mail do dom\u00ednio para verificar se o endere\u00e7o de e-mail \u00e9 v\u00e1lido e est\u00e1 ativo. Isso \u00e9 feito sem enviar um e-mail real, usando comandos <a href=\"https:\/\/es.wikipedia.org\/wiki\/Protocolo_para_transferencia_simple_de_correo\" target=\"_blank\" rel=\"nofollow noopener\">do protocolo SMTP<\/a> para simular o envio.<\/li>\n<li class=\"editor_editorListItem__O5oI5\" value=\"4\"><b><br \/>\n  <strong class=\"editor_editorTextBold__UTGUL\">Verifica\u00e7\u00e3o da caixa de entrada<\/strong><br \/>\n<\/b>Algumas ferramentas avan\u00e7adas podem verificar se a caixa de entrada do endere\u00e7o de e-mail est\u00e1 ativa e pode receber e-mails, embora essa etapa possa ser mais invasiva e nem sempre seja usada.<\/li>\n<li class=\"editor_editorListItem__O5oI5\" value=\"5\"><b><br \/>\n  <strong class=\"editor_editorTextBold__UTGUL\">Verifica\u00e7\u00e3o em bancos de dados<\/strong><br \/>\n<\/b>Voc\u00ea pode verificar o endere\u00e7o de e-mail em bancos de dados de e-mails conhecidos como falsos, tempor\u00e1rios ou perigosos.<\/li>\n<\/ol>\n<p><img fetchpriority=\"high\"  decoding=\"async\" class=\"size-full wp-image-2363 aligncenter\" src=\"https:\/\/www.verificaremails.com\/wp-content\/uploads\/2023\/05\/servicio_validacion_emails-2.png\" alt=\"servi\u00e7o de verifica\u00e7\u00e3o de e-mail\" width=\"1598\" height=\"1080\"><\/p>\n<h3 dir=\"ltr\">Ferramentas de verifica\u00e7\u00e3o de e-mail<\/h3>\n<p class=\"editor_editorParagraph__isQNM\" dir=\"ltr\">H\u00e1 v\u00e1rias ferramentas e servi\u00e7os on-line que facilitam a verifica\u00e7\u00e3o de endere\u00e7os de e-mail. Essas ferramentas podem executar as etapas descritas acima automaticamente e em massa, o que \u00e9 especialmente \u00fatil para grandes listas de mala direta. Alguns dos recursos que eles podem oferecer incluem:<\/p>\n<ul class=\"editor_editorListUl__Z78So\">\n<li class=\"editor_editorListItem__O5oI5\" value=\"1\"><b><br \/>\n  <strong class=\"editor_editorTextBold__UTGUL\">Verifica\u00e7\u00e3o em tempo real<\/strong><br \/>\n<\/b>Ideal para formul\u00e1rios de registro em que voc\u00ea deseja validar o endere\u00e7o de e-mail \u00e0 medida que o usu\u00e1rio o insere.<\/li>\n<li class=\"editor_editorListItem__O5oI5\" value=\"2\"><b><br \/>\n  <strong class=\"editor_editorTextBold__UTGUL\">Verifica\u00e7\u00e3o em massa<\/strong><br \/>\n<\/b>Permite que voc\u00ea carregue grandes listas de e-mails e verifique todos os endere\u00e7os de uma s\u00f3 vez.<\/li>\n<li class=\"editor_editorListItem__O5oI5\" value=\"3\"><b><br \/>\n  <strong class=\"editor_editorTextBold__UTGUL\">Relat\u00f3rios e estat\u00edsticas<\/strong><br \/>\n<\/b>Relat\u00f3rios e estat\u00edsticas: fornecem detalhes sobre a validade dos endere\u00e7os e poss\u00edveis problemas detectados.<\/li>\n<\/ul>\n<h3 dir=\"ltr\">Benef\u00edcios da verifica\u00e7\u00e3o de e-mail<\/h3>\n<ul class=\"editor_editorListUl__Z78So\">\n<li class=\"editor_editorListItem__O5oI5\" value=\"1\"><b><br \/>\n  <strong class=\"editor_editorTextBold__UTGUL\">Redu\u00e7\u00e3o da taxa de rejei\u00e7\u00e3o<\/strong><br \/>\n<\/b>Ao enviar e-mails somente para endere\u00e7os v\u00e1lidos, voc\u00ea reduz o n\u00famero de e-mails devolvidos.<\/li>\n<li class=\"editor_editorListItem__O5oI5\" value=\"2\"><b><br \/>\n  <strong class=\"editor_editorTextBold__UTGUL\">Maior capacidade de entrega<\/strong><br \/>\n<\/b>As campanhas de e-mail s\u00e3o mais eficazes quando enviadas para endere\u00e7os v\u00e1lidos.<\/li>\n<li class=\"editor_editorListItem__O5oI5\" value=\"3\"><b><br \/>\n  <strong class=\"editor_editorTextBold__UTGUL\">Prote\u00e7\u00e3o da reputa\u00e7\u00e3o do remetente<\/strong><br \/>\n<\/b>A manuten\u00e7\u00e3o de uma lista de e-mails limpa ajuda a proteger a reputa\u00e7\u00e3o do dom\u00ednio do remetente e a evitar que voc\u00ea seja marcado como spam.<\/li>\n<\/ul>\n<h3 dir=\"ltr\">Conclus\u00e3o<\/h3>\n<p class=\"editor_editorParagraph__isQNM\" dir=\"ltr\">A verifica\u00e7\u00e3o do endere\u00e7o de e-mail \u00e9 um processo crucial para qualquer estrat\u00e9gia eficaz de marketing por e-mail. O uso de ferramentas de verifica\u00e7\u00e3o de e-mail ajuda a garantir que os e-mails enviados cheguem \u00e0s caixas de entrada v\u00e1lidas, melhorando assim as taxas de entregabilidade e a efic\u00e1cia da campanha. Ao entender e usar esse processo, voc\u00ea pode manter sua lista de e-mails limpa e otimizar seus esfor\u00e7os de marketing digital.<\/p>\n<p dir=\"ltr\">Para ver em detalhes o procedimento de valida\u00e7\u00e3o, visite a se\u00e7\u00e3o <a href=\"https:\/\/www.verificaremails.com\/pt-br\/validar-recursos-do-servico-de-e-mail\/como-verificar-e-mails\/\">como verificar e-mails<\/a>. Voc\u00ea poder\u00e1 ver casos concretos e a tabela com todos os resultados da valida\u00e7\u00e3o.<\/p>\n\t\t\t\t\t\t\t\t<\/div>\n\t\t\t\t<\/div>\n\t\t\t\t\t<\/div>\n\t\t\t\t<\/div>\n\t\t\t\t<\/div>\n\t\t","protected":false},"excerpt":{"rendered":"<p>Como funciona a verifica\u00e7\u00e3o de e-mail A verifica\u00e7\u00e3o de e-mail \u00e9 um processo essencial para garantir que os endere\u00e7os de e-mail da sua lista de contatos sejam v\u00e1lidos e ativos. Esse processo ajuda a reduzir as taxas de rejei\u00e7\u00e3o e aumenta a efic\u00e1cia das campanhas de e-mail. Como isso funciona e as etapas envolvidas s\u00e3o &#8230; <a title=\"Como funciona a verifica\u00e7\u00e3o de e-mail\" class=\"read-more\" href=\"https:\/\/www.verificaremails.com\/pt-br\/validar-recursos-do-servico-de-e-mail\/como-funciona-a-verificacao-de-e-mail\/\" aria-label=\"Read more about Como funciona a verifica\u00e7\u00e3o de e-mail\">Ler mais<\/a><\/p>\n","protected":false},"author":1,"featured_media":0,"parent":4816,"menu_order":0,"comment_status":"closed","ping_status":"closed","template":"elementor_header_footer","meta":{"_acf_changed":false,"footnotes":""},"class_list":["post-4844","page","type-page","status-publish"],"acf":[],"_links":{"self":[{"href":"https:\/\/www.verificaremails.com\/pt-br\/wp-json\/wp\/v2\/pages\/4844","targetHints":{"allow":["GET"]}}],"collection":[{"href":"https:\/\/www.verificaremails.com\/pt-br\/wp-json\/wp\/v2\/pages"}],"about":[{"href":"https:\/\/www.verificaremails.com\/pt-br\/wp-json\/wp\/v2\/types\/page"}],"author":[{"embeddable":true,"href":"https:\/\/www.verificaremails.com\/pt-br\/wp-json\/wp\/v2\/users\/1"}],"replies":[{"embeddable":true,"href":"https:\/\/www.verificaremails.com\/pt-br\/wp-json\/wp\/v2\/comments?post=4844"}],"version-history":[{"count":0,"href":"https:\/\/www.verificaremails.com\/pt-br\/wp-json\/wp\/v2\/pages\/4844\/revisions"}],"up":[{"embeddable":true,"href":"https:\/\/www.verificaremails.com\/pt-br\/wp-json\/wp\/v2\/pages\/4816"}],"wp:attachment":[{"href":"https:\/\/www.verificaremails.com\/pt-br\/wp-json\/wp\/v2\/media?parent=4844"}],"curies":[{"name":"wp","href":"https:\/\/api.w.org\/{rel}","templated":true}]}}