{"id":13217,"date":"2025-01-17T12:08:22","date_gmt":"2025-01-17T11:08:22","guid":{"rendered":"https:\/\/www.verificaremails.com\/?page_id=13217"},"modified":"2025-02-13T21:18:16","modified_gmt":"2025-02-13T20:18:16","slug":"gerenciar-eventos-com-o-widget","status":"publish","type":"page","link":"https:\/\/www.verificaremails.com\/pt-br\/gerenciar-eventos-com-o-widget\/","title":{"rendered":"Gerenciar eventos com o Widget"},"content":{"rendered":"\t\t<div data-elementor-type=\"wp-post\" data-elementor-id=\"13217\" class=\"elementor elementor-13217 elementor-13213\" data-elementor-post-type=\"page\">\n\t\t\t\t\t\t<section class=\"elementor-section elementor-top-section elementor-element elementor-element-e58afce elementor-section-content-middle elementor-section-stretched elementor-section-boxed elementor-section-height-default elementor-section-height-default\" data-id=\"e58afce\" data-element_type=\"section\" data-settings=\"{&quot;background_background&quot;:&quot;classic&quot;,&quot;stretch_section&quot;:&quot;section-stretched&quot;}\">\n\t\t\t\t\t\t<div class=\"elementor-container elementor-column-gap-no\">\n\t\t\t\t\t<div class=\"elementor-column elementor-col-100 elementor-top-column elementor-element elementor-element-d0f57e2\" data-id=\"d0f57e2\" data-element_type=\"column\">\n\t\t\t<div class=\"elementor-widget-wrap elementor-element-populated\">\n\t\t\t\t\t\t<div class=\"elementor-element elementor-element-1f28518 elementor-widget elementor-widget-heading\" data-id=\"1f28518\" data-element_type=\"widget\" data-widget_type=\"heading.default\">\n\t\t\t\t<div class=\"elementor-widget-container\">\n\t\t\t\t\t<h1 class=\"elementor-heading-title elementor-size-default\">Gerenciar eventos no widget<\/h1>\t\t\t\t<\/div>\n\t\t\t\t<\/div>\n\t\t\t\t<div class=\"elementor-element elementor-element-884bf0c elementor-widget elementor-widget-text-editor\" data-id=\"884bf0c\" data-element_type=\"widget\" data-widget_type=\"text-editor.default\">\n\t\t\t\t<div class=\"elementor-widget-container\">\n\t\t\t\t\t\t\t\t\t<p style=\"text-align: left;\">O <a href=\"https:\/\/www.verificaremails.com\/pt-br\/kb\/como-usar-o-widget-para-validar-formularios\/\">widget<\/a> \u00e9 um mecanismo que permite que voc\u00ea implemente facilmente servi\u00e7os de verifica\u00e7\u00e3o em seus formul\u00e1rios da Web de coleta de dados. Com o assistente, voc\u00ea pode decidir quais servi\u00e7os de verifica\u00e7\u00e3o deseja implementar, em quais campos deseja que eles sejam usados e seu comportamento. Por exemplo, voc\u00ea pode configurar para que o formul\u00e1rio n\u00e3o permita o envio de dados se um campo contiver um endere\u00e7o de e-mail incorreto, um n\u00famero de telefone ou um erro em um endere\u00e7o postal. Outra op\u00e7\u00e3o poderia ser marcar em vermelho o campo errado, mas permitir que voc\u00ea envie os dados&#8230;   <\/p>\n<p style=\"text-align: left;\">Embora o widget permita uma ampla variedade de configura\u00e7\u00f5es, h\u00e1 tamb\u00e9m a possibilidade de gerenci\u00e1-las por meio de c\u00f3digo para que os programadores tenham controle total sobre como reagir aos eventos de verifica\u00e7\u00e3o. Para fazer isso, voc\u00ea deve desativar a op\u00e7\u00e3o <b>&#8220;Gerenciar envio de formul\u00e1rio&#8221;<\/b> na <b>&#8220;Etapa 4&#8221;<\/b>. <b> <br \/><\/b>  <\/p>\n<p style=\"text-align: left;\">Voc\u00ea tem tr\u00eas op\u00e7\u00f5es:<\/p>\n<ul>\n<li style=\"text-align: left;\">Javascript padr\u00e3o com tratamento ass\u00edncrono<\/li>\n<li style=\"text-align: left;\">Javascript padr\u00e3o sem tratamento ass\u00edncrono<\/li>\n<li style=\"text-align: left;\">JQuery com gerenciamento ass\u00edncrono<\/li>\n<li style=\"text-align: left;\">JQuery com gerenciamento n\u00e3o ass\u00edncrono<b> <br \/><\/b><\/li>\n<\/ul>\n\t\t\t\t\t\t\t\t<\/div>\n\t\t\t\t<\/div>\n\t\t\t\t<div class=\"elementor-element elementor-element-20abc86 carga_prioritaria elementor-widget elementor-widget-image\" data-id=\"20abc86\" data-element_type=\"widget\" data-widget_type=\"image.default\">\n\t\t\t\t<div class=\"elementor-widget-container\">\n\t\t\t\t\t\t\t\t\t\t\t\t\t\t\t<img fetchpriority=\"high\"  decoding=\"async\" width=\"1453\" height=\"620\" src=\"https:\/\/www.verificaremails.com\/wp-content\/uploads\/2025\/01\/gestion_eventos_widget.png\" class=\"attachment-1536x1536 size-1536x1536 wp-image-13227\" alt=\"Gestionar eventos con el Widget\" srcset=\"https:\/\/www.verificaremails.com\/wp-content\/uploads\/2025\/01\/gestion_eventos_widget.png 1453w, https:\/\/www.verificaremails.com\/wp-content\/uploads\/2025\/01\/gestion_eventos_widget-300x128.png 300w, https:\/\/www.verificaremails.com\/wp-content\/uploads\/2025\/01\/gestion_eventos_widget-1024x437.png 1024w, https:\/\/www.verificaremails.com\/wp-content\/uploads\/2025\/01\/gestion_eventos_widget-768x328.png 768w\" sizes=\"(max-width: 1453px) 100vw, 1453px\" \/>\t\t\t\t\t\t\t\t\t\t\t\t\t\t\t<\/div>\n\t\t\t\t<\/div>\n\t\t\t\t\t<\/div>\n\t\t<\/div>\n\t\t\t\t\t<\/div>\n\t\t<\/section>\n\t\t\t\t<section class=\"elementor-section elementor-top-section elementor-element elementor-element-5aeaeb1b elementor-section-stretched elementor-section-boxed elementor-section-height-default elementor-section-height-default\" data-id=\"5aeaeb1b\" data-element_type=\"section\" data-settings=\"{&quot;background_background&quot;:&quot;classic&quot;,&quot;stretch_section&quot;:&quot;section-stretched&quot;}\">\n\t\t\t\t\t\t<div class=\"elementor-container elementor-column-gap-default\">\n\t\t\t\t\t<div class=\"elementor-column elementor-col-100 elementor-top-column elementor-element elementor-element-68fca373\" data-id=\"68fca373\" data-element_type=\"column\">\n\t\t\t<div class=\"elementor-widget-wrap elementor-element-populated\">\n\t\t\t\t\t\t<div class=\"elementor-element elementor-element-4a8765b elementor-widget elementor-widget-heading\" data-id=\"4a8765b\" data-element_type=\"widget\" data-widget_type=\"heading.default\">\n\t\t\t\t<div class=\"elementor-widget-container\">\n\t\t\t\t\t<h3 class=\"elementor-heading-title elementor-size-default\">Valida\u00e7\u00e3o de formul\u00e1rio com JavaScript e gerenciamento ass\u00edncrono<\/h3>\t\t\t\t<\/div>\n\t\t\t\t<\/div>\n\t\t\t\t<div class=\"elementor-element elementor-element-998fe4d elementor-widget elementor-widget-code-highlight\" data-id=\"998fe4d\" data-element_type=\"widget\" data-widget_type=\"code-highlight.default\">\n\t\t\t\t<div class=\"elementor-widget-container\">\n\t\t\t\t\t\t\t<div class=\"prismjs-default copy-to-clipboard \">\n\t\t\t<pre data-line=\"\" class=\"highlight-height language-javascript line-numbers\">\n\t\t\t\t<code readonly=\"true\" class=\"language-javascript\">\n\t\t\t\t\t<xmp><!DOCTYPE html>\n<html lang=\"en\">\n<head>\n    <meta charset=\"UTF-8\">\n    <meta name=\"viewport\" content=\"width=device-width, initial-scale=1.0\">\n    <title>Formulario de Ejemplo<\/title>    \n    <script src=\"https:\/\/dashboard.verificaremails.com\/widgetjs\/widgetjs.js\" type=\"text\/javascript\"><\/script>\n    <script>widgetJS.init('********TOKEN********');<\/script>\n    \n    <script>\n        \/\/ Ejemplo usando JavaScript est\u00e1ndar\n        document.addEventListener('DOMContentLoaded', function () {\n            const form = document.getElementById('myform');\n\n            form.addEventListener('submit', async function (event) {\n                event.preventDefault(); \/\/ Prevenir el env\u00edo del formulario\n\n                \/\/ Validar el formulario\n                const isFormValid = await widgetJS.isFormValid('#myform');\n\n                if (isFormValid) {\n                    \/\/ Si el formulario es v\u00e1lido, enviar el formulario y\/o realizar otras operaciones.\n                    form.submit();\n                } else {\n                    \/\/ Si el formulario no es v\u00e1lido, mostrar un mensaje de error o realizar cualquier otra operaci\u00f3n deseada. \n\t\t    \/\/ Los estilos CSS\/style definidos en el widget tambi\u00e9n se aplicar\u00e1n.\n                    alert('El formulario no es v\u00e1lido. Por favor, revisa los campos.');\n                }\n\n\t\t\/\/ Aqu\u00ed podr\u00eda haber m\u00e1s c\u00f3digo\n            });\n        });\n    <\/script>\n<\/head>\n<body>\n    <form id=\"myform\" class=\"profile-form\">\n        <label for=\"name\">Nombre:<\/label>\n        <input type=\"text\" id=\"name\" name=\"name\" required>\n        <button type=\"submit\">Enviar<\/button>\n    <\/form>\n<\/body>\n<\/html><\/xmp>\n\t\t\t\t<\/code>\n\t\t\t<\/pre>\n\t\t<\/div>\n\t\t\t\t\t\t<\/div>\n\t\t\t\t<\/div>\n\t\t\t\t<div class=\"elementor-element elementor-element-14a10a8 elementor-widget elementor-widget-heading\" data-id=\"14a10a8\" data-element_type=\"widget\" data-widget_type=\"heading.default\">\n\t\t\t\t<div class=\"elementor-widget-container\">\n\t\t\t\t\t<h3 class=\"elementor-heading-title elementor-size-default\">Valida\u00e7\u00e3o de formul\u00e1rio com JavaScript sem tratamento ass\u00edncrono<\/h3>\t\t\t\t<\/div>\n\t\t\t\t<\/div>\n\t\t\t\t<div class=\"elementor-element elementor-element-a082c42 elementor-widget elementor-widget-code-highlight\" data-id=\"a082c42\" data-element_type=\"widget\" data-widget_type=\"code-highlight.default\">\n\t\t\t\t<div class=\"elementor-widget-container\">\n\t\t\t\t\t\t\t<div class=\"prismjs-default copy-to-clipboard \">\n\t\t\t<pre data-line=\"\" class=\"highlight-height language-javascript line-numbers\">\n\t\t\t\t<code readonly=\"true\" class=\"language-javascript\">\n\t\t\t\t\t<xmp><!DOCTYPE html>\n<html lang=\"en\">\n<head>\n    <meta charset=\"UTF-8\">\n    <meta name=\"viewport\" content=\"width=device-width, initial-scale=1.0\">\n    <title>Formulario de Ejemplo<\/title>\n    <script src=\"https:\/\/code.jquery.com\/jquery-3.6.0.min.js\"><\/script>\n    <script src=\"https:\/\/dashboard.verificaremails.com\/widgetjs\/widgetjs.js\" type=\"text\/javascript\"><\/script>\n    <script>widgetJS.init('********TOKEN********');<\/script>\n    <script>\n        \/\/ Ejemplo usando JavaScript est\u00e1ndar\n        document.addEventListener('DOMContentLoaded', function() {\n            const form = document.getElementById('myform');\n\n            form.addEventListener('submit', function(event) {\n                event.preventDefault(); \/\/ Prevenir el env\u00edo del formulario\n\n                \/\/ Validar el formulario\n                widgetJS.isFormValid('#myform').then(isFormValid => {\n                    if (isFormValid) {\n                        \/\/ Si el formulario es v\u00e1lido, enviar el formulario\n                        form.submit();\n                    } else {\n                        \/\/ Si el formulario no es v\u00e1lido, mostrar un mensaje de error o realizar cualquier otra operaci\u00f3n deseada\n                        alert('El formulario no es v\u00e1lido. Por favor, revisa los campos.');\n\n                        \/\/ Aqu\u00ed podr\u00eda haber m\u00e1s c\u00f3digo\n                    }\n                }).catch(error => {\n                    console.error('Error al validar el formulario:', error);\n                    alert('Ocurri\u00f3 un error al validar el formulario.');\n                });\n            });\n        });\n    <\/script>\n<\/head>\n<body>\n    <form id=\"myform\" class=\"profile-form\">\n        <label for=\"name\">Nombre:<\/label>\n        <input type=\"text\" id=\"name\" name=\"name\" required>\n        <button type=\"submit\">Enviar<\/button>\n    <\/form>\n<\/body>\n<\/html><\/xmp>\n\t\t\t\t<\/code>\n\t\t\t<\/pre>\n\t\t<\/div>\n\t\t\t\t\t\t<\/div>\n\t\t\t\t<\/div>\n\t\t\t\t<div class=\"elementor-element elementor-element-aa903fb elementor-widget elementor-widget-heading\" data-id=\"aa903fb\" data-element_type=\"widget\" data-widget_type=\"heading.default\">\n\t\t\t\t<div class=\"elementor-widget-container\">\n\t\t\t\t\t<h3 class=\"elementor-heading-title elementor-size-default\">Valida\u00e7\u00e3o de formul\u00e1rio com JQuery com tratamento ass\u00edncrono<\/h3>\t\t\t\t<\/div>\n\t\t\t\t<\/div>\n\t\t\t\t<div class=\"elementor-element elementor-element-9ae2d33 elementor-widget elementor-widget-code-highlight\" data-id=\"9ae2d33\" data-element_type=\"widget\" data-widget_type=\"code-highlight.default\">\n\t\t\t\t<div class=\"elementor-widget-container\">\n\t\t\t\t\t\t\t<div class=\"prismjs-default copy-to-clipboard \">\n\t\t\t<pre data-line=\"\" class=\"highlight-height language-javascript line-numbers\">\n\t\t\t\t<code readonly=\"true\" class=\"language-javascript\">\n\t\t\t\t\t<xmp>\n<!DOCTYPE html>\n<html lang=\"en\">\n<head>\n    <meta charset=\"UTF-8\">\n    <meta name=\"viewport\" content=\"width=device-width, initial-scale=1.0\">\n    <title>Formulario de Ejemplo<\/title>\n    <script src=\"https:\/\/code.jquery.com\/jquery-3.6.0.min.js\"><\/script>\n    <script src=\"https:\/\/dashboard.verificaremails.com\/widgetjs\/widgetjs.js\" type=\"text\/javascript\"><\/script>\n    <script>widgetJS.init('********TOKEN********');<\/script>\n    <script>\n        $(document).ready(function () {\n            $('#myform').on('submit', async function (event) {\n                event.preventDefault(); \/\/ Prevenir el env\u00edo del formulario\n\n                \/\/ Validar el formulario\n                const isFormValid = await widgetJS.isFormValid('#myform');\n\n                if (isFormValid) {\n                    \/\/ Si el formulario es v\u00e1lido, enviar el formulario y\/o realizar otras operaciones.\n                    this.submit();\n                } else {\n                    \/\/ Si el formulario no es v\u00e1lido, mostrar un mensaje de error o realizar cualquier otra operaci\u00f3n deseada\n\t\t    \/\/ Los estilos CSS\/style definidos en el widget tambi\u00e9n se aplicar\u00e1n.\n                    alert('El formulario no es v\u00e1lido. Por favor, revisa los campos.');\n                }\n\n\t\t\/\/ Aqu\u00ed podr\u00eda haber m\u00e1s c\u00f3digo\n            });\n        });\n    <\/script>    \n<\/head>\n<body>\n    <form id=\"myform\" class=\"profile-form\">\n        <label for=\"name\">Nombre:<\/label>\n        <input type=\"text\" id=\"name\" name=\"name\" required>\n        <button type=\"submit\">Enviar<\/button>\n    <\/form>\n<\/body>\n<\/html>\n<\/xmp>\n\t\t\t\t<\/code>\n\t\t\t<\/pre>\n\t\t<\/div>\n\t\t\t\t\t\t<\/div>\n\t\t\t\t<\/div>\n\t\t\t\t<div class=\"elementor-element elementor-element-5cdfb91 elementor-widget elementor-widget-heading\" data-id=\"5cdfb91\" data-element_type=\"widget\" data-widget_type=\"heading.default\">\n\t\t\t\t<div class=\"elementor-widget-container\">\n\t\t\t\t\t<h3 class=\"elementor-heading-title elementor-size-default\">Valida\u00e7\u00e3o de formul\u00e1rio com JQuery sem tratamento ass\u00edncrono<\/h3>\t\t\t\t<\/div>\n\t\t\t\t<\/div>\n\t\t\t\t<div class=\"elementor-element elementor-element-5279dc4 elementor-widget elementor-widget-code-highlight\" data-id=\"5279dc4\" data-element_type=\"widget\" data-widget_type=\"code-highlight.default\">\n\t\t\t\t<div class=\"elementor-widget-container\">\n\t\t\t\t\t\t\t<div class=\"prismjs-default copy-to-clipboard \">\n\t\t\t<pre data-line=\"\" class=\"highlight-height language-javascript line-numbers\">\n\t\t\t\t<code readonly=\"true\" class=\"language-javascript\">\n\t\t\t\t\t<xmp>\n<!DOCTYPE html>\n<html lang=\"en\">\n<head>\n    <meta charset=\"UTF-8\">\n    <meta name=\"viewport\" content=\"width=device-width, initial-scale=1.0\">\n    <title>Formulario de Ejemplo<\/title>\n    <script src=\"https:\/\/code.jquery.com\/jquery-3.6.0.min.js\"><\/script>\n    <script src=\"https:\/\/dashboard.verificaremails.com\/widgetjs\/widgetjs.js\" type=\"text\/javascript\"><\/script>\n    <script>widgetJS.init('********TOKEN********');<\/script>\n    <script>\n        \/\/ Ejemplo usando jQuery\n        $(document).ready(function() {\n            $('#myform').on('submit', function(event) {\n                event.preventDefault(); \/\/ Prevenir el env\u00edo del formulario\n\n                \/\/ Validar el formulario\n                widgetJS.isFormValid('#myform').then(isFormValid => {\n                    if (isFormValid) {\n                        \/\/ Si el formulario es v\u00e1lido, enviar el formulario\n                        event.target.submit();\n                    } else {\n                        \/\/ Si el formulario no es v\u00e1lido, mostrar un mensaje de error o realizar cualquier otra operaci\u00f3n deseada\n                        alert('El formulario no es v\u00e1lido. Por favor, revisa los campos.');\n\n\n                        \/\/ Aqu\u00ed podr\u00eda haber m\u00e1s c\u00f3digo\n                    }\n                }).catch(error => {\n                    console.error('Error al validar el formulario:', error);\n                    alert('Ocurri\u00f3 un error al validar el formulario.');\n                });\n            });\n        });\n    <\/script>\n<\/head>\n<body>\n    <form id=\"myform\" class=\"profile-form\">\n        <label for=\"name\">Nombre:<\/label>\n        <input type=\"text\" id=\"name\" name=\"name\" required>\n        <button type=\"submit\">Enviar<\/button>\n    <\/form>\n<\/body>\n<\/html>\n<\/xmp>\n\t\t\t\t<\/code>\n\t\t\t<\/pre>\n\t\t<\/div>\n\t\t\t\t\t\t<\/div>\n\t\t\t\t<\/div>\n\t\t\t\t\t<\/div>\n\t\t<\/div>\n\t\t\t\t\t<\/div>\n\t\t<\/section>\n\t\t\t\t<section class=\"elementor-section elementor-top-section elementor-element elementor-element-399553e elementor-section-content-middle elementor-section-stretched elementor-section-boxed elementor-section-height-default elementor-section-height-default\" data-id=\"399553e\" data-element_type=\"section\" data-settings=\"{&quot;stretch_section&quot;:&quot;section-stretched&quot;,&quot;background_background&quot;:&quot;classic&quot;}\">\n\t\t\t\t\t\t<div class=\"elementor-container elementor-column-gap-no\">\n\t\t\t\t\t<div class=\"elementor-column elementor-col-100 elementor-top-column elementor-element elementor-element-d06a56f\" data-id=\"d06a56f\" data-element_type=\"column\">\n\t\t\t<div class=\"elementor-widget-wrap elementor-element-populated\">\n\t\t\t\t\t\t<div class=\"elementor-element elementor-element-2f89982 elementor-widget elementor-widget-heading\" data-id=\"2f89982\" data-element_type=\"widget\" data-widget_type=\"heading.default\">\n\t\t\t\t<div class=\"elementor-widget-container\">\n\t\t\t\t\t<h2 class=\"elementor-heading-title elementor-size-small\">Resultados da verifica\u00e7\u00e3o no widget<\/h2>\t\t\t\t<\/div>\n\t\t\t\t<\/div>\n\t\t\t\t<div class=\"elementor-element elementor-element-7c888d2 elementor-widget elementor-widget-text-editor\" data-id=\"7c888d2\" data-element_type=\"widget\" data-widget_type=\"text-editor.default\">\n\t\t\t\t<div class=\"elementor-widget-container\">\n\t\t\t\t\t\t\t\t\t<div data-id=\"18a0766\" data-element_type=\"widget\" data-widget_type=\"text-editor.default\">\n<div>\n\nPara visualizar o status das verifica\u00e7\u00f5es, devemos ir para a se\u00e7\u00e3o &#8220;APIS&#8221; e selecionar a API que usamos no widget. Ao ajustar o intervalo de tempo, voc\u00ea pode ver um gr\u00e1fico com o status das diferentes verifica\u00e7\u00f5es ao longo do tempo.\n\nSe o widget verificar mais de um tipo de dados, voc\u00ea dever\u00e1 abrir cada uma das APIs usadas:\n<ul>\n \t<li><a href=\"https:\/\/www.verificaremails.com\/pt-br\/\">verifica\u00e7\u00e3o de endere\u00e7o de correspond\u00eancia<\/a><\/li>\n \t<li><a href=\"https:\/\/www.verificaremails.com\/pt-br\/validar-numeros-telefonicos\/\">valida\u00e7\u00e3o do n\u00famero de telefone<\/a><\/li>\n \t<li><a href=\"https:\/\/www.verificaremails.com\/pt-br\/validar-nomes-e-sobrenomes\/\">valida\u00e7\u00e3o de nomes e sobrenomes<\/a><\/li>\n \t<li><a href=\"https:\/\/www.verificaremails.com\/pt-br\/servico-de-validacao-de-endereco-postal\/\">verifica\u00e7\u00e3o de endere\u00e7os postais<\/a><\/li>\n<\/ul>\n<img  decoding=\"async\" src=\"https:\/\/www.verificaremails.com\/wp-content\/uploads\/2023\/05\/api_comprobar_correo-1024x419.png\" alt=\"API Check Mail\" width=\"1024\" height=\"419\" data-lazy-src=\"https:\/\/www.verificaremails.com\/wp-content\/uploads\/2023\/05\/api_comprobar_correo-1024x419.png\" data-ll-status=\"loaded\" \/>\n\nPodemos acessar as verifica\u00e7\u00f5es de cada um dos registros selecionando o \u00edcone de &#8220;olho&#8221; na se\u00e7\u00e3o &#8220;APIS CONECTADOS&#8221;.\n\n<\/div>\n<\/div>\n<div data-id=\"6599b16\" data-element_type=\"widget\" data-widget_type=\"text-editor.default\">\n<div><\/div>\n<\/div>\t\t\t\t\t\t\t\t<\/div>\n\t\t\t\t<\/div>\n\t\t\t\t\t<\/div>\n\t\t<\/div>\n\t\t\t\t\t<\/div>\n\t\t<\/section>\n\t\t\t\t<section class=\"elementor-section elementor-top-section elementor-element elementor-element-c9f8e56 elementor-section-stretched elementor-section-content-middle elementor-section-boxed elementor-section-height-default elementor-section-height-default\" data-id=\"c9f8e56\" data-element_type=\"section\" data-settings=\"{&quot;background_background&quot;:&quot;classic&quot;,&quot;stretch_section&quot;:&quot;section-stretched&quot;}\">\n\t\t\t\t\t\t\t<div class=\"elementor-background-overlay\"><\/div>\n\t\t\t\t\t\t\t<div class=\"elementor-container elementor-column-gap-default\">\n\t\t\t\t\t<div class=\"elementor-column elementor-col-100 elementor-top-column elementor-element elementor-element-dce3495\" data-id=\"dce3495\" data-element_type=\"column\">\n\t\t\t<div class=\"elementor-widget-wrap elementor-element-populated\">\n\t\t\t\t\t\t<div class=\"elementor-element elementor-element-cd1165b elementor-widget elementor-widget-text-editor\" data-id=\"cd1165b\" data-element_type=\"widget\" data-widget_type=\"text-editor.default\">\n\t\t\t\t<div class=\"elementor-widget-container\">\n\t\t\t\t\t\t\t\t\t<h2>Voc\u00ea precisa de ajuda com suas verifica\u00e7\u00f5es? N\u00e3o se preocupe<\/h2>\n\t\t\t\t\t\t\t\t<\/div>\n\t\t\t\t<\/div>\n\t\t\t\t<div class=\"elementor-element elementor-element-f5bc887 elementor-widget elementor-widget-text-editor\" data-id=\"f5bc887\" data-element_type=\"widget\" data-widget_type=\"text-editor.default\">\n\t\t\t\t<div class=\"elementor-widget-container\">\n\t\t\t\t\t\t\t\t\t<p>Somos o seu parceiro de confian\u00e7a para a valida\u00e7\u00e3o dos seus dados.  <br \/>Entre em contato ou ligue para +34 93 451 11 00<\/p>\n\t\t\t\t\t\t\t\t<\/div>\n\t\t\t\t<\/div>\n\t\t\t\t<div class=\"elementor-element elementor-element-b5baa95 elementor-align-center elementor-widget elementor-widget-button\" data-id=\"b5baa95\" data-element_type=\"widget\" data-widget_type=\"button.default\">\n\t\t\t\t<div class=\"elementor-widget-container\">\n\t\t\t\t\t\t\t\t\t<div class=\"elementor-button-wrapper\">\n\t\t\t\t\t<a class=\"elementor-button elementor-button-link elementor-size-lg\" href=\"https:\/\/www.verificaremails.com\/pt-br\/contato\/\" rel=\"nofollow\">\n\t\t\t\t\t\t<span class=\"elementor-button-content-wrapper\">\n\t\t\t\t\t\t\t\t\t<span class=\"elementor-button-text\">Contato<\/span>\n\t\t\t\t\t<\/span>\n\t\t\t\t\t<\/a>\n\t\t\t\t<\/div>\n\t\t\t\t\t\t\t\t<\/div>\n\t\t\t\t<\/div>\n\t\t\t\t\t<\/div>\n\t\t<\/div>\n\t\t\t\t\t<\/div>\n\t\t<\/section>\n\t\t\t\t<\/div>\n\t\t","protected":false},"excerpt":{"rendered":"<p>Gerenciar eventos no widget O widget \u00e9 um mecanismo que permite que voc\u00ea implemente facilmente servi\u00e7os de verifica\u00e7\u00e3o em seus formul\u00e1rios da Web de coleta de dados. Com o assistente, voc\u00ea pode decidir quais servi\u00e7os de verifica\u00e7\u00e3o deseja implementar, em quais campos deseja que eles sejam usados e seu comportamento. Por exemplo, voc\u00ea pode configurar &#8230; <a title=\"Gerenciar eventos com o Widget\" class=\"read-more\" href=\"https:\/\/www.verificaremails.com\/pt-br\/gerenciar-eventos-com-o-widget\/\" aria-label=\"Read more about Gerenciar eventos com o Widget\">Ler mais<\/a><\/p>\n","protected":false},"author":1,"featured_media":0,"parent":0,"menu_order":0,"comment_status":"closed","ping_status":"closed","template":"elementor_header_footer","meta":{"_acf_changed":false,"footnotes":""},"class_list":["post-13217","page","type-page","status-publish"],"acf":[],"_links":{"self":[{"href":"https:\/\/www.verificaremails.com\/pt-br\/wp-json\/wp\/v2\/pages\/13217","targetHints":{"allow":["GET"]}}],"collection":[{"href":"https:\/\/www.verificaremails.com\/pt-br\/wp-json\/wp\/v2\/pages"}],"about":[{"href":"https:\/\/www.verificaremails.com\/pt-br\/wp-json\/wp\/v2\/types\/page"}],"author":[{"embeddable":true,"href":"https:\/\/www.verificaremails.com\/pt-br\/wp-json\/wp\/v2\/users\/1"}],"replies":[{"embeddable":true,"href":"https:\/\/www.verificaremails.com\/pt-br\/wp-json\/wp\/v2\/comments?post=13217"}],"version-history":[{"count":0,"href":"https:\/\/www.verificaremails.com\/pt-br\/wp-json\/wp\/v2\/pages\/13217\/revisions"}],"wp:attachment":[{"href":"https:\/\/www.verificaremails.com\/pt-br\/wp-json\/wp\/v2\/media?parent=13217"}],"curies":[{"name":"wp","href":"https:\/\/api.w.org\/{rel}","templated":true}]}}