{"id":2711,"date":"2018-10-15T09:59:31","date_gmt":"2018-10-15T08:59:31","guid":{"rendered":"https:\/\/www.verificaremails.com\/servizio-di-verifica-delle-e-mail\/"},"modified":"2023-06-13T13:38:59","modified_gmt":"2023-06-13T12:38:59","slug":"servizio-di-verifica-delle-e-mail","status":"publish","type":"page","link":"https:\/\/www.verificaremails.com\/it\/servizio-di-verifica-delle-e-mail\/","title":{"rendered":"Servizio di verifica delle e-mail"},"content":{"rendered":"<p><span id=\"result_box\" class=\"\" lang=\"es\" tabindex=\"-1\"><span title=\"Contenuto: uno degli investimenti pi\u00f9 intelligenti che possiate fare per la vostra azienda \u00e8 quello relativo alla verifica delle e-mail.\">Uno degli investimenti pi\u00f9 intelligenti che possiate fare per la vostra azienda \u00e8 la verifica delle e-mail.  <\/span><span title=\"Soprattutto se vi siete trovati nella situazione di fare previsioni basate sulle vostre campagne di marketing e i risultati dei vostri sforzi non si avvicinano minimamente alle vostre aspettative, allora c'\u00e8 sicuramente qualcosa che non va.  \">Soprattutto se vi siete trovati nella situazione di fare previsioni basate sulle vostre campagne di marketing e i risultati dei vostri sforzi non si avvicinano minimamente alle vostre aspettative, allora c&#8217;\u00e8 qualcosa che non va.<\/span><\/span><\/p>\n<p><span title=\"Molti dirigenti d'azienda non si rendono conto di quanto siano importanti i loro database di e-mail.\">Molti manager aziendali non si rendono conto dell&#8217;importanza dei loro database di e-mail.  <\/span><span title=\"La domanda principale che dovete porvi \u00e8: quando avete verificato il vostro database l'ultima volta?\">La domanda principale da porsi \u00e8: quando avete controllato l&#8217;ultima volta il vostro database?  <\/span><span title=\"Se la risposta \u00e8 mai o se \u00e8 passato pi\u00f9 di qualche mese per i database pi\u00f9 piccoli (pi\u00f9 di qualche settimana per quelli pi\u00f9 grandi), allora \u00e8 il momento di agire e optare per un servizio che vi aiuti a ottenere i migliori risultati possibili.\">Se la risposta \u00e8 mai o se \u00e8 passato pi\u00f9 di qualche mese per i database pi\u00f9 piccoli (pi\u00f9 di qualche settimana per quelli pi\u00f9 grandi), \u00e8 il momento di agire e optare per un servizio che vi aiuti a ottenere i migliori risultati possibili.  <\/span><span title=\"con le vostre campagne di marketing.  \">Con le vostre campagne di marketing.<\/span><\/p>\n<p><span title=\"Quando investite in un servizio di verifica delle e-mail, non dovete fare altro che caricare la vostra lista e aspettare che il nostro software faccia tutto.\">Quando investite nel <a href=\"https:\/\/www.verificaremails.com\/it\/\">servizio di verifica delle e-mail<\/a>, non dovete fare altro che caricare la vostra lista e aspettare che il nostro software faccia tutto.  <\/span><span title=\"Ci affidiamo a pi\u00f9 di due dozzine di test diversi ed efficienti che ci aiuteranno a eliminare tutti gli indirizzi e-mail che non dovrebbero essere presenti nella vostra lista: indirizzi non pi\u00f9 validi, che possono rovinare la vostra reputazione e cos\u00ec via.  \">Ci basiamo su oltre due dozzine di test diversi ed efficaci che ci aiutano a eliminare tutti gli indirizzi e-mail che non dovrebbero essere presenti nella vostra lista, gli indirizzi che non sono pi\u00f9 validi, che possono rovinare la vostra reputazione e cos\u00ec via.<\/span><\/p>\n<p><span title=\"Alla fine del processo di verifica, avrete un elenco da utilizzare nei vostri piani di marketing per raggiungere il maggior numero possibile di potenziali clienti.\">Al termine del processo di verifica, avrete un elenco da utilizzare nei vostri piani di marketing per raggiungere il maggior numero possibile di potenziali clienti.  <\/span><span title=\"Vi garantiamo che durante la verifica del database non verranno inviate e-mail ai vostri contatti.\">Vi garantiamo che, controllando il database, non verranno inviate e-mail reali ai vostri contatti.  <\/span><span title=\"Allo stesso tempo, non dovrete aspettare pi\u00f9 di tre ore per i database pi\u00f9 grandi.\">Allo stesso tempo, non dovrete aspettare pi\u00f9 di tre ore per i database pi\u00f9 grandi.  <\/span><span title=\"Se preferite un pacchetto personalizzato, non esitate a contattarci.\">Se preferite un pacchetto personalizzato, non esitate a contattarci.  <\/span><span title=\"Saremo pi\u00f9 che felici di offrirvi l'esatto tipo di alternativa che state cercando!\">Saremo pi\u00f9 che felici di offrirvi l&#8217;esatto tipo di alternativa che state cercando!<\/span><\/p>\n","protected":false},"excerpt":{"rendered":"<p>Uno degli investimenti pi\u00f9 intelligenti che possiate fare per la vostra azienda \u00e8 la verifica delle e-mail. Soprattutto se vi siete trovati nella situazione di fare previsioni basate sulle vostre campagne di marketing e i risultati dei vostri sforzi non si avvicinano minimamente alle vostre aspettative, allora c&#8217;\u00e8 qualcosa che non va. Molti manager aziendali &#8230; <a title=\"Servizio di verifica delle e-mail\" class=\"read-more\" href=\"https:\/\/www.verificaremails.com\/it\/servizio-di-verifica-delle-e-mail\/\" aria-label=\"Per saperne di pi\u00f9 su Servizio di verifica delle e-mail\">Per saperne di pi\u00f9<\/a><\/p>\n","protected":false},"author":1,"featured_media":0,"parent":0,"menu_order":0,"comment_status":"closed","ping_status":"closed","template":"","meta":{"_acf_changed":false,"footnotes":""},"class_list":["post-2711","page","type-page","status-publish"],"acf":[],"_links":{"self":[{"href":"https:\/\/www.verificaremails.com\/it\/wp-json\/wp\/v2\/pages\/2711","targetHints":{"allow":["GET"]}}],"collection":[{"href":"https:\/\/www.verificaremails.com\/it\/wp-json\/wp\/v2\/pages"}],"about":[{"href":"https:\/\/www.verificaremails.com\/it\/wp-json\/wp\/v2\/types\/page"}],"author":[{"embeddable":true,"href":"https:\/\/www.verificaremails.com\/it\/wp-json\/wp\/v2\/users\/1"}],"replies":[{"embeddable":true,"href":"https:\/\/www.verificaremails.com\/it\/wp-json\/wp\/v2\/comments?post=2711"}],"version-history":[{"count":0,"href":"https:\/\/www.verificaremails.com\/it\/wp-json\/wp\/v2\/pages\/2711\/revisions"}],"wp:attachment":[{"href":"https:\/\/www.verificaremails.com\/it\/wp-json\/wp\/v2\/media?parent=2711"}],"curies":[{"name":"wp","href":"https:\/\/api.w.org\/{rel}","templated":true}]}}