{"id":2703,"date":"2018-07-26T12:10:36","date_gmt":"2018-07-26T11:10:36","guid":{"rendered":"https:\/\/www.verificaremails.com\/condizioni-di-utilizzo\/"},"modified":"2025-08-04T21:00:24","modified_gmt":"2025-08-04T20:00:24","slug":"condizioni-di-utilizzo","status":"publish","type":"page","link":"https:\/\/www.verificaremails.com\/it\/condizioni-di-utilizzo\/","title":{"rendered":"Condizioni di utilizzo"},"content":{"rendered":"\t\t<div data-elementor-type=\"wp-post\" data-elementor-id=\"2703\" class=\"elementor elementor-2703 elementor-767\" data-elementor-post-type=\"page\">\n\t\t\t\t\t\t<section class=\"elementor-section elementor-top-section elementor-element elementor-element-1e5e5cb elementor-section-boxed elementor-section-height-default elementor-section-height-default\" data-id=\"1e5e5cb\" data-element_type=\"section\">\n\t\t\t\t\t\t<div class=\"elementor-container elementor-column-gap-default\">\n\t\t\t\t\t<div class=\"elementor-column elementor-col-100 elementor-top-column elementor-element elementor-element-8d170f1\" data-id=\"8d170f1\" data-element_type=\"column\">\n\t\t\t<div class=\"elementor-widget-wrap elementor-element-populated\">\n\t\t\t\t\t\t<div class=\"elementor-element elementor-element-f0dd048 elementor-widget elementor-widget-heading\" data-id=\"f0dd048\" data-element_type=\"widget\" data-widget_type=\"heading.default\">\n\t\t\t\t<div class=\"elementor-widget-container\">\n\t\t\t\t\t<h1 class=\"elementor-heading-title elementor-size-default\">AVISO LEGALE:<\/h1>\t\t\t\t<\/div>\n\t\t\t\t<\/div>\n\t\t\t\t\t<\/div>\n\t\t<\/div>\n\t\t\t\t\t<\/div>\n\t\t<\/section>\n\t\t\t\t<section class=\"elementor-section elementor-top-section elementor-element elementor-element-edbd5ba elementor-section-boxed elementor-section-height-default elementor-section-height-default\" data-id=\"edbd5ba\" data-element_type=\"section\">\n\t\t\t\t\t\t<div class=\"elementor-container elementor-column-gap-default\">\n\t\t\t\t\t<div class=\"elementor-column elementor-col-100 elementor-top-column elementor-element elementor-element-e5fbefc\" data-id=\"e5fbefc\" data-element_type=\"column\">\n\t\t\t<div class=\"elementor-widget-wrap elementor-element-populated\">\n\t\t\t\t\t\t<div class=\"elementor-element elementor-element-ccb07d1 carga_prioritaria elementor-widget elementor-widget-text-editor\" data-id=\"ccb07d1\" data-element_type=\"widget\" data-widget_type=\"text-editor.default\">\n\t\t\t\t<div class=\"elementor-widget-container\">\n\t\t\t\t\t\t\t\t\t<p>Questo sito web \u00e8 di propriet\u00e0 della societ\u00e0 Skeyon Lab S.L., con sede legale in:<\/p><p>Zamora 103-105 6\u00ba 3\u00aa<br \/>08018 Barcellona<br \/>CIF: B65911679<\/p><p>Tutti i contenuti, compresi i testi, le immagini, i suoni e qualsiasi altro materiale, sono di propriet\u00e0 della SOCIET\u00c0 Skeyon Lab S.L. o di terzi che ne hanno autorizzato l&#8217;uso a Skeyon Lab S.L., che se ne riserva tutti i diritti.<br \/>Tutti i dati forniti dagli utenti di questo sito web saranno utilizzati esclusivamente per le finalit\u00e0 espresse di volta in volta e saranno trattati in conformit\u00e0 con i principi di protezione dei dati stabiliti dalla Legge Organica 15\/1999, del 13 dicembre, sulla Protezione dei Dati Personali.<\/p><p>Responsabilit\u00e0 di Skeyon Lab S.L.<br \/>Skeyon Lab S.L. non garantisce l&#8217;accesso continuo agli elementi e alle informazioni contenute nelle sue pagine web, n\u00e9 la loro corretta visualizzazione o il loro download o la loro utilit\u00e0, che possono essere impediti, ostacolati o interrotti da fattori o circostanze al di fuori del controllo di Skeyon Lab S.L..<br \/>Skeyon Lab S.L. non si assume alcuna responsabilit\u00e0 per eventuali danni causati da interferenze, guasti telefonici o disconnessioni del sistema elettronico o da qualsiasi altro fattore o circostanza al di fuori del suo controllo.<br \/>Skeyon Lab S.L. non garantisce che il suo sito web e i suoi server siano privi di virus e malware di qualsiasi tipo e declina ogni responsabilit\u00e0 per eventuali danni causati dall&#8217;accesso al suo sito web o dall&#8217;impossibilit\u00e0 di accedervi.<br \/>Skeyon Lab S.L. non \u00e8 responsabile delle informazioni o dei contenuti di terzi collegati al sito www.irisexperience.com. Allo stesso modo, non si assume alcuna responsabilit\u00e0 per le informazioni non contenute in questo sito web, e quindi non prodotte direttamente da Skeyon Lab S.L. o da uno dei suoi membri autorizzati.<\/p><p>Responsabilit\u00e0 degli utenti<br \/>Non \u00e8 consentito utilizzare i contenuti di questo sito web per scopi commerciali o pubblicitari.<br \/>Non \u00e8 consentito riprodurre, distribuire, trasmettere, adattare o modificare, con qualsiasi strumento o mezzo, i contenuti di questo sito web o il design di questo sito web.<br \/>Gli utenti di questo sito web si impegnano a fornire informazioni veritiere e accurate su se stessi quando richiesto.<\/p><p>\u00c8 vietato, salvo nei casi in cui Skeyon Lab S.L. lo autorizzi espressamente, presentare le pagine web della societ\u00e0 Skeyon Lab S.L. sotto cornici, segni distintivi, marchi o altri nomi aziendali o commerciali di un&#8217;altra persona, societ\u00e0 o entit\u00e0.<\/p><p>Qualsiasi eventuale conflitto relativo a questo sito web sar\u00e0 regolato esclusivamente dalla legge dello Stato spagnolo e della Comunit\u00e0 autonoma di Catalogna, e i tribunali della citt\u00e0 di Barcellona avranno giurisdizione esclusiva. Gli utenti si impegnano a rispettare questo punto.<\/p><p>Skeyon Lab S.L. si riserva il diritto di modificare i termini e le condizioni stabiliti nel presente documento.<\/p><p>I seguenti link definiscono le condizioni e i termini di utilizzo che l&#8217;utente accetta quando utilizza i nostri servizi.<\/p><p><a href=\"https:\/\/app.termly.io\/policy-viewer\/policy.html?policyUUID=25bf8619-72e9-4d0d-a31d-49e0ca726669\" target=\"_blank\" rel=\"nofollow noopener\">Informativa sulla privacy<\/a><\/p><p><a href=\"https:\/\/app.termly.io\/policy-viewer\/policy.html?policyUUID=9ffd9273-3ccd-4b80-9918-74410eee752c\" target=\"_blank\" rel=\"nofollow noopener\">Informativa sui cookie<\/a><\/p><p><a href=\"https:\/\/app.termly.io\/policy-viewer\/policy.html?policyUUID=24ef7868-6cdb-4f5b-9b5e-35b43f77653f\" target=\"_blank\" rel=\"nofollow noopener\">Termini e condizioni<\/a><\/p><p><a href=\"https:\/\/app.termly.io\/policy-viewer\/policy.html?policyUUID=62dd7766-2d1d-4153-9f03-91256a4ca32d\" target=\"_blank\" rel=\"nofollow noopener\">Esclusione di responsabilit\u00e0<\/a><\/p><p><a href=\"https:\/\/app.termly.io\/policy-viewer\/policy.html?policyUUID=9d15b755-f080-45a5-954b-9e0adb6b8d55\" target=\"_blank\" rel=\"nofollow noopener\">Politica di utilizzo accettabile del servizio<\/a><\/p><p>\u00a0<\/p><p>\u00a0<\/p>\t\t\t\t\t\t\t\t<\/div>\n\t\t\t\t<\/div>\n\t\t\t\t\t<\/div>\n\t\t<\/div>\n\t\t\t\t\t<\/div>\n\t\t<\/section>\n\t\t\t\t<\/div>\n\t\t","protected":false},"excerpt":{"rendered":"<p>AVISO LEGALE: Questo sito web \u00e8 di propriet\u00e0 della societ\u00e0 Skeyon Lab S.L., con sede legale in: Zamora 103-105 6\u00ba 3\u00aa08018 BarcellonaCIF: B65911679 Tutti i contenuti, compresi i testi, le immagini, i suoni e qualsiasi altro materiale, sono di propriet\u00e0 della SOCIET\u00c0 Skeyon Lab S.L. o di terzi che ne hanno autorizzato l&#8217;uso a Skeyon &#8230; <a title=\"Condizioni di utilizzo\" class=\"read-more\" href=\"https:\/\/www.verificaremails.com\/it\/condizioni-di-utilizzo\/\" aria-label=\"Per saperne di pi\u00f9 su Condizioni di utilizzo\">Per saperne di pi\u00f9<\/a><\/p>\n","protected":false},"author":1,"featured_media":0,"parent":0,"menu_order":0,"comment_status":"closed","ping_status":"closed","template":"elementor_header_footer","meta":{"_acf_changed":false,"footnotes":""},"class_list":["post-2703","page","type-page","status-publish"],"acf":[],"_links":{"self":[{"href":"https:\/\/www.verificaremails.com\/it\/wp-json\/wp\/v2\/pages\/2703","targetHints":{"allow":["GET"]}}],"collection":[{"href":"https:\/\/www.verificaremails.com\/it\/wp-json\/wp\/v2\/pages"}],"about":[{"href":"https:\/\/www.verificaremails.com\/it\/wp-json\/wp\/v2\/types\/page"}],"author":[{"embeddable":true,"href":"https:\/\/www.verificaremails.com\/it\/wp-json\/wp\/v2\/users\/1"}],"replies":[{"embeddable":true,"href":"https:\/\/www.verificaremails.com\/it\/wp-json\/wp\/v2\/comments?post=2703"}],"version-history":[{"count":0,"href":"https:\/\/www.verificaremails.com\/it\/wp-json\/wp\/v2\/pages\/2703\/revisions"}],"wp:attachment":[{"href":"https:\/\/www.verificaremails.com\/it\/wp-json\/wp\/v2\/media?parent=2703"}],"curies":[{"name":"wp","href":"https:\/\/api.w.org\/{rel}","templated":true}]}}