{"id":2686,"date":"2018-10-15T10:04:44","date_gmt":"2018-10-15T09:04:44","guid":{"rendered":"https:\/\/www.verificaremails.com\/come-funziona-la-verifica-delle-mail\/"},"modified":"2025-08-04T21:02:36","modified_gmt":"2025-08-04T20:02:36","slug":"come-funziona-la-verifica-delle-mail","status":"publish","type":"page","link":"https:\/\/www.verificaremails.com\/it\/convalida-delle-caratteristiche-del-servizio-e-mail\/come-funziona-la-verifica-delle-mail\/","title":{"rendered":"Come funziona la verifica dell&#8217;e-mail"},"content":{"rendered":"\t\t<div data-elementor-type=\"wp-page\" data-elementor-id=\"2686\" class=\"elementor elementor-2686 elementor-1073\" data-elementor-post-type=\"page\">\n\t\t\t\t<div class=\"elementor-element elementor-element-bc0fcbe e-flex e-con-boxed e-con e-parent\" data-id=\"bc0fcbe\" data-element_type=\"container\">\n\t\t\t\t\t<div class=\"e-con-inner\">\n\t\t\t\t<div class=\"elementor-element elementor-element-65e2a377 elementor-widget__width-initial elementor-widget elementor-widget-heading\" data-id=\"65e2a377\" data-element_type=\"widget\" data-widget_type=\"heading.default\">\n\t\t\t\t<div class=\"elementor-widget-container\">\n\t\t\t\t\t<h2 class=\"elementor-heading-title elementor-size-default\">Come funziona la verifica dell'e-mail<\/h2>\t\t\t\t<\/div>\n\t\t\t\t<\/div>\n\t\t\t\t<div class=\"elementor-element elementor-element-6893d863 elementor-widget elementor-widget-text-editor\" data-id=\"6893d863\" data-element_type=\"widget\" data-widget_type=\"text-editor.default\">\n\t\t\t\t<div class=\"elementor-widget-container\">\n\t\t\t\t\t\t\t\t\t<h2 dir=\"ltr\"><span style=\"color: var( --e-global-color-text ); font-family: var( --e-global-typography-text-font-family ), Sans-serif; font-weight: var( --e-global-typography-text-font-weight ); text-align: var(--text-align); font-size: 17px;\">La verifica delle email \u00e8 un processo essenziale per garantire che gli indirizzi email presenti nella tua lista di contatti siano validi e attivi. Questo processo aiuta a ridurre i tassi di rimbalzo e a migliorare l&#8217;efficacia delle campagne e-mail. Di seguito ti spieghiamo come funziona e quali sono i passaggi necessari.<\/span><\/h2>\n<h3 dir=\"ltr\">Come funziona Verify Email Addresses?<\/h3>\n<p class=\"editor_editorParagraph__isQNM\" dir=\"ltr\">La <a href=\"https:\/\/www.verificaremails.com\/it\/\">verifica degli indirizzi e-mail<\/a> \u00e8 un processo che prevede diverse fasi per garantire che gli indirizzi e-mail della tua lista siano validi e in grado di ricevere le e-mail. I passaggi principali sono descritti di seguito:<\/p>\n<ol class=\"editor_editorListOl__nODeB\">\n<li class=\"editor_editorListItem__O5oI5\" value=\"1\"><b><br \/>\n  <strong class=\"editor_editorTextBold__UTGUL\">Sintassi e formattazione<\/strong><br \/>\n<\/b>Per prima cosa, controlla che l&#8217;indirizzo e-mail sia formattato correttamente. <code><span class=\"editor_editorTextCode__czEqk\">nombre@dominio.com<\/span><\/code>Questo include il controllo dell&#8217;assenza di errori tipografici e della correttezza della struttura (es. ).<\/li>\n<li class=\"editor_editorListItem__O5oI5\" value=\"2\"><b><br \/>\n  <strong class=\"editor_editorTextBold__UTGUL\">Verifica del dominio<\/strong><br \/>\n<\/b>Verifica se il dominio e-mail esiste ed \u00e8 attivo. Questo pu\u00f2 essere fatto attraverso un&#8217;interrogazione <a href=\"https:\/\/es.wikipedia.org\/wiki\/Sistema_de_nombres_de_dominio\" target=\"_blank\" rel=\"nofollow noopener\">DNS<\/a> per verificare che il dominio abbia dei record MX (Mail Exchange) validi, che indicano che pu\u00f2 ricevere email.<\/li>\n<li class=\"editor_editorListItem__O5oI5\" value=\"3\"><b><br \/>\n  <strong class=\"editor_editorTextBold__UTGUL\">Interrogazione del server di posta<\/strong><br \/>\n<\/b>Viene stabilita una connessione con il server di posta del dominio per verificare se l&#8217;indirizzo e-mail \u00e8 valido e attivo. Questo viene fatto senza inviare una vera email, utilizzando i comandi <a href=\"https:\/\/es.wikipedia.org\/wiki\/Protocolo_para_transferencia_simple_de_correo\" target=\"_blank\" rel=\"nofollow noopener\">del protocollo SMTP<\/a> per simulare l&#8217;invio.<\/li>\n<li class=\"editor_editorListItem__O5oI5\" value=\"4\"><b><br \/>\n  <strong class=\"editor_editorTextBold__UTGUL\">Verifica della casella di posta<\/strong><br \/>\n<\/b>Alcuni strumenti avanzati possono verificare se la casella di posta dell&#8217;indirizzo e-mail \u00e8 attiva e pu\u00f2 ricevere e-mail, anche se questo passaggio pu\u00f2 essere pi\u00f9 invasivo e non viene sempre utilizzato.<\/li>\n<li class=\"editor_editorListItem__O5oI5\" value=\"5\"><b><br \/>\n  <strong class=\"editor_editorTextBold__UTGUL\">Controllo dei database<\/strong><br \/>\n<\/b>L&#8217;indirizzo di posta elettronica pu\u00f2 essere confrontato con i database di email conosciute come false, temporanee o pericolose.<\/li>\n<\/ol>\n<p><img fetchpriority=\"high\"  decoding=\"async\" class=\"size-full wp-image-2363 aligncenter\" src=\"https:\/\/www.verificaremails.com\/wp-content\/uploads\/2023\/05\/servicio_validacion_emails-2.png\" alt=\"servizio di verifica dell'email\" width=\"1598\" height=\"1080\"><\/p>\n<h3 dir=\"ltr\">Strumenti di verifica delle e-mail<\/h3>\n<p class=\"editor_editorParagraph__isQNM\" dir=\"ltr\">Esistono numerosi strumenti e servizi online che facilitano la verifica degli indirizzi e-mail. Questi strumenti possono eseguire i passaggi descritti sopra in modo automatico e massivo, il che \u00e8 particolarmente utile per le mailing list di grandi dimensioni. Alcune delle caratteristiche che possono offrire sono:<\/p>\n<ul class=\"editor_editorListUl__Z78So\">\n<li class=\"editor_editorListItem__O5oI5\" value=\"1\"><b><br \/>\n  <strong class=\"editor_editorTextBold__UTGUL\">Verifica in tempo reale<\/strong><br \/>\n<\/b>Ideale per i moduli di registrazione in cui vuoi convalidare l&#8217;indirizzo e-mail mentre l&#8217;utente lo inserisce.<\/li>\n<li class=\"editor_editorListItem__O5oI5\" value=\"2\"><b><br \/>\n  <strong class=\"editor_editorTextBold__UTGUL\">Verifica in blocco<\/strong><br \/>\n<\/b>Ti permette di caricare grandi liste di email e di verificare tutti gli indirizzi in una volta sola.<\/li>\n<li class=\"editor_editorListItem__O5oI5\" value=\"3\"><b><br \/>\n  <strong class=\"editor_editorTextBold__UTGUL\">Rapporti e statistiche<\/strong><br \/>\n<\/b>Forniscono dettagli sulla validit\u00e0 degli indirizzi e sugli eventuali problemi rilevati.<\/li>\n<\/ul>\n<h3 dir=\"ltr\">Vantaggi della verifica dell&#8217;email<\/h3>\n<ul class=\"editor_editorListUl__Z78So\">\n<li class=\"editor_editorListItem__O5oI5\" value=\"1\"><b><br \/>\n  <strong class=\"editor_editorTextBold__UTGUL\">Riduzione della frequenza di rimbalzo<\/strong><br \/>\n<\/b>Inviando le email solo a indirizzi validi, riduci il numero di email che rimbalzano.<\/li>\n<li class=\"editor_editorListItem__O5oI5\" value=\"2\"><b><br \/>\n  <strong class=\"editor_editorTextBold__UTGUL\">Miglioramento della deliverability<\/strong><br \/>\n<\/b>Le campagne e-mail sono pi\u00f9 efficaci se inviate a indirizzi validi.<\/li>\n<li class=\"editor_editorListItem__O5oI5\" value=\"3\"><b><br \/>\n  <strong class=\"editor_editorTextBold__UTGUL\">Protezione della reputazione del mittente<\/strong><br \/>\n<\/b>Mantenere una lista email pulita aiuta a proteggere la reputazione del dominio del mittente e a evitare di essere segnalati come spam.<\/li>\n<\/ul>\n<h3 dir=\"ltr\">Conclusione<\/h3>\n<p class=\"editor_editorParagraph__isQNM\" dir=\"ltr\">La verifica dell&#8217;indirizzo e-mail \u00e8 un processo cruciale per qualsiasi strategia di email marketing efficace. L&#8217;utilizzo di strumenti di verifica delle email aiuta a garantire che le email inviate arrivino in caselle di posta valide, migliorando cos\u00ec i tassi di deliverability e l&#8217;efficacia delle campagne. Comprendendo e utilizzando questo processo, potrai mantenere pulita la tua lista di email e ottimizzare i tuoi sforzi di marketing digitale.<\/p>\n<p dir=\"ltr\">Per vedere nel dettaglio la procedura di convalida visita la sezione <a href=\"https:\/\/www.verificaremails.com\/it\/convalida-delle-caratteristiche-del-servizio-e-mail\/come-verificare-le-e-mail\/\">come verificare le email<\/a>. Potrai vedere casi concreti e la tabella con tutti i risultati della convalida.<\/p>\n\t\t\t\t\t\t\t\t<\/div>\n\t\t\t\t<\/div>\n\t\t\t\t\t<\/div>\n\t\t\t\t<\/div>\n\t\t\t\t<\/div>\n\t\t","protected":false},"excerpt":{"rendered":"<p>Come funziona la verifica dell&#8217;e-mail La verifica delle email \u00e8 un processo essenziale per garantire che gli indirizzi email presenti nella tua lista di contatti siano validi e attivi. Questo processo aiuta a ridurre i tassi di rimbalzo e a migliorare l&#8217;efficacia delle campagne e-mail. Di seguito ti spieghiamo come funziona e quali sono i &#8230; <a title=\"Come funziona la verifica dell&#8217;e-mail\" class=\"read-more\" href=\"https:\/\/www.verificaremails.com\/it\/convalida-delle-caratteristiche-del-servizio-e-mail\/come-funziona-la-verifica-delle-mail\/\" aria-label=\"Per saperne di pi\u00f9 su Come funziona la verifica dell&#8217;e-mail\">Per saperne di pi\u00f9<\/a><\/p>\n","protected":false},"author":1,"featured_media":0,"parent":2688,"menu_order":0,"comment_status":"closed","ping_status":"closed","template":"elementor_header_footer","meta":{"_acf_changed":false,"footnotes":""},"class_list":["post-2686","page","type-page","status-publish"],"acf":[],"_links":{"self":[{"href":"https:\/\/www.verificaremails.com\/it\/wp-json\/wp\/v2\/pages\/2686","targetHints":{"allow":["GET"]}}],"collection":[{"href":"https:\/\/www.verificaremails.com\/it\/wp-json\/wp\/v2\/pages"}],"about":[{"href":"https:\/\/www.verificaremails.com\/it\/wp-json\/wp\/v2\/types\/page"}],"author":[{"embeddable":true,"href":"https:\/\/www.verificaremails.com\/it\/wp-json\/wp\/v2\/users\/1"}],"replies":[{"embeddable":true,"href":"https:\/\/www.verificaremails.com\/it\/wp-json\/wp\/v2\/comments?post=2686"}],"version-history":[{"count":0,"href":"https:\/\/www.verificaremails.com\/it\/wp-json\/wp\/v2\/pages\/2686\/revisions"}],"up":[{"embeddable":true,"href":"https:\/\/www.verificaremails.com\/it\/wp-json\/wp\/v2\/pages\/2688"}],"wp:attachment":[{"href":"https:\/\/www.verificaremails.com\/it\/wp-json\/wp\/v2\/media?parent=2686"}],"curies":[{"name":"wp","href":"https:\/\/api.w.org\/{rel}","templated":true}]}}