{"id":13216,"date":"2025-01-17T12:08:22","date_gmt":"2025-01-17T11:08:22","guid":{"rendered":"https:\/\/www.verificaremails.com\/?page_id=13216"},"modified":"2025-09-04T16:05:26","modified_gmt":"2025-09-04T15:05:26","slug":"gestisci-gli-eventi-con-il-widget","status":"publish","type":"page","link":"https:\/\/www.verificaremails.com\/it\/gestisci-gli-eventi-con-il-widget\/","title":{"rendered":"Gestisci gli eventi con il Widget"},"content":{"rendered":"\t\t<div data-elementor-type=\"wp-post\" data-elementor-id=\"13216\" class=\"elementor elementor-13216 elementor-13213\" data-elementor-post-type=\"page\">\n\t\t\t\t\t\t<section class=\"elementor-section elementor-top-section elementor-element elementor-element-e58afce elementor-section-content-middle elementor-section-stretched elementor-section-boxed elementor-section-height-default elementor-section-height-default\" data-id=\"e58afce\" data-element_type=\"section\" data-settings=\"{&quot;background_background&quot;:&quot;classic&quot;,&quot;stretch_section&quot;:&quot;section-stretched&quot;}\">\n\t\t\t\t\t\t<div class=\"elementor-container elementor-column-gap-no\">\n\t\t\t\t\t<div class=\"elementor-column elementor-col-100 elementor-top-column elementor-element elementor-element-d0f57e2\" data-id=\"d0f57e2\" data-element_type=\"column\">\n\t\t\t<div class=\"elementor-widget-wrap elementor-element-populated\">\n\t\t\t\t\t\t<div class=\"elementor-element elementor-element-1f28518 elementor-widget elementor-widget-heading\" data-id=\"1f28518\" data-element_type=\"widget\" data-widget_type=\"heading.default\">\n\t\t\t\t<div class=\"elementor-widget-container\">\n\t\t\t\t\t<h1 class=\"elementor-heading-title elementor-size-default\">Gestire gli eventi nel widget<\/h1>\t\t\t\t<\/div>\n\t\t\t\t<\/div>\n\t\t\t\t<div class=\"elementor-element elementor-element-884bf0c elementor-widget elementor-widget-text-editor\" data-id=\"884bf0c\" data-element_type=\"widget\" data-widget_type=\"text-editor.default\">\n\t\t\t\t<div class=\"elementor-widget-container\">\n\t\t\t\t\t\t\t\t\t<p style=\"text-align: left;\">Il <a href=\"https:\/\/www.verificaremails.com\/it\/kb\/come-utilizzare-il-widget-per-convalidare-i-moduli\/\">widget<\/a> \u00e8 un meccanismo che ti permette di implementare facilmente i servizi di verifica nei tuoi moduli web di raccolta dati. Con la procedura guidata puoi decidere quali servizi di verifica vuoi implementare, in quali campi vuoi che vengano utilizzati e il loro comportamento. Ad esempio, puoi configurare il modulo in modo che non ti permetta di inviare i dati se un campo contiene un indirizzo e-mail, un numero di telefono o un indirizzo postale errato. Un&#8217;altra opzione potrebbe essere quella di contrassegnare in rosso il campo errato ma lasciare che tu invii i dati&#8230;   <\/p><p style=\"text-align: left;\">Sebbene il widget consenta una variet\u00e0 di configurazioni, c&#8217;\u00e8 anche la possibilit\u00e0 di gestirle tramite codice in modo che i programmatori abbiano il pieno controllo su come reagiscono agli eventi di verifica. Per fare ci\u00f2, \u00e8 necessario disabilitare l&#8217;opzione &#8220;<b>Passaggio 4&#8243;<\/b><b>&#8220;Gestisci l&#8217;invio del modulo&#8221;. <br><\/b>  <\/p><p style=\"text-align: left;\">Hai 3 opzioni:<\/p><ul><li style=\"text-align: left;\">Javascript standard con gestione asincrona<\/li><li style=\"text-align: left;\">Javascript standard senza gestione asincrona<\/li><li style=\"text-align: left;\">JQuery con gestione asincrona<\/li><li style=\"text-align: left;\">JQuery con gestione non asincrona<b> <br><\/b><\/li><\/ul>\t\t\t\t\t\t\t\t<\/div>\n\t\t\t\t<\/div>\n\t\t\t\t<div class=\"elementor-element elementor-element-20abc86 carga_prioritaria elementor-widget elementor-widget-image\" data-id=\"20abc86\" data-element_type=\"widget\" data-widget_type=\"image.default\">\n\t\t\t\t<div class=\"elementor-widget-container\">\n\t\t\t\t\t\t\t\t\t\t\t\t\t\t\t<img fetchpriority=\"high\"  decoding=\"async\" width=\"1453\" height=\"620\" src=\"https:\/\/www.verificaremails.com\/wp-content\/uploads\/2025\/01\/gestion_eventos_widget.png\" class=\"attachment-1536x1536 size-1536x1536 wp-image-13226\" alt=\"Gestionar eventos con el Widget\" srcset=\"https:\/\/www.verificaremails.com\/wp-content\/uploads\/2025\/01\/gestion_eventos_widget.png 1453w, https:\/\/www.verificaremails.com\/wp-content\/uploads\/2025\/01\/gestion_eventos_widget-300x128.png 300w, https:\/\/www.verificaremails.com\/wp-content\/uploads\/2025\/01\/gestion_eventos_widget-1024x437.png 1024w, https:\/\/www.verificaremails.com\/wp-content\/uploads\/2025\/01\/gestion_eventos_widget-768x328.png 768w\" sizes=\"(max-width: 1453px) 100vw, 1453px\" \/>\t\t\t\t\t\t\t\t\t\t\t\t\t\t\t<\/div>\n\t\t\t\t<\/div>\n\t\t\t\t\t<\/div>\n\t\t<\/div>\n\t\t\t\t\t<\/div>\n\t\t<\/section>\n\t\t\t\t<section class=\"elementor-section elementor-top-section elementor-element elementor-element-5aeaeb1b elementor-section-stretched elementor-section-boxed elementor-section-height-default elementor-section-height-default\" data-id=\"5aeaeb1b\" data-element_type=\"section\" data-settings=\"{&quot;background_background&quot;:&quot;classic&quot;,&quot;stretch_section&quot;:&quot;section-stretched&quot;}\">\n\t\t\t\t\t\t<div class=\"elementor-container elementor-column-gap-default\">\n\t\t\t\t\t<div class=\"elementor-column elementor-col-100 elementor-top-column elementor-element elementor-element-68fca373\" data-id=\"68fca373\" data-element_type=\"column\">\n\t\t\t<div class=\"elementor-widget-wrap elementor-element-populated\">\n\t\t\t\t\t\t<div class=\"elementor-element elementor-element-4a8765b elementor-widget elementor-widget-heading\" data-id=\"4a8765b\" data-element_type=\"widget\" data-widget_type=\"heading.default\">\n\t\t\t\t<div class=\"elementor-widget-container\">\n\t\t\t\t\t<h3 class=\"elementor-heading-title elementor-size-default\">Convalida dei moduli con JavaScript e gestione asincrona<\/h3>\t\t\t\t<\/div>\n\t\t\t\t<\/div>\n\t\t\t\t<div class=\"elementor-element elementor-element-998fe4d elementor-widget elementor-widget-code-highlight\" data-id=\"998fe4d\" data-element_type=\"widget\" data-widget_type=\"code-highlight.default\">\n\t\t\t\t<div class=\"elementor-widget-container\">\n\t\t\t\t\t\t\t<div class=\"prismjs-default copy-to-clipboard \">\n\t\t\t<pre data-line=\"\" class=\"highlight-height language-javascript line-numbers\">\n\t\t\t\t<code readonly=\"true\" class=\"language-javascript\">\n\t\t\t\t\t<xmp><!DOCTYPE html>\n<html>\n<head>\n    <meta charset=\"UTF-8\">\n    <meta name=\"viewport\" content=\"width=device-width, initial-scale=1.0\">\n    \n    <script src=\"https:\/\/dashboard.verificaremails.com\/widgetjs\/widgetjs.js\" type=\"text\/javascript\"><\/script>\n    <script>widgetJS.init('********TOKEN********');<\/script>\n    \n    <script>\n        \/\/ Ejemplo usando JavaScript est\u00e1ndar\n        document.addEventListener('DOMContentLoaded', function () {\n            const form = document.getElementById('myform');\n\n            form.addEventListener('submit', async function (event) {\n                event.preventDefault(); \/\/ Prevenir el env\u00edo del formulario\n\n                \/\/ Validar el formulario\n                const isFormValid = await widgetJS.isFormValid('#myform');\n\n                if (isFormValid) {\n                    \/\/ Si el formulario es v\u00e1lido, enviar el formulario y\/o realizar otras operaciones.\n                    form.submit();\n                } else {\n                    \/\/ Si el formulario no es v\u00e1lido, mostrar un mensaje de error o realizar cualquier otra operaci\u00f3n deseada. \n\t\t    \/\/ Los estilos CSS\/style definidos en el widget tambi\u00e9n se aplicar\u00e1n.\n                    alert('El formulario no es v\u00e1lido. Por favor, revisa los campos.');\n                }\n\n\t\t\/\/ Aqu\u00ed podr\u00eda haber m\u00e1s c\u00f3digo\n            });\n        });\n    <\/script>\n<\/head>\n<body>\n    <form id=\"myform\" class=\"profile-form\">\n        <label for=\"name\">Nombre:<\/label>\n        <input type=\"text\" id=\"name\" name=\"name\" required>\n        <button type=\"submit\">Enviar<\/button>\n    <\/form>\n<\/body>\n<\/html><\/xmp>\n\t\t\t\t<\/code>\n\t\t\t<\/pre>\n\t\t<\/div>\n\t\t\t\t\t\t<\/div>\n\t\t\t\t<\/div>\n\t\t\t\t<div class=\"elementor-element elementor-element-14a10a8 elementor-widget elementor-widget-heading\" data-id=\"14a10a8\" data-element_type=\"widget\" data-widget_type=\"heading.default\">\n\t\t\t\t<div class=\"elementor-widget-container\">\n\t\t\t\t\t<h3 class=\"elementor-heading-title elementor-size-default\">Convalida di un modulo con JavaScript senza gestione asincrona<\/h3>\t\t\t\t<\/div>\n\t\t\t\t<\/div>\n\t\t\t\t<div class=\"elementor-element elementor-element-a082c42 elementor-widget elementor-widget-code-highlight\" data-id=\"a082c42\" data-element_type=\"widget\" data-widget_type=\"code-highlight.default\">\n\t\t\t\t<div class=\"elementor-widget-container\">\n\t\t\t\t\t\t\t<div class=\"prismjs-default copy-to-clipboard \">\n\t\t\t<pre data-line=\"\" class=\"highlight-height language-javascript line-numbers\">\n\t\t\t\t<code readonly=\"true\" class=\"language-javascript\">\n\t\t\t\t\t<xmp><!DOCTYPE html>\n<html>\n<head>\n    <meta charset=\"UTF-8\">\n    <meta name=\"viewport\" content=\"width=device-width, initial-scale=1.0\">\n\n    <script src=\"https:\/\/code.jquery.com\/jquery-3.6.0.min.js\"><\/script>\n    <script src=\"https:\/\/dashboard.verificaremails.com\/widgetjs\/widgetjs.js\" type=\"text\/javascript\"><\/script>\n    <script>widgetJS.init('********TOKEN********');<\/script>\n    <script>\n        \/\/ Ejemplo usando JavaScript est\u00e1ndar\n        document.addEventListener('DOMContentLoaded', function() {\n            const form = document.getElementById('myform');\n\n            form.addEventListener('submit', function(event) {\n                event.preventDefault(); \/\/ Prevenir el env\u00edo del formulario\n\n                \/\/ Validar el formulario\n                widgetJS.isFormValid('#myform').then(isFormValid => {\n                    if (isFormValid) {\n                        \/\/ Si el formulario es v\u00e1lido, enviar el formulario\n                        form.submit();\n                    } else {\n                        \/\/ Si el formulario no es v\u00e1lido, mostrar un mensaje de error o realizar cualquier otra operaci\u00f3n deseada\n                        alert('El formulario no es v\u00e1lido. Por favor, revisa los campos.');\n\n                        \/\/ Aqu\u00ed podr\u00eda haber m\u00e1s c\u00f3digo\n                    }\n                }).catch(error => {\n                    console.error('Error al validar el formulario:', error);\n                    alert('Ocurri\u00f3 un error al validar el formulario.');\n                });\n            });\n        });\n    <\/script>\n<\/head>\n<body>\n    <form id=\"myform\" class=\"profile-form\">\n        <label for=\"name\">Nombre:<\/label>\n        <input type=\"text\" id=\"name\" name=\"name\" required>\n        <button type=\"submit\">Enviar<\/button>\n    <\/form>\n<\/body>\n<\/html><\/xmp>\n\t\t\t\t<\/code>\n\t\t\t<\/pre>\n\t\t<\/div>\n\t\t\t\t\t\t<\/div>\n\t\t\t\t<\/div>\n\t\t\t\t<div class=\"elementor-element elementor-element-aa903fb elementor-widget elementor-widget-heading\" data-id=\"aa903fb\" data-element_type=\"widget\" data-widget_type=\"heading.default\">\n\t\t\t\t<div class=\"elementor-widget-container\">\n\t\t\t\t\t<h3 class=\"elementor-heading-title elementor-size-default\">Convalida del modulo con JQuery con gestione asincrona<\/h3>\t\t\t\t<\/div>\n\t\t\t\t<\/div>\n\t\t\t\t<div class=\"elementor-element elementor-element-9ae2d33 elementor-widget elementor-widget-code-highlight\" data-id=\"9ae2d33\" data-element_type=\"widget\" data-widget_type=\"code-highlight.default\">\n\t\t\t\t<div class=\"elementor-widget-container\">\n\t\t\t\t\t\t\t<div class=\"prismjs-default copy-to-clipboard \">\n\t\t\t<pre data-line=\"\" class=\"highlight-height language-javascript line-numbers\">\n\t\t\t\t<code readonly=\"true\" class=\"language-javascript\">\n\t\t\t\t\t<xmp>\n<!DOCTYPE html>\n<html>\n<head>\n    <meta charset=\"UTF-8\">\n    <meta name=\"viewport\" content=\"width=device-width, initial-scale=1.0\">\n\n    <script src=\"https:\/\/code.jquery.com\/jquery-3.6.0.min.js\"><\/script>\n    <script src=\"https:\/\/dashboard.verificaremails.com\/widgetjs\/widgetjs.js\" type=\"text\/javascript\"><\/script>\n    <script>widgetJS.init('********TOKEN********');<\/script>\n    <script>\n        $(document).ready(function () {\n            $('#myform').on('submit', async function (event) {\n                event.preventDefault(); \/\/ Prevenir el env\u00edo del formulario\n\n                \/\/ Validar el formulario\n                const isFormValid = await widgetJS.isFormValid('#myform');\n\n                if (isFormValid) {\n                    \/\/ Si el formulario es v\u00e1lido, enviar el formulario y\/o realizar otras operaciones.\n                    this.submit();\n                } else {\n                    \/\/ Si el formulario no es v\u00e1lido, mostrar un mensaje de error o realizar cualquier otra operaci\u00f3n deseada\n\t\t    \/\/ Los estilos CSS\/style definidos en el widget tambi\u00e9n se aplicar\u00e1n.\n                    alert('El formulario no es v\u00e1lido. Por favor, revisa los campos.');\n                }\n\n\t\t\/\/ Aqu\u00ed podr\u00eda haber m\u00e1s c\u00f3digo\n            });\n        });\n    <\/script>    \n<\/head>\n<body>\n    <form id=\"myform\" class=\"profile-form\">\n        <label for=\"name\">Nombre:<\/label>\n        <input type=\"text\" id=\"name\" name=\"name\" required>\n        <button type=\"submit\">Enviar<\/button>\n    <\/form>\n<\/body>\n<\/html>\n<\/xmp>\n\t\t\t\t<\/code>\n\t\t\t<\/pre>\n\t\t<\/div>\n\t\t\t\t\t\t<\/div>\n\t\t\t\t<\/div>\n\t\t\t\t<div class=\"elementor-element elementor-element-5cdfb91 elementor-widget elementor-widget-heading\" data-id=\"5cdfb91\" data-element_type=\"widget\" data-widget_type=\"heading.default\">\n\t\t\t\t<div class=\"elementor-widget-container\">\n\t\t\t\t\t<h3 class=\"elementor-heading-title elementor-size-default\">Convalida del modulo con JQuery senza gestione asincrona<\/h3>\t\t\t\t<\/div>\n\t\t\t\t<\/div>\n\t\t\t\t<div class=\"elementor-element elementor-element-5279dc4 elementor-widget elementor-widget-code-highlight\" data-id=\"5279dc4\" data-element_type=\"widget\" data-widget_type=\"code-highlight.default\">\n\t\t\t\t<div class=\"elementor-widget-container\">\n\t\t\t\t\t\t\t<div class=\"prismjs-default copy-to-clipboard \">\n\t\t\t<pre data-line=\"\" class=\"highlight-height language-javascript line-numbers\">\n\t\t\t\t<code readonly=\"true\" class=\"language-javascript\">\n\t\t\t\t\t<xmp>\n<!DOCTYPE html>\n<html>\n<head>\n    <meta charset=\"UTF-8\">\n    <meta name=\"viewport\" content=\"width=device-width, initial-scale=1.0\">\n\n    <script src=\"https:\/\/code.jquery.com\/jquery-3.6.0.min.js\"><\/script>\n    <script src=\"https:\/\/dashboard.verificaremails.com\/widgetjs\/widgetjs.js\" type=\"text\/javascript\"><\/script>\n    <script>widgetJS.init('********TOKEN********');<\/script>\n    <script>\n        \/\/ Ejemplo usando jQuery\n        $(document).ready(function() {\n            $('#myform').on('submit', function(event) {\n                event.preventDefault(); \/\/ Prevenir el env\u00edo del formulario\n\n                \/\/ Validar el formulario\n                widgetJS.isFormValid('#myform').then(isFormValid => {\n                    if (isFormValid) {\n                        \/\/ Si el formulario es v\u00e1lido, enviar el formulario\n                        event.target.submit();\n                    } else {\n                        \/\/ Si el formulario no es v\u00e1lido, mostrar un mensaje de error o realizar cualquier otra operaci\u00f3n deseada\n                        alert('El formulario no es v\u00e1lido. Por favor, revisa los campos.');\n\n\n                        \/\/ Aqu\u00ed podr\u00eda haber m\u00e1s c\u00f3digo\n                    }\n                }).catch(error => {\n                    console.error('Error al validar el formulario:', error);\n                    alert('Ocurri\u00f3 un error al validar el formulario.');\n                });\n            });\n        });\n    <\/script>\n<\/head>\n<body>\n    <form id=\"myform\" class=\"profile-form\">\n        <label for=\"name\">Nombre:<\/label>\n        <input type=\"text\" id=\"name\" name=\"name\" required>\n        <button type=\"submit\">Enviar<\/button>\n    <\/form>\n<\/body>\n<\/html>\n<\/xmp>\n\t\t\t\t<\/code>\n\t\t\t<\/pre>\n\t\t<\/div>\n\t\t\t\t\t\t<\/div>\n\t\t\t\t<\/div>\n\t\t\t\t\t<\/div>\n\t\t<\/div>\n\t\t\t\t\t<\/div>\n\t\t<\/section>\n\t\t\t\t<section class=\"elementor-section elementor-top-section elementor-element elementor-element-399553e elementor-section-content-middle elementor-section-stretched elementor-section-boxed elementor-section-height-default elementor-section-height-default\" data-id=\"399553e\" data-element_type=\"section\" data-settings=\"{&quot;stretch_section&quot;:&quot;section-stretched&quot;,&quot;background_background&quot;:&quot;classic&quot;}\">\n\t\t\t\t\t\t<div class=\"elementor-container elementor-column-gap-no\">\n\t\t\t\t\t<div class=\"elementor-column elementor-col-100 elementor-top-column elementor-element elementor-element-d06a56f\" data-id=\"d06a56f\" data-element_type=\"column\">\n\t\t\t<div class=\"elementor-widget-wrap elementor-element-populated\">\n\t\t\t\t\t\t<div class=\"elementor-element elementor-element-2f89982 elementor-widget elementor-widget-heading\" data-id=\"2f89982\" data-element_type=\"widget\" data-widget_type=\"heading.default\">\n\t\t\t\t<div class=\"elementor-widget-container\">\n\t\t\t\t\t<h2 class=\"elementor-heading-title elementor-size-small\">Risultati della verifica nel widget<\/h2>\t\t\t\t<\/div>\n\t\t\t\t<\/div>\n\t\t\t\t<div class=\"elementor-element elementor-element-7c888d2 elementor-widget elementor-widget-text-editor\" data-id=\"7c888d2\" data-element_type=\"widget\" data-widget_type=\"text-editor.default\">\n\t\t\t\t<div class=\"elementor-widget-container\">\n\t\t\t\t\t\t\t\t\t<div data-id=\"18a0766\" data-element_type=\"widget\" data-widget_type=\"text-editor.default\"><div><p>Per visualizzare lo stato delle verifiche dobbiamo andare nella sezione &#8220;APIS&#8221; e selezionare l&#8217;API che abbiamo utilizzato nel widget. Regolando l&#8217;intervallo di tempo possiamo vedere un grafico con lo stato delle diverse verifiche nel tempo. <\/p><p>Se il widget controlla pi\u00f9 di un tipo di dati, dobbiamo aprire ciascuna delle API utilizzate:<\/p><ul><li><a href=\"https:\/\/www.verificaremails.com\/it\/\">Verifica dell&#8217;indirizzo e-mail<\/a><\/li><li><a href=\"https:\/\/www.verificaremails.com\/it\/convalidare-i-numeri-di-telefono\/\">Convalida del numero di telefono<\/a><\/li><li><a href=\"https:\/\/www.verificaremails.com\/it\/convalidare-nomi-e-cognomi\/\">Convalida di nomi e cognomi<\/a><\/li><li><a href=\"https:\/\/www.verificaremails.com\/it\/servizio-di-convalida-degli-indirizzi-postali\/\">verifica degli indirizzi postali<\/a><\/li><\/ul><p><img  decoding=\"async\" src=\"https:\/\/www.verificaremails.com\/wp-content\/uploads\/2023\/05\/api_comprobar_correo-1024x419.png\" alt=\"API Posta di controllo\" width=\"1024\" height=\"419\" data-lazy-src=\"https:\/\/www.verificaremails.com\/wp-content\/uploads\/2023\/05\/api_comprobar_correo-1024x419.png\" data-ll-status=\"loaded\"><\/p><p>Possiamo accedere alle verifiche di ogni record selezionando l&#8217;icona &#8220;occhio&#8221; nella sezione &#8220;APIS CONNESSI&#8221;.<\/p><\/div><\/div><div data-id=\"6599b16\" data-element_type=\"widget\" data-widget_type=\"text-editor.default\"><div> <\/div><\/div>\t\t\t\t\t\t\t\t<\/div>\n\t\t\t\t<\/div>\n\t\t\t\t\t<\/div>\n\t\t<\/div>\n\t\t\t\t\t<\/div>\n\t\t<\/section>\n\t\t\t\t<section class=\"elementor-section elementor-top-section elementor-element elementor-element-c9f8e56 elementor-section-stretched elementor-section-content-middle elementor-section-boxed elementor-section-height-default elementor-section-height-default\" data-id=\"c9f8e56\" data-element_type=\"section\" data-settings=\"{&quot;background_background&quot;:&quot;classic&quot;,&quot;stretch_section&quot;:&quot;section-stretched&quot;}\">\n\t\t\t\t\t\t\t<div class=\"elementor-background-overlay\"><\/div>\n\t\t\t\t\t\t\t<div class=\"elementor-container elementor-column-gap-default\">\n\t\t\t\t\t<div class=\"elementor-column elementor-col-100 elementor-top-column elementor-element elementor-element-dce3495\" data-id=\"dce3495\" data-element_type=\"column\">\n\t\t\t<div class=\"elementor-widget-wrap elementor-element-populated\">\n\t\t\t\t\t\t<div class=\"elementor-element elementor-element-cd1165b elementor-widget elementor-widget-text-editor\" data-id=\"cd1165b\" data-element_type=\"widget\" data-widget_type=\"text-editor.default\">\n\t\t\t\t<div class=\"elementor-widget-container\">\n\t\t\t\t\t\t\t\t\t<h2>Hai bisogno di aiuto per le verifiche? Non preoccupatevi <\/h2>\t\t\t\t\t\t\t\t<\/div>\n\t\t\t\t<\/div>\n\t\t\t\t<div class=\"elementor-element elementor-element-f5bc887 elementor-widget elementor-widget-text-editor\" data-id=\"f5bc887\" data-element_type=\"widget\" data-widget_type=\"text-editor.default\">\n\t\t\t\t<div class=\"elementor-widget-container\">\n\t\t\t\t\t\t\t\t\t<p>Siamo il tuo partner di fiducia per la convalida dei tuoi dati.  <br>Contatta o chiama il +34 93 451 11 00<\/p>\t\t\t\t\t\t\t\t<\/div>\n\t\t\t\t<\/div>\n\t\t\t\t<div class=\"elementor-element elementor-element-b5baa95 elementor-align-center elementor-widget elementor-widget-button\" data-id=\"b5baa95\" data-element_type=\"widget\" data-widget_type=\"button.default\">\n\t\t\t\t<div class=\"elementor-widget-container\">\n\t\t\t\t\t\t\t\t\t<div class=\"elementor-button-wrapper\">\n\t\t\t\t\t<a class=\"elementor-button elementor-button-link elementor-size-lg\" href=\"https:\/\/www.verificaremails.com\/it\/contatto\/\" rel=\"nofollow\">\n\t\t\t\t\t\t<span class=\"elementor-button-content-wrapper\">\n\t\t\t\t\t\t\t\t\t<span class=\"elementor-button-text\">Contatto<\/span>\n\t\t\t\t\t<\/span>\n\t\t\t\t\t<\/a>\n\t\t\t\t<\/div>\n\t\t\t\t\t\t\t\t<\/div>\n\t\t\t\t<\/div>\n\t\t\t\t\t<\/div>\n\t\t<\/div>\n\t\t\t\t\t<\/div>\n\t\t<\/section>\n\t\t\t\t<\/div>\n\t\t","protected":false},"excerpt":{"rendered":"<p>Gestire gli eventi nel widget Il widget \u00e8 un meccanismo che ti permette di implementare facilmente i servizi di verifica nei tuoi moduli web di raccolta dati. Con la procedura guidata puoi decidere quali servizi di verifica vuoi implementare, in quali campi vuoi che vengano utilizzati e il loro comportamento. Ad esempio, puoi configurare il &#8230; <a title=\"Gestisci gli eventi con il Widget\" class=\"read-more\" href=\"https:\/\/www.verificaremails.com\/it\/gestisci-gli-eventi-con-il-widget\/\" aria-label=\"Per saperne di pi\u00f9 su Gestisci gli eventi con il Widget\">Per saperne di pi\u00f9<\/a><\/p>\n","protected":false},"author":1,"featured_media":0,"parent":0,"menu_order":0,"comment_status":"closed","ping_status":"closed","template":"elementor_header_footer","meta":{"_acf_changed":false,"footnotes":""},"class_list":["post-13216","page","type-page","status-publish"],"acf":[],"_links":{"self":[{"href":"https:\/\/www.verificaremails.com\/it\/wp-json\/wp\/v2\/pages\/13216","targetHints":{"allow":["GET"]}}],"collection":[{"href":"https:\/\/www.verificaremails.com\/it\/wp-json\/wp\/v2\/pages"}],"about":[{"href":"https:\/\/www.verificaremails.com\/it\/wp-json\/wp\/v2\/types\/page"}],"author":[{"embeddable":true,"href":"https:\/\/www.verificaremails.com\/it\/wp-json\/wp\/v2\/users\/1"}],"replies":[{"embeddable":true,"href":"https:\/\/www.verificaremails.com\/it\/wp-json\/wp\/v2\/comments?post=13216"}],"version-history":[{"count":0,"href":"https:\/\/www.verificaremails.com\/it\/wp-json\/wp\/v2\/pages\/13216\/revisions"}],"wp:attachment":[{"href":"https:\/\/www.verificaremails.com\/it\/wp-json\/wp\/v2\/media?parent=13216"}],"curies":[{"name":"wp","href":"https:\/\/api.w.org\/{rel}","templated":true}]}}