{"id":13215,"date":"2025-01-17T12:08:22","date_gmt":"2025-01-17T11:08:22","guid":{"rendered":"https:\/\/www.verificaremails.com\/?page_id=13215"},"modified":"2025-09-04T16:05:22","modified_gmt":"2025-09-04T15:05:22","slug":"manage-events-with-the-widget","status":"publish","type":"page","link":"https:\/\/www.verificaremails.com\/en\/manage-events-with-the-widget\/","title":{"rendered":"Manage events with the Widget"},"content":{"rendered":"\t\t<div data-elementor-type=\"wp-post\" data-elementor-id=\"13215\" class=\"elementor elementor-13215 elementor-13213\" data-elementor-post-type=\"page\">\n\t\t\t\t\t\t<section class=\"elementor-section elementor-top-section elementor-element elementor-element-e58afce elementor-section-content-middle elementor-section-stretched elementor-section-boxed elementor-section-height-default elementor-section-height-default\" data-id=\"e58afce\" data-element_type=\"section\" data-settings=\"{&quot;background_background&quot;:&quot;classic&quot;,&quot;stretch_section&quot;:&quot;section-stretched&quot;}\">\n\t\t\t\t\t\t<div class=\"elementor-container elementor-column-gap-no\">\n\t\t\t\t\t<div class=\"elementor-column elementor-col-100 elementor-top-column elementor-element elementor-element-d0f57e2\" data-id=\"d0f57e2\" data-element_type=\"column\">\n\t\t\t<div class=\"elementor-widget-wrap elementor-element-populated\">\n\t\t\t\t\t\t<div class=\"elementor-element elementor-element-1f28518 elementor-widget elementor-widget-heading\" data-id=\"1f28518\" data-element_type=\"widget\" data-widget_type=\"heading.default\">\n\t\t\t\t<div class=\"elementor-widget-container\">\n\t\t\t\t\t<h1 class=\"elementor-heading-title elementor-size-default\">Manage Events in the Widget<\/h1>\t\t\t\t<\/div>\n\t\t\t\t<\/div>\n\t\t\t\t<div class=\"elementor-element elementor-element-884bf0c elementor-widget elementor-widget-text-editor\" data-id=\"884bf0c\" data-element_type=\"widget\" data-widget_type=\"text-editor.default\">\n\t\t\t\t<div class=\"elementor-widget-container\">\n\t\t\t\t\t\t\t\t\t<p style=\"text-align: left;\">The <a href=\"https:\/\/www.verificaremails.com\/en\/kb\/how-to-use-the-widget-to-validate-forms\/\">widget<\/a> is a mechanism that allows you to implement verification services in a simple way in the data collection Web forms. With the wizard you can decide which verification services you want to implement, in which fields you want them to be used and their behavior. For example, you could configure the form not to let you submit data if a field contains an incorrect email address, a phone number or an error in a postal address. Another option could be to mark in red the wrong field but let you send the data&#8230;   <\/p><p style=\"text-align: left;\">While the widget allows for a variety of configurations, there is also the ability to manage them via code so that programmers have full control over how they react to verification events. To do this, you must disable the option &#8220;<b>Step 4&#8243;<\/b><b>&#8220;Manage form submission&#8221;. <br><\/b>  <\/p><p style=\"text-align: left;\">You have 3 options:<\/p><ul><li style=\"text-align: left;\">Standard Javascript with asynchronous management<\/li><li style=\"text-align: left;\">Standard Javascript without asynchronous management<\/li><li style=\"text-align: left;\">JQuery with asynchronous management<\/li><li style=\"text-align: left;\">JQuery with non-asynchronous management<b> <br><\/b><\/li><\/ul>\t\t\t\t\t\t\t\t<\/div>\n\t\t\t\t<\/div>\n\t\t\t\t<div class=\"elementor-element elementor-element-20abc86 carga_prioritaria elementor-widget elementor-widget-image\" data-id=\"20abc86\" data-element_type=\"widget\" data-widget_type=\"image.default\">\n\t\t\t\t<div class=\"elementor-widget-container\">\n\t\t\t\t\t\t\t\t\t\t\t\t\t\t\t<img fetchpriority=\"high\"  decoding=\"async\" width=\"1453\" height=\"620\" src=\"https:\/\/www.verificaremails.com\/wp-content\/uploads\/2025\/01\/gestion_eventos_widget.png\" class=\"attachment-1536x1536 size-1536x1536 wp-image-13224\" alt=\"Gestionar eventos con el Widget\" srcset=\"https:\/\/www.verificaremails.com\/wp-content\/uploads\/2025\/01\/gestion_eventos_widget.png 1453w, https:\/\/www.verificaremails.com\/wp-content\/uploads\/2025\/01\/gestion_eventos_widget-300x128.png 300w, https:\/\/www.verificaremails.com\/wp-content\/uploads\/2025\/01\/gestion_eventos_widget-1024x437.png 1024w, https:\/\/www.verificaremails.com\/wp-content\/uploads\/2025\/01\/gestion_eventos_widget-768x328.png 768w\" sizes=\"(max-width: 1453px) 100vw, 1453px\" \/>\t\t\t\t\t\t\t\t\t\t\t\t\t\t\t<\/div>\n\t\t\t\t<\/div>\n\t\t\t\t\t<\/div>\n\t\t<\/div>\n\t\t\t\t\t<\/div>\n\t\t<\/section>\n\t\t\t\t<section class=\"elementor-section elementor-top-section elementor-element elementor-element-5aeaeb1b elementor-section-stretched elementor-section-boxed elementor-section-height-default elementor-section-height-default\" data-id=\"5aeaeb1b\" data-element_type=\"section\" data-settings=\"{&quot;background_background&quot;:&quot;classic&quot;,&quot;stretch_section&quot;:&quot;section-stretched&quot;}\">\n\t\t\t\t\t\t<div class=\"elementor-container elementor-column-gap-default\">\n\t\t\t\t\t<div class=\"elementor-column elementor-col-100 elementor-top-column elementor-element elementor-element-68fca373\" data-id=\"68fca373\" data-element_type=\"column\">\n\t\t\t<div class=\"elementor-widget-wrap elementor-element-populated\">\n\t\t\t\t\t\t<div class=\"elementor-element elementor-element-4a8765b elementor-widget elementor-widget-heading\" data-id=\"4a8765b\" data-element_type=\"widget\" data-widget_type=\"heading.default\">\n\t\t\t\t<div class=\"elementor-widget-container\">\n\t\t\t\t\t<h3 class=\"elementor-heading-title elementor-size-default\">JavaScript form validation and asynchronous form management<\/h3>\t\t\t\t<\/div>\n\t\t\t\t<\/div>\n\t\t\t\t<div class=\"elementor-element elementor-element-998fe4d elementor-widget elementor-widget-code-highlight\" data-id=\"998fe4d\" data-element_type=\"widget\" data-widget_type=\"code-highlight.default\">\n\t\t\t\t<div class=\"elementor-widget-container\">\n\t\t\t\t\t\t\t<div class=\"prismjs-default copy-to-clipboard \">\n\t\t\t<pre data-line=\"\" class=\"highlight-height language-javascript line-numbers\">\n\t\t\t\t<code readonly=\"true\" class=\"language-javascript\">\n\t\t\t\t\t<xmp><!DOCTYPE html>\n<html>\n<head>\n    <meta charset=\"UTF-8\">\n    <meta name=\"viewport\" content=\"width=device-width, initial-scale=1.0\">\n    \n    <script src=\"https:\/\/dashboard.verificaremails.com\/widgetjs\/widgetjs.js\" type=\"text\/javascript\"><\/script>\n    <script>widgetJS.init('********TOKEN********');<\/script>\n    \n    <script>\n        \/\/ Ejemplo usando JavaScript est\u00e1ndar\n        document.addEventListener('DOMContentLoaded', function () {\n            const form = document.getElementById('myform');\n\n            form.addEventListener('submit', async function (event) {\n                event.preventDefault(); \/\/ Prevenir el env\u00edo del formulario\n\n                \/\/ Validar el formulario\n                const isFormValid = await widgetJS.isFormValid('#myform');\n\n                if (isFormValid) {\n                    \/\/ Si el formulario es v\u00e1lido, enviar el formulario y\/o realizar otras operaciones.\n                    form.submit();\n                } else {\n                    \/\/ Si el formulario no es v\u00e1lido, mostrar un mensaje de error o realizar cualquier otra operaci\u00f3n deseada. \n\t\t    \/\/ Los estilos CSS\/style definidos en el widget tambi\u00e9n se aplicar\u00e1n.\n                    alert('El formulario no es v\u00e1lido. Por favor, revisa los campos.');\n                }\n\n\t\t\/\/ Aqu\u00ed podr\u00eda haber m\u00e1s c\u00f3digo\n            });\n        });\n    <\/script>\n<\/head>\n<body>\n    <form id=\"myform\" class=\"profile-form\">\n        <label for=\"name\">Nombre:<\/label>\n        <input type=\"text\" id=\"name\" name=\"name\" required>\n        <button type=\"submit\">Enviar<\/button>\n    <\/form>\n<\/body>\n<\/html><\/xmp>\n\t\t\t\t<\/code>\n\t\t\t<\/pre>\n\t\t<\/div>\n\t\t\t\t\t\t<\/div>\n\t\t\t\t<\/div>\n\t\t\t\t<div class=\"elementor-element elementor-element-14a10a8 elementor-widget elementor-widget-heading\" data-id=\"14a10a8\" data-element_type=\"widget\" data-widget_type=\"heading.default\">\n\t\t\t\t<div class=\"elementor-widget-container\">\n\t\t\t\t\t<h3 class=\"elementor-heading-title elementor-size-default\">Form validation with JavaScript without asynchronous handling<\/h3>\t\t\t\t<\/div>\n\t\t\t\t<\/div>\n\t\t\t\t<div class=\"elementor-element elementor-element-a082c42 elementor-widget elementor-widget-code-highlight\" data-id=\"a082c42\" data-element_type=\"widget\" data-widget_type=\"code-highlight.default\">\n\t\t\t\t<div class=\"elementor-widget-container\">\n\t\t\t\t\t\t\t<div class=\"prismjs-default copy-to-clipboard \">\n\t\t\t<pre data-line=\"\" class=\"highlight-height language-javascript line-numbers\">\n\t\t\t\t<code readonly=\"true\" class=\"language-javascript\">\n\t\t\t\t\t<xmp><!DOCTYPE html>\n<html>\n<head>\n    <meta charset=\"UTF-8\">\n    <meta name=\"viewport\" content=\"width=device-width, initial-scale=1.0\">\n\n    <script src=\"https:\/\/code.jquery.com\/jquery-3.6.0.min.js\"><\/script>\n    <script src=\"https:\/\/dashboard.verificaremails.com\/widgetjs\/widgetjs.js\" type=\"text\/javascript\"><\/script>\n    <script>widgetJS.init('********TOKEN********');<\/script>\n    <script>\n        \/\/ Ejemplo usando JavaScript est\u00e1ndar\n        document.addEventListener('DOMContentLoaded', function() {\n            const form = document.getElementById('myform');\n\n            form.addEventListener('submit', function(event) {\n                event.preventDefault(); \/\/ Prevenir el env\u00edo del formulario\n\n                \/\/ Validar el formulario\n                widgetJS.isFormValid('#myform').then(isFormValid => {\n                    if (isFormValid) {\n                        \/\/ Si el formulario es v\u00e1lido, enviar el formulario\n                        form.submit();\n                    } else {\n                        \/\/ Si el formulario no es v\u00e1lido, mostrar un mensaje de error o realizar cualquier otra operaci\u00f3n deseada\n                        alert('El formulario no es v\u00e1lido. Por favor, revisa los campos.');\n\n                        \/\/ Aqu\u00ed podr\u00eda haber m\u00e1s c\u00f3digo\n                    }\n                }).catch(error => {\n                    console.error('Error al validar el formulario:', error);\n                    alert('Ocurri\u00f3 un error al validar el formulario.');\n                });\n            });\n        });\n    <\/script>\n<\/head>\n<body>\n    <form id=\"myform\" class=\"profile-form\">\n        <label for=\"name\">Nombre:<\/label>\n        <input type=\"text\" id=\"name\" name=\"name\" required>\n        <button type=\"submit\">Enviar<\/button>\n    <\/form>\n<\/body>\n<\/html><\/xmp>\n\t\t\t\t<\/code>\n\t\t\t<\/pre>\n\t\t<\/div>\n\t\t\t\t\t\t<\/div>\n\t\t\t\t<\/div>\n\t\t\t\t<div class=\"elementor-element elementor-element-aa903fb elementor-widget elementor-widget-heading\" data-id=\"aa903fb\" data-element_type=\"widget\" data-widget_type=\"heading.default\">\n\t\t\t\t<div class=\"elementor-widget-container\">\n\t\t\t\t\t<h3 class=\"elementor-heading-title elementor-size-default\">Form validation with JQuery with asynchronous management<\/h3>\t\t\t\t<\/div>\n\t\t\t\t<\/div>\n\t\t\t\t<div class=\"elementor-element elementor-element-9ae2d33 elementor-widget elementor-widget-code-highlight\" data-id=\"9ae2d33\" data-element_type=\"widget\" data-widget_type=\"code-highlight.default\">\n\t\t\t\t<div class=\"elementor-widget-container\">\n\t\t\t\t\t\t\t<div class=\"prismjs-default copy-to-clipboard \">\n\t\t\t<pre data-line=\"\" class=\"highlight-height language-javascript line-numbers\">\n\t\t\t\t<code readonly=\"true\" class=\"language-javascript\">\n\t\t\t\t\t<xmp>\n<!DOCTYPE html>\n<html>\n<head>\n    <meta charset=\"UTF-8\">\n    <meta name=\"viewport\" content=\"width=device-width, initial-scale=1.0\">\n\n    <script src=\"https:\/\/code.jquery.com\/jquery-3.6.0.min.js\"><\/script>\n    <script src=\"https:\/\/dashboard.verificaremails.com\/widgetjs\/widgetjs.js\" type=\"text\/javascript\"><\/script>\n    <script>widgetJS.init('********TOKEN********');<\/script>\n    <script>\n        $(document).ready(function () {\n            $('#myform').on('submit', async function (event) {\n                event.preventDefault(); \/\/ Prevenir el env\u00edo del formulario\n\n                \/\/ Validar el formulario\n                const isFormValid = await widgetJS.isFormValid('#myform');\n\n                if (isFormValid) {\n                    \/\/ Si el formulario es v\u00e1lido, enviar el formulario y\/o realizar otras operaciones.\n                    this.submit();\n                } else {\n                    \/\/ Si el formulario no es v\u00e1lido, mostrar un mensaje de error o realizar cualquier otra operaci\u00f3n deseada\n\t\t    \/\/ Los estilos CSS\/style definidos en el widget tambi\u00e9n se aplicar\u00e1n.\n                    alert('El formulario no es v\u00e1lido. Por favor, revisa los campos.');\n                }\n\n\t\t\/\/ Aqu\u00ed podr\u00eda haber m\u00e1s c\u00f3digo\n            });\n        });\n    <\/script>    \n<\/head>\n<body>\n    <form id=\"myform\" class=\"profile-form\">\n        <label for=\"name\">Nombre:<\/label>\n        <input type=\"text\" id=\"name\" name=\"name\" required>\n        <button type=\"submit\">Enviar<\/button>\n    <\/form>\n<\/body>\n<\/html>\n<\/xmp>\n\t\t\t\t<\/code>\n\t\t\t<\/pre>\n\t\t<\/div>\n\t\t\t\t\t\t<\/div>\n\t\t\t\t<\/div>\n\t\t\t\t<div class=\"elementor-element elementor-element-5cdfb91 elementor-widget elementor-widget-heading\" data-id=\"5cdfb91\" data-element_type=\"widget\" data-widget_type=\"heading.default\">\n\t\t\t\t<div class=\"elementor-widget-container\">\n\t\t\t\t\t<h3 class=\"elementor-heading-title elementor-size-default\">Form validation with JQuery without asynchronous handling<\/h3>\t\t\t\t<\/div>\n\t\t\t\t<\/div>\n\t\t\t\t<div class=\"elementor-element elementor-element-5279dc4 elementor-widget elementor-widget-code-highlight\" data-id=\"5279dc4\" data-element_type=\"widget\" data-widget_type=\"code-highlight.default\">\n\t\t\t\t<div class=\"elementor-widget-container\">\n\t\t\t\t\t\t\t<div class=\"prismjs-default copy-to-clipboard \">\n\t\t\t<pre data-line=\"\" class=\"highlight-height language-javascript line-numbers\">\n\t\t\t\t<code readonly=\"true\" class=\"language-javascript\">\n\t\t\t\t\t<xmp>\n<!DOCTYPE html>\n<html>\n<head>\n    <meta charset=\"UTF-8\">\n    <meta name=\"viewport\" content=\"width=device-width, initial-scale=1.0\">\n\n    <script src=\"https:\/\/code.jquery.com\/jquery-3.6.0.min.js\"><\/script>\n    <script src=\"https:\/\/dashboard.verificaremails.com\/widgetjs\/widgetjs.js\" type=\"text\/javascript\"><\/script>\n    <script>widgetJS.init('********TOKEN********');<\/script>\n    <script>\n        \/\/ Ejemplo usando jQuery\n        $(document).ready(function() {\n            $('#myform').on('submit', function(event) {\n                event.preventDefault(); \/\/ Prevenir el env\u00edo del formulario\n\n                \/\/ Validar el formulario\n                widgetJS.isFormValid('#myform').then(isFormValid => {\n                    if (isFormValid) {\n                        \/\/ Si el formulario es v\u00e1lido, enviar el formulario\n                        event.target.submit();\n                    } else {\n                        \/\/ Si el formulario no es v\u00e1lido, mostrar un mensaje de error o realizar cualquier otra operaci\u00f3n deseada\n                        alert('El formulario no es v\u00e1lido. Por favor, revisa los campos.');\n\n\n                        \/\/ Aqu\u00ed podr\u00eda haber m\u00e1s c\u00f3digo\n                    }\n                }).catch(error => {\n                    console.error('Error al validar el formulario:', error);\n                    alert('Ocurri\u00f3 un error al validar el formulario.');\n                });\n            });\n        });\n    <\/script>\n<\/head>\n<body>\n    <form id=\"myform\" class=\"profile-form\">\n        <label for=\"name\">Nombre:<\/label>\n        <input type=\"text\" id=\"name\" name=\"name\" required>\n        <button type=\"submit\">Enviar<\/button>\n    <\/form>\n<\/body>\n<\/html>\n<\/xmp>\n\t\t\t\t<\/code>\n\t\t\t<\/pre>\n\t\t<\/div>\n\t\t\t\t\t\t<\/div>\n\t\t\t\t<\/div>\n\t\t\t\t\t<\/div>\n\t\t<\/div>\n\t\t\t\t\t<\/div>\n\t\t<\/section>\n\t\t\t\t<section class=\"elementor-section elementor-top-section elementor-element elementor-element-399553e elementor-section-content-middle elementor-section-stretched elementor-section-boxed elementor-section-height-default elementor-section-height-default\" data-id=\"399553e\" data-element_type=\"section\" data-settings=\"{&quot;stretch_section&quot;:&quot;section-stretched&quot;,&quot;background_background&quot;:&quot;classic&quot;}\">\n\t\t\t\t\t\t<div class=\"elementor-container elementor-column-gap-no\">\n\t\t\t\t\t<div class=\"elementor-column elementor-col-100 elementor-top-column elementor-element elementor-element-d06a56f\" data-id=\"d06a56f\" data-element_type=\"column\">\n\t\t\t<div class=\"elementor-widget-wrap elementor-element-populated\">\n\t\t\t\t\t\t<div class=\"elementor-element elementor-element-2f89982 elementor-widget elementor-widget-heading\" data-id=\"2f89982\" data-element_type=\"widget\" data-widget_type=\"heading.default\">\n\t\t\t\t<div class=\"elementor-widget-container\">\n\t\t\t\t\t<h2 class=\"elementor-heading-title elementor-size-small\">Results of the verification in widget<\/h2>\t\t\t\t<\/div>\n\t\t\t\t<\/div>\n\t\t\t\t<div class=\"elementor-element elementor-element-7c888d2 elementor-widget elementor-widget-text-editor\" data-id=\"7c888d2\" data-element_type=\"widget\" data-widget_type=\"text-editor.default\">\n\t\t\t\t<div class=\"elementor-widget-container\">\n\t\t\t\t\t\t\t\t\t<div data-id=\"18a0766\" data-element_type=\"widget\" data-widget_type=\"text-editor.default\"><div><p>To visualize the status of the verifications we must go to the &#8220;APIS&#8221; section and select the API we have used in the widget. By adjusting the time range we can see a graph with the status of the different verifications over time. <\/p><p>If the widget checks more than one type of data we must open each of the APIs used:<\/p><ul><li><a href=\"https:\/\/www.verificaremails.com\/en\/\">Email address verification<\/a><\/li><li><a href=\"https:\/\/www.verificaremails.com\/en\/validate-phone-numbers\/\">Phone Number Validation<\/a><\/li><li><a href=\"https:\/\/www.verificaremails.com\/en\/validate-names-surnames\/\">Validation of names and surnames<\/a><\/li><li><a href=\"https:\/\/www.verificaremails.com\/en\/postal-address-validation-service\/\">verification of postal addresses<\/a><\/li><\/ul><p><img  decoding=\"async\" src=\"https:\/\/www.verificaremails.com\/wp-content\/uploads\/2023\/05\/api_comprobar_correo-1024x419.png\" alt=\"Email Verification API by Verificar Emails\" width=\"1024\" height=\"419\" data-lazy-src=\"https:\/\/www.verificaremails.com\/wp-content\/uploads\/2023\/05\/api_comprobar_correo-1024x419.png\" data-ll-status=\"loaded\"><\/p><p>We can access the verifications of each of the records by selecting the &#8220;eye&#8221; icon in the &#8220;CONNECTED APIS&#8221; section.<\/p><\/div><\/div><div data-id=\"6599b16\" data-element_type=\"widget\" data-widget_type=\"text-editor.default\"><div> <\/div><\/div>\t\t\t\t\t\t\t\t<\/div>\n\t\t\t\t<\/div>\n\t\t\t\t\t<\/div>\n\t\t<\/div>\n\t\t\t\t\t<\/div>\n\t\t<\/section>\n\t\t\t\t<section class=\"elementor-section elementor-top-section elementor-element elementor-element-c9f8e56 elementor-section-stretched elementor-section-content-middle elementor-section-boxed elementor-section-height-default elementor-section-height-default\" data-id=\"c9f8e56\" data-element_type=\"section\" data-settings=\"{&quot;background_background&quot;:&quot;classic&quot;,&quot;stretch_section&quot;:&quot;section-stretched&quot;}\">\n\t\t\t\t\t\t\t<div class=\"elementor-background-overlay\"><\/div>\n\t\t\t\t\t\t\t<div class=\"elementor-container elementor-column-gap-default\">\n\t\t\t\t\t<div class=\"elementor-column elementor-col-100 elementor-top-column elementor-element elementor-element-dce3495\" data-id=\"dce3495\" data-element_type=\"column\">\n\t\t\t<div class=\"elementor-widget-wrap elementor-element-populated\">\n\t\t\t\t\t\t<div class=\"elementor-element elementor-element-cd1165b elementor-widget elementor-widget-text-editor\" data-id=\"cd1165b\" data-element_type=\"widget\" data-widget_type=\"text-editor.default\">\n\t\t\t\t<div class=\"elementor-widget-container\">\n\t\t\t\t\t\t\t\t\t<h2>Need help with your verifications? Do not worry <\/h2>\t\t\t\t\t\t\t\t<\/div>\n\t\t\t\t<\/div>\n\t\t\t\t<div class=\"elementor-element elementor-element-f5bc887 elementor-widget elementor-widget-text-editor\" data-id=\"f5bc887\" data-element_type=\"widget\" data-widget_type=\"text-editor.default\">\n\t\t\t\t<div class=\"elementor-widget-container\">\n\t\t\t\t\t\t\t\t\t<p>We are your trusted partner for the validation of your data.  <br>Contact or call +34 93 451 11 00<\/p>\t\t\t\t\t\t\t\t<\/div>\n\t\t\t\t<\/div>\n\t\t\t\t<div class=\"elementor-element elementor-element-b5baa95 elementor-align-center elementor-widget elementor-widget-button\" data-id=\"b5baa95\" data-element_type=\"widget\" data-widget_type=\"button.default\">\n\t\t\t\t<div class=\"elementor-widget-container\">\n\t\t\t\t\t\t\t\t\t<div class=\"elementor-button-wrapper\">\n\t\t\t\t\t<a class=\"elementor-button elementor-button-link elementor-size-lg\" href=\"https:\/\/www.verificaremails.com\/en\/contactar\/\" rel=\"nofollow\">\n\t\t\t\t\t\t<span class=\"elementor-button-content-wrapper\">\n\t\t\t\t\t\t\t\t\t<span class=\"elementor-button-text\">Contact Verificar Emails<\/span>\n\t\t\t\t\t<\/span>\n\t\t\t\t\t<\/a>\n\t\t\t\t<\/div>\n\t\t\t\t\t\t\t\t<\/div>\n\t\t\t\t<\/div>\n\t\t\t\t\t<\/div>\n\t\t<\/div>\n\t\t\t\t\t<\/div>\n\t\t<\/section>\n\t\t\t\t<\/div>\n\t\t","protected":false},"excerpt":{"rendered":"<p>Manage Events in the Widget The widget is a mechanism that allows you to implement verification services in a simple way in the data collection Web forms. With the wizard you can decide which verification services you want to implement, in which fields you want them to be used and their behavior. For example, you &#8230; <a title=\"Manage events with the Widget\" class=\"read-more\" href=\"https:\/\/www.verificaremails.com\/en\/manage-events-with-the-widget\/\" aria-label=\"Read more about Manage events with the Widget\">Read more<\/a><\/p>\n","protected":false},"author":1,"featured_media":0,"parent":0,"menu_order":0,"comment_status":"closed","ping_status":"closed","template":"elementor_header_footer","meta":{"_acf_changed":false,"footnotes":""},"class_list":["post-13215","page","type-page","status-publish"],"acf":[],"_links":{"self":[{"href":"https:\/\/www.verificaremails.com\/en\/wp-json\/wp\/v2\/pages\/13215","targetHints":{"allow":["GET"]}}],"collection":[{"href":"https:\/\/www.verificaremails.com\/en\/wp-json\/wp\/v2\/pages"}],"about":[{"href":"https:\/\/www.verificaremails.com\/en\/wp-json\/wp\/v2\/types\/page"}],"author":[{"embeddable":true,"href":"https:\/\/www.verificaremails.com\/en\/wp-json\/wp\/v2\/users\/1"}],"replies":[{"embeddable":true,"href":"https:\/\/www.verificaremails.com\/en\/wp-json\/wp\/v2\/comments?post=13215"}],"version-history":[{"count":0,"href":"https:\/\/www.verificaremails.com\/en\/wp-json\/wp\/v2\/pages\/13215\/revisions"}],"wp:attachment":[{"href":"https:\/\/www.verificaremails.com\/en\/wp-json\/wp\/v2\/media?parent=13215"}],"curies":[{"name":"wp","href":"https:\/\/api.w.org\/{rel}","templated":true}]}}