{"id":13214,"date":"2025-01-17T12:08:22","date_gmt":"2025-01-17T11:08:22","guid":{"rendered":"https:\/\/www.verificaremails.com\/?page_id=13214"},"modified":"2025-09-04T16:05:19","modified_gmt":"2025-09-04T15:05:19","slug":"verwalten-sie-ereignisse-mit-dem-widget","status":"publish","type":"page","link":"https:\/\/www.verificaremails.com\/de\/verwalten-sie-ereignisse-mit-dem-widget\/","title":{"rendered":"Verwalten Sie Ereignisse mit dem Widget"},"content":{"rendered":"\t\t<div data-elementor-type=\"wp-post\" data-elementor-id=\"13214\" class=\"elementor elementor-13214 elementor-13213\" data-elementor-post-type=\"page\">\n\t\t\t\t\t\t<section class=\"elementor-section elementor-top-section elementor-element elementor-element-e58afce elementor-section-content-middle elementor-section-stretched elementor-section-boxed elementor-section-height-default elementor-section-height-default\" data-id=\"e58afce\" data-element_type=\"section\" data-settings=\"{&quot;background_background&quot;:&quot;classic&quot;,&quot;stretch_section&quot;:&quot;section-stretched&quot;}\">\n\t\t\t\t\t\t<div class=\"elementor-container elementor-column-gap-no\">\n\t\t\t\t\t<div class=\"elementor-column elementor-col-100 elementor-top-column elementor-element elementor-element-d0f57e2\" data-id=\"d0f57e2\" data-element_type=\"column\">\n\t\t\t<div class=\"elementor-widget-wrap elementor-element-populated\">\n\t\t\t\t\t\t<div class=\"elementor-element elementor-element-1f28518 elementor-widget elementor-widget-heading\" data-id=\"1f28518\" data-element_type=\"widget\" data-widget_type=\"heading.default\">\n\t\t\t\t<div class=\"elementor-widget-container\">\n\t\t\t\t\t<h1 class=\"elementor-heading-title elementor-size-default\">Ereignisse im Widget verwalten<\/h1>\t\t\t\t<\/div>\n\t\t\t\t<\/div>\n\t\t\t\t<div class=\"elementor-element elementor-element-884bf0c elementor-widget elementor-widget-text-editor\" data-id=\"884bf0c\" data-element_type=\"widget\" data-widget_type=\"text-editor.default\">\n\t\t\t\t<div class=\"elementor-widget-container\">\n\t\t\t\t\t\t\t\t\t<p style=\"text-align: left;\">Das <a href=\"https:\/\/www.verificaremails.com\/kb\/como-utilizar-el-widget-para-validar-formularios\/\">Widget<\/a> ist ein Mechanismus, mit dem Sie ganz einfach \u00dcberpr\u00fcfungsdienste in Ihre Webformulare zur Datenerfassung implementieren k\u00f6nnen. Mit dem Assistenten k\u00f6nnen Sie entscheiden, welche \u00dcberpr\u00fcfungsdienste Sie implementieren m\u00f6chten, in welchen Feldern sie verwendet werden sollen und wie sie sich verhalten. Sie k\u00f6nnen das Formular zum Beispiel so konfigurieren, dass Sie keine Daten \u00fcbermitteln k\u00f6nnen, wenn ein Feld eine falsche E-Mail-Adresse, eine Telefonnummer oder einen Fehler in einer Postanschrift enth\u00e4lt. Eine andere Option k\u00f6nnte sein, das falsche Feld rot zu markieren, Sie aber die Daten senden zu lassen&#8230;   <\/p><p style=\"text-align: left;\">W\u00e4hrend das Widget eine Vielzahl von Konfigurationen erm\u00f6glicht, gibt es auch die M\u00f6glichkeit, diese \u00fcber Code zu verwalten, so dass Programmierer die volle Kontrolle dar\u00fcber haben, wie sie auf Verifizierungsereignisse reagieren. Dazu m\u00fcssen Sie die Option &#8221; <b>Schritt 4&#8243;<\/b> deaktivieren <b>&#8220;Formular\u00fcbermittlung verwalten&#8221;. <br><\/b>  <\/p><p style=\"text-align: left;\">Sie haben 3 M\u00f6glichkeiten:<\/p><ul><li style=\"text-align: left;\">Standard-Javascript mit asynchroner Verarbeitung<\/li><li style=\"text-align: left;\">Standard-Javascript ohne asynchrone Verarbeitung<\/li><li style=\"text-align: left;\">JQuery mit asynchroner Verwaltung<\/li><li style=\"text-align: left;\">JQuery mit nicht asynchroner Verwaltung<b> <br><\/b><\/li><\/ul>\t\t\t\t\t\t\t\t<\/div>\n\t\t\t\t<\/div>\n\t\t\t\t<div class=\"elementor-element elementor-element-20abc86 carga_prioritaria elementor-widget elementor-widget-image\" data-id=\"20abc86\" data-element_type=\"widget\" data-widget_type=\"image.default\">\n\t\t\t\t<div class=\"elementor-widget-container\">\n\t\t\t\t\t\t\t\t\t\t\t\t\t\t\t<img fetchpriority=\"high\"  decoding=\"async\" width=\"1453\" height=\"620\" src=\"https:\/\/www.verificaremails.com\/wp-content\/uploads\/2025\/01\/gestion_eventos_widget.png\" class=\"attachment-1536x1536 size-1536x1536 wp-image-13225\" alt=\"Gestionar eventos con el Widget\" srcset=\"https:\/\/www.verificaremails.com\/wp-content\/uploads\/2025\/01\/gestion_eventos_widget.png 1453w, https:\/\/www.verificaremails.com\/wp-content\/uploads\/2025\/01\/gestion_eventos_widget-300x128.png 300w, https:\/\/www.verificaremails.com\/wp-content\/uploads\/2025\/01\/gestion_eventos_widget-1024x437.png 1024w, https:\/\/www.verificaremails.com\/wp-content\/uploads\/2025\/01\/gestion_eventos_widget-768x328.png 768w\" sizes=\"(max-width: 1453px) 100vw, 1453px\" \/>\t\t\t\t\t\t\t\t\t\t\t\t\t\t\t<\/div>\n\t\t\t\t<\/div>\n\t\t\t\t\t<\/div>\n\t\t<\/div>\n\t\t\t\t\t<\/div>\n\t\t<\/section>\n\t\t\t\t<section class=\"elementor-section elementor-top-section elementor-element elementor-element-5aeaeb1b elementor-section-stretched elementor-section-boxed elementor-section-height-default elementor-section-height-default\" data-id=\"5aeaeb1b\" data-element_type=\"section\" data-settings=\"{&quot;background_background&quot;:&quot;classic&quot;,&quot;stretch_section&quot;:&quot;section-stretched&quot;}\">\n\t\t\t\t\t\t<div class=\"elementor-container elementor-column-gap-default\">\n\t\t\t\t\t<div class=\"elementor-column elementor-col-100 elementor-top-column elementor-element elementor-element-68fca373\" data-id=\"68fca373\" data-element_type=\"column\">\n\t\t\t<div class=\"elementor-widget-wrap elementor-element-populated\">\n\t\t\t\t\t\t<div class=\"elementor-element elementor-element-4a8765b elementor-widget elementor-widget-heading\" data-id=\"4a8765b\" data-element_type=\"widget\" data-widget_type=\"heading.default\">\n\t\t\t\t<div class=\"elementor-widget-container\">\n\t\t\t\t\t<h3 class=\"elementor-heading-title elementor-size-default\">Formularvalidierung mit JavaScript und asynchroner Verwaltung<\/h3>\t\t\t\t<\/div>\n\t\t\t\t<\/div>\n\t\t\t\t<div class=\"elementor-element elementor-element-998fe4d elementor-widget elementor-widget-code-highlight\" data-id=\"998fe4d\" data-element_type=\"widget\" data-widget_type=\"code-highlight.default\">\n\t\t\t\t<div class=\"elementor-widget-container\">\n\t\t\t\t\t\t\t<div class=\"prismjs-default copy-to-clipboard \">\n\t\t\t<pre data-line=\"\" class=\"highlight-height language-javascript line-numbers\">\n\t\t\t\t<code readonly=\"true\" class=\"language-javascript\">\n\t\t\t\t\t<xmp><!DOCTYPE html>\n<html>\n<head>\n    <meta charset=\"UTF-8\">\n    <meta name=\"viewport\" content=\"width=device-width, initial-scale=1.0\">\n    \n    <script src=\"https:\/\/dashboard.verificaremails.com\/widgetjs\/widgetjs.js\" type=\"text\/javascript\"><\/script>\n    <script>widgetJS.init('********TOKEN********');<\/script>\n    \n    <script>\n        \/\/ Ejemplo usando JavaScript est\u00e1ndar\n        document.addEventListener('DOMContentLoaded', function () {\n            const form = document.getElementById('myform');\n\n            form.addEventListener('submit', async function (event) {\n                event.preventDefault(); \/\/ Prevenir el env\u00edo del formulario\n\n                \/\/ Validar el formulario\n                const isFormValid = await widgetJS.isFormValid('#myform');\n\n                if (isFormValid) {\n                    \/\/ Si el formulario es v\u00e1lido, enviar el formulario y\/o realizar otras operaciones.\n                    form.submit();\n                } else {\n                    \/\/ Si el formulario no es v\u00e1lido, mostrar un mensaje de error o realizar cualquier otra operaci\u00f3n deseada. \n\t\t    \/\/ Los estilos CSS\/style definidos en el widget tambi\u00e9n se aplicar\u00e1n.\n                    alert('El formulario no es v\u00e1lido. Por favor, revisa los campos.');\n                }\n\n\t\t\/\/ Aqu\u00ed podr\u00eda haber m\u00e1s c\u00f3digo\n            });\n        });\n    <\/script>\n<\/head>\n<body>\n    <form id=\"myform\" class=\"profile-form\">\n        <label for=\"name\">Nombre:<\/label>\n        <input type=\"text\" id=\"name\" name=\"name\" required>\n        <button type=\"submit\">Enviar<\/button>\n    <\/form>\n<\/body>\n<\/html><\/xmp>\n\t\t\t\t<\/code>\n\t\t\t<\/pre>\n\t\t<\/div>\n\t\t\t\t\t\t<\/div>\n\t\t\t\t<\/div>\n\t\t\t\t<div class=\"elementor-element elementor-element-14a10a8 elementor-widget elementor-widget-heading\" data-id=\"14a10a8\" data-element_type=\"widget\" data-widget_type=\"heading.default\">\n\t\t\t\t<div class=\"elementor-widget-container\">\n\t\t\t\t\t<h3 class=\"elementor-heading-title elementor-size-default\">Formularvalidierung mit JavaScript ohne asynchrone Verarbeitung<\/h3>\t\t\t\t<\/div>\n\t\t\t\t<\/div>\n\t\t\t\t<div class=\"elementor-element elementor-element-a082c42 elementor-widget elementor-widget-code-highlight\" data-id=\"a082c42\" data-element_type=\"widget\" data-widget_type=\"code-highlight.default\">\n\t\t\t\t<div class=\"elementor-widget-container\">\n\t\t\t\t\t\t\t<div class=\"prismjs-default copy-to-clipboard \">\n\t\t\t<pre data-line=\"\" class=\"highlight-height language-javascript line-numbers\">\n\t\t\t\t<code readonly=\"true\" class=\"language-javascript\">\n\t\t\t\t\t<xmp><!DOCTYPE html>\n<html>\n<head>\n    <meta charset=\"UTF-8\">\n    <meta name=\"viewport\" content=\"width=device-width, initial-scale=1.0\">\n\n    <script src=\"https:\/\/code.jquery.com\/jquery-3.6.0.min.js\"><\/script>\n    <script src=\"https:\/\/dashboard.verificaremails.com\/widgetjs\/widgetjs.js\" type=\"text\/javascript\"><\/script>\n    <script>widgetJS.init('********TOKEN********');<\/script>\n    <script>\n        \/\/ Ejemplo usando JavaScript est\u00e1ndar\n        document.addEventListener('DOMContentLoaded', function() {\n            const form = document.getElementById('myform');\n\n            form.addEventListener('submit', function(event) {\n                event.preventDefault(); \/\/ Prevenir el env\u00edo del formulario\n\n                \/\/ Validar el formulario\n                widgetJS.isFormValid('#myform').then(isFormValid => {\n                    if (isFormValid) {\n                        \/\/ Si el formulario es v\u00e1lido, enviar el formulario\n                        form.submit();\n                    } else {\n                        \/\/ Si el formulario no es v\u00e1lido, mostrar un mensaje de error o realizar cualquier otra operaci\u00f3n deseada\n                        alert('El formulario no es v\u00e1lido. Por favor, revisa los campos.');\n\n                        \/\/ Aqu\u00ed podr\u00eda haber m\u00e1s c\u00f3digo\n                    }\n                }).catch(error => {\n                    console.error('Error al validar el formulario:', error);\n                    alert('Ocurri\u00f3 un error al validar el formulario.');\n                });\n            });\n        });\n    <\/script>\n<\/head>\n<body>\n    <form id=\"myform\" class=\"profile-form\">\n        <label for=\"name\">Nombre:<\/label>\n        <input type=\"text\" id=\"name\" name=\"name\" required>\n        <button type=\"submit\">Enviar<\/button>\n    <\/form>\n<\/body>\n<\/html><\/xmp>\n\t\t\t\t<\/code>\n\t\t\t<\/pre>\n\t\t<\/div>\n\t\t\t\t\t\t<\/div>\n\t\t\t\t<\/div>\n\t\t\t\t<div class=\"elementor-element elementor-element-aa903fb elementor-widget elementor-widget-heading\" data-id=\"aa903fb\" data-element_type=\"widget\" data-widget_type=\"heading.default\">\n\t\t\t\t<div class=\"elementor-widget-container\">\n\t\t\t\t\t<h3 class=\"elementor-heading-title elementor-size-default\">Formularvalidierung mit JQuery mit asynchroner Verarbeitung<\/h3>\t\t\t\t<\/div>\n\t\t\t\t<\/div>\n\t\t\t\t<div class=\"elementor-element elementor-element-9ae2d33 elementor-widget elementor-widget-code-highlight\" data-id=\"9ae2d33\" data-element_type=\"widget\" data-widget_type=\"code-highlight.default\">\n\t\t\t\t<div class=\"elementor-widget-container\">\n\t\t\t\t\t\t\t<div class=\"prismjs-default copy-to-clipboard \">\n\t\t\t<pre data-line=\"\" class=\"highlight-height language-javascript line-numbers\">\n\t\t\t\t<code readonly=\"true\" class=\"language-javascript\">\n\t\t\t\t\t<xmp>\n<!DOCTYPE html>\n<html>\n<head>\n    <meta charset=\"UTF-8\">\n    <meta name=\"viewport\" content=\"width=device-width, initial-scale=1.0\">\n\n    <script src=\"https:\/\/code.jquery.com\/jquery-3.6.0.min.js\"><\/script>\n    <script src=\"https:\/\/dashboard.verificaremails.com\/widgetjs\/widgetjs.js\" type=\"text\/javascript\"><\/script>\n    <script>widgetJS.init('********TOKEN********');<\/script>\n    <script>\n        $(document).ready(function () {\n            $('#myform').on('submit', async function (event) {\n                event.preventDefault(); \/\/ Prevenir el env\u00edo del formulario\n\n                \/\/ Validar el formulario\n                const isFormValid = await widgetJS.isFormValid('#myform');\n\n                if (isFormValid) {\n                    \/\/ Si el formulario es v\u00e1lido, enviar el formulario y\/o realizar otras operaciones.\n                    this.submit();\n                } else {\n                    \/\/ Si el formulario no es v\u00e1lido, mostrar un mensaje de error o realizar cualquier otra operaci\u00f3n deseada\n\t\t    \/\/ Los estilos CSS\/style definidos en el widget tambi\u00e9n se aplicar\u00e1n.\n                    alert('El formulario no es v\u00e1lido. Por favor, revisa los campos.');\n                }\n\n\t\t\/\/ Aqu\u00ed podr\u00eda haber m\u00e1s c\u00f3digo\n            });\n        });\n    <\/script>    \n<\/head>\n<body>\n    <form id=\"myform\" class=\"profile-form\">\n        <label for=\"name\">Nombre:<\/label>\n        <input type=\"text\" id=\"name\" name=\"name\" required>\n        <button type=\"submit\">Enviar<\/button>\n    <\/form>\n<\/body>\n<\/html>\n<\/xmp>\n\t\t\t\t<\/code>\n\t\t\t<\/pre>\n\t\t<\/div>\n\t\t\t\t\t\t<\/div>\n\t\t\t\t<\/div>\n\t\t\t\t<div class=\"elementor-element elementor-element-5cdfb91 elementor-widget elementor-widget-heading\" data-id=\"5cdfb91\" data-element_type=\"widget\" data-widget_type=\"heading.default\">\n\t\t\t\t<div class=\"elementor-widget-container\">\n\t\t\t\t\t<h3 class=\"elementor-heading-title elementor-size-default\">Formularvalidierung mit JQuery ohne asynchrone Verarbeitung<\/h3>\t\t\t\t<\/div>\n\t\t\t\t<\/div>\n\t\t\t\t<div class=\"elementor-element elementor-element-5279dc4 elementor-widget elementor-widget-code-highlight\" data-id=\"5279dc4\" data-element_type=\"widget\" data-widget_type=\"code-highlight.default\">\n\t\t\t\t<div class=\"elementor-widget-container\">\n\t\t\t\t\t\t\t<div class=\"prismjs-default copy-to-clipboard \">\n\t\t\t<pre data-line=\"\" class=\"highlight-height language-javascript line-numbers\">\n\t\t\t\t<code readonly=\"true\" class=\"language-javascript\">\n\t\t\t\t\t<xmp>\n<!DOCTYPE html>\n<html>\n<head>\n    <meta charset=\"UTF-8\">\n    <meta name=\"viewport\" content=\"width=device-width, initial-scale=1.0\">\n\n    <script src=\"https:\/\/code.jquery.com\/jquery-3.6.0.min.js\"><\/script>\n    <script src=\"https:\/\/dashboard.verificaremails.com\/widgetjs\/widgetjs.js\" type=\"text\/javascript\"><\/script>\n    <script>widgetJS.init('********TOKEN********');<\/script>\n    <script>\n        \/\/ Ejemplo usando jQuery\n        $(document).ready(function() {\n            $('#myform').on('submit', function(event) {\n                event.preventDefault(); \/\/ Prevenir el env\u00edo del formulario\n\n                \/\/ Validar el formulario\n                widgetJS.isFormValid('#myform').then(isFormValid => {\n                    if (isFormValid) {\n                        \/\/ Si el formulario es v\u00e1lido, enviar el formulario\n                        event.target.submit();\n                    } else {\n                        \/\/ Si el formulario no es v\u00e1lido, mostrar un mensaje de error o realizar cualquier otra operaci\u00f3n deseada\n                        alert('El formulario no es v\u00e1lido. Por favor, revisa los campos.');\n\n\n                        \/\/ Aqu\u00ed podr\u00eda haber m\u00e1s c\u00f3digo\n                    }\n                }).catch(error => {\n                    console.error('Error al validar el formulario:', error);\n                    alert('Ocurri\u00f3 un error al validar el formulario.');\n                });\n            });\n        });\n    <\/script>\n<\/head>\n<body>\n    <form id=\"myform\" class=\"profile-form\">\n        <label for=\"name\">Nombre:<\/label>\n        <input type=\"text\" id=\"name\" name=\"name\" required>\n        <button type=\"submit\">Enviar<\/button>\n    <\/form>\n<\/body>\n<\/html>\n<\/xmp>\n\t\t\t\t<\/code>\n\t\t\t<\/pre>\n\t\t<\/div>\n\t\t\t\t\t\t<\/div>\n\t\t\t\t<\/div>\n\t\t\t\t\t<\/div>\n\t\t<\/div>\n\t\t\t\t\t<\/div>\n\t\t<\/section>\n\t\t\t\t<section class=\"elementor-section elementor-top-section elementor-element elementor-element-399553e elementor-section-content-middle elementor-section-stretched elementor-section-boxed elementor-section-height-default elementor-section-height-default\" data-id=\"399553e\" data-element_type=\"section\" data-settings=\"{&quot;stretch_section&quot;:&quot;section-stretched&quot;,&quot;background_background&quot;:&quot;classic&quot;}\">\n\t\t\t\t\t\t<div class=\"elementor-container elementor-column-gap-no\">\n\t\t\t\t\t<div class=\"elementor-column elementor-col-100 elementor-top-column elementor-element elementor-element-d06a56f\" data-id=\"d06a56f\" data-element_type=\"column\">\n\t\t\t<div class=\"elementor-widget-wrap elementor-element-populated\">\n\t\t\t\t\t\t<div class=\"elementor-element elementor-element-2f89982 elementor-widget elementor-widget-heading\" data-id=\"2f89982\" data-element_type=\"widget\" data-widget_type=\"heading.default\">\n\t\t\t\t<div class=\"elementor-widget-container\">\n\t\t\t\t\t<h2 class=\"elementor-heading-title elementor-size-small\">Ergebnisse der \u00dcberpr\u00fcfung im Widget<\/h2>\t\t\t\t<\/div>\n\t\t\t\t<\/div>\n\t\t\t\t<div class=\"elementor-element elementor-element-7c888d2 elementor-widget elementor-widget-text-editor\" data-id=\"7c888d2\" data-element_type=\"widget\" data-widget_type=\"text-editor.default\">\n\t\t\t\t<div class=\"elementor-widget-container\">\n\t\t\t\t\t\t\t\t\t<div data-id=\"18a0766\" data-element_type=\"widget\" data-widget_type=\"text-editor.default\"><div><p>Um den Status der \u00dcberpr\u00fcfungen anzuzeigen, m\u00fcssen wir zum Abschnitt &#8220;APIS&#8221; gehen und die API ausw\u00e4hlen, die wir im Widget verwendet haben. Wenn Sie die Zeitspanne anpassen, k\u00f6nnen Sie ein Diagramm mit dem Status der verschiedenen \u00dcberpr\u00fcfungen im Laufe der Zeit sehen. <\/p><p>Wenn das Widget mehr als eine Art von Daten pr\u00fcft, m\u00fcssen wir jede der verwendeten APIs \u00f6ffnen:<\/p><ul><li><a href=\"https:\/\/www.verificaremails.com\/de\/\">Verifizierung der E-Mail-Adresse<\/a><\/li><li><a href=\"https:\/\/www.verificaremails.com\/de\/telefonnummern-validieren\/\">Validierung der Telefonnummer<\/a><\/li><li><a href=\"https:\/\/www.verificaremails.com\/de\/namen-und-nachnamen-validieren\/\">Validierung von Vor- und Nachnamen<\/a><\/li><li><a href=\"https:\/\/www.verificaremails.com\/de\/dienst-zur-ueberpruefung-von-postadressen\/\">\u00dcberpr\u00fcfung von Postadressen<\/a><\/li><\/ul><p><img  decoding=\"async\" src=\"https:\/\/www.verificaremails.com\/wp-content\/uploads\/2023\/05\/api_comprobar_correo-1024x419.png\" alt=\"API Check Mail\" width=\"1024\" height=\"419\" data-lazy-src=\"https:\/\/www.verificaremails.com\/wp-content\/uploads\/2023\/05\/api_comprobar_correo-1024x419.png\" data-ll-status=\"loaded\"><\/p><p>Wir k\u00f6nnen auf die \u00dcberpr\u00fcfungen der einzelnen Datens\u00e4tze zugreifen, indem wir das Symbol &#8220;Auge&#8221; im Bereich &#8220;VERBUNDENE APIS&#8221; ausw\u00e4hlen.<\/p><\/div><\/div><div data-id=\"6599b16\" data-element_type=\"widget\" data-widget_type=\"text-editor.default\"><div> <\/div><\/div>\t\t\t\t\t\t\t\t<\/div>\n\t\t\t\t<\/div>\n\t\t\t\t\t<\/div>\n\t\t<\/div>\n\t\t\t\t\t<\/div>\n\t\t<\/section>\n\t\t\t\t<section class=\"elementor-section elementor-top-section elementor-element elementor-element-c9f8e56 elementor-section-stretched elementor-section-content-middle elementor-section-boxed elementor-section-height-default elementor-section-height-default\" data-id=\"c9f8e56\" data-element_type=\"section\" data-settings=\"{&quot;background_background&quot;:&quot;classic&quot;,&quot;stretch_section&quot;:&quot;section-stretched&quot;}\">\n\t\t\t\t\t\t\t<div class=\"elementor-background-overlay\"><\/div>\n\t\t\t\t\t\t\t<div class=\"elementor-container elementor-column-gap-default\">\n\t\t\t\t\t<div class=\"elementor-column elementor-col-100 elementor-top-column elementor-element elementor-element-dce3495\" data-id=\"dce3495\" data-element_type=\"column\">\n\t\t\t<div class=\"elementor-widget-wrap elementor-element-populated\">\n\t\t\t\t\t\t<div class=\"elementor-element elementor-element-cd1165b elementor-widget elementor-widget-text-editor\" data-id=\"cd1165b\" data-element_type=\"widget\" data-widget_type=\"text-editor.default\">\n\t\t\t\t<div class=\"elementor-widget-container\">\n\t\t\t\t\t\t\t\t\t<h2>Ben\u00f6tigen Sie Hilfe bei Ihren Verifizierungen? Machen Sie sich keine Sorgen <\/h2>\t\t\t\t\t\t\t\t<\/div>\n\t\t\t\t<\/div>\n\t\t\t\t<div class=\"elementor-element elementor-element-f5bc887 elementor-widget elementor-widget-text-editor\" data-id=\"f5bc887\" data-element_type=\"widget\" data-widget_type=\"text-editor.default\">\n\t\t\t\t<div class=\"elementor-widget-container\">\n\t\t\t\t\t\t\t\t\t<p>Wir sind Ihr zuverl\u00e4ssiger Partner f\u00fcr die Validierung Ihrer Daten.  <br>Kontakt oder anrufen +34 93 451 11 00<\/p>\t\t\t\t\t\t\t\t<\/div>\n\t\t\t\t<\/div>\n\t\t\t\t<div class=\"elementor-element elementor-element-b5baa95 elementor-align-center elementor-widget elementor-widget-button\" data-id=\"b5baa95\" data-element_type=\"widget\" data-widget_type=\"button.default\">\n\t\t\t\t<div class=\"elementor-widget-container\">\n\t\t\t\t\t\t\t\t\t<div class=\"elementor-button-wrapper\">\n\t\t\t\t\t<a class=\"elementor-button elementor-button-link elementor-size-lg\" href=\"https:\/\/www.verificaremails.com\/de\/kontakt\/\" rel=\"nofollow\">\n\t\t\t\t\t\t<span class=\"elementor-button-content-wrapper\">\n\t\t\t\t\t\t\t\t\t<span class=\"elementor-button-text\">Kontakt<\/span>\n\t\t\t\t\t<\/span>\n\t\t\t\t\t<\/a>\n\t\t\t\t<\/div>\n\t\t\t\t\t\t\t\t<\/div>\n\t\t\t\t<\/div>\n\t\t\t\t\t<\/div>\n\t\t<\/div>\n\t\t\t\t\t<\/div>\n\t\t<\/section>\n\t\t\t\t<\/div>\n\t\t","protected":false},"excerpt":{"rendered":"<p>Ereignisse im Widget verwalten Das Widget ist ein Mechanismus, mit dem Sie ganz einfach \u00dcberpr\u00fcfungsdienste in Ihre Webformulare zur Datenerfassung implementieren k\u00f6nnen. Mit dem Assistenten k\u00f6nnen Sie entscheiden, welche \u00dcberpr\u00fcfungsdienste Sie implementieren m\u00f6chten, in welchen Feldern sie verwendet werden sollen und wie sie sich verhalten. Sie k\u00f6nnen das Formular zum Beispiel so konfigurieren, dass Sie &#8230; <a title=\"Verwalten Sie Ereignisse mit dem Widget\" class=\"read-more\" href=\"https:\/\/www.verificaremails.com\/de\/verwalten-sie-ereignisse-mit-dem-widget\/\" aria-label=\"Mehr Informationen \u00fcber Verwalten Sie Ereignisse mit dem Widget\">Weiterlesen<\/a><\/p>\n","protected":false},"author":1,"featured_media":0,"parent":0,"menu_order":0,"comment_status":"closed","ping_status":"closed","template":"elementor_header_footer","meta":{"_acf_changed":false,"footnotes":""},"class_list":["post-13214","page","type-page","status-publish"],"acf":[],"_links":{"self":[{"href":"https:\/\/www.verificaremails.com\/de\/wp-json\/wp\/v2\/pages\/13214","targetHints":{"allow":["GET"]}}],"collection":[{"href":"https:\/\/www.verificaremails.com\/de\/wp-json\/wp\/v2\/pages"}],"about":[{"href":"https:\/\/www.verificaremails.com\/de\/wp-json\/wp\/v2\/types\/page"}],"author":[{"embeddable":true,"href":"https:\/\/www.verificaremails.com\/de\/wp-json\/wp\/v2\/users\/1"}],"replies":[{"embeddable":true,"href":"https:\/\/www.verificaremails.com\/de\/wp-json\/wp\/v2\/comments?post=13214"}],"version-history":[{"count":0,"href":"https:\/\/www.verificaremails.com\/de\/wp-json\/wp\/v2\/pages\/13214\/revisions"}],"wp:attachment":[{"href":"https:\/\/www.verificaremails.com\/de\/wp-json\/wp\/v2\/media?parent=13214"}],"curies":[{"name":"wp","href":"https:\/\/api.w.org\/{rel}","templated":true}]}}