{"id":11914,"date":"2018-07-26T12:10:36","date_gmt":"2018-07-26T11:10:36","guid":{"rendered":"https:\/\/www.verificaremails.com\/bedingungen-fuer-die-nutzung\/"},"modified":"2025-08-04T20:40:30","modified_gmt":"2025-08-04T19:40:30","slug":"bedingungen-fuer-die-nutzung","status":"publish","type":"page","link":"https:\/\/www.verificaremails.com\/de\/bedingungen-fuer-die-nutzung\/","title":{"rendered":"Bedingungen f\u00fcr die Nutzung"},"content":{"rendered":"\t\t<div data-elementor-type=\"wp-post\" data-elementor-id=\"11914\" class=\"elementor elementor-11914 elementor-767\" data-elementor-post-type=\"page\">\n\t\t\t\t\t\t<section class=\"elementor-section elementor-top-section elementor-element elementor-element-1e5e5cb elementor-section-boxed elementor-section-height-default elementor-section-height-default\" data-id=\"1e5e5cb\" data-element_type=\"section\">\n\t\t\t\t\t\t<div class=\"elementor-container elementor-column-gap-default\">\n\t\t\t\t\t<div class=\"elementor-column elementor-col-100 elementor-top-column elementor-element elementor-element-8d170f1\" data-id=\"8d170f1\" data-element_type=\"column\">\n\t\t\t<div class=\"elementor-widget-wrap elementor-element-populated\">\n\t\t\t\t\t\t<div class=\"elementor-element elementor-element-f0dd048 elementor-widget elementor-widget-heading\" data-id=\"f0dd048\" data-element_type=\"widget\" data-widget_type=\"heading.default\">\n\t\t\t\t<div class=\"elementor-widget-container\">\n\t\t\t\t\t<h1 class=\"elementor-heading-title elementor-size-default\">RECHTLICHER HINWEIS:<\/h1>\t\t\t\t<\/div>\n\t\t\t\t<\/div>\n\t\t\t\t\t<\/div>\n\t\t<\/div>\n\t\t\t\t\t<\/div>\n\t\t<\/section>\n\t\t\t\t<section class=\"elementor-section elementor-top-section elementor-element elementor-element-edbd5ba elementor-section-boxed elementor-section-height-default elementor-section-height-default\" data-id=\"edbd5ba\" data-element_type=\"section\">\n\t\t\t\t\t\t<div class=\"elementor-container elementor-column-gap-default\">\n\t\t\t\t\t<div class=\"elementor-column elementor-col-100 elementor-top-column elementor-element elementor-element-e5fbefc\" data-id=\"e5fbefc\" data-element_type=\"column\">\n\t\t\t<div class=\"elementor-widget-wrap elementor-element-populated\">\n\t\t\t\t\t\t<div class=\"elementor-element elementor-element-ccb07d1 carga_prioritaria elementor-widget elementor-widget-text-editor\" data-id=\"ccb07d1\" data-element_type=\"widget\" data-widget_type=\"text-editor.default\">\n\t\t\t\t<div class=\"elementor-widget-container\">\n\t\t\t\t\t\t\t\t\t<p>Diese Website ist Eigentum der Firma Skeyon Lab S.L., mit Sitz in:<\/p>\n<p><br><br>Zamora 103-105 6\u00ba 3\u00aa 08018 Barcelona CIF: B65911679<\/p>\n<p><br>Alle Inhalte, einschlie\u00dflich Texte, Bilder, Ton und sonstiges Material, sind Eigentum der Firma Skeyon Lab S.L. oder von Dritten, die Skeyon Lab S.L. die Nutzung derselben gestattet haben, die sich alle Rechte vorbeh\u00e4lt. Alle von den Nutzern dieser Website zur Verf\u00fcgung gestellten Daten werden ausschlie\u00dflich f\u00fcr die jeweils angegebenen Zwecke verwendet und gem\u00e4\u00df den Grunds\u00e4tzen des Datenschutzes behandelt, die im Organgesetz 15\/1999 vom 13. Dezember \u00fcber den Schutz pers\u00f6nlicher Daten festgelegt sind.<\/p>\n<p>Verantwortlichkeiten von Skeyon Lab S.L.<br>Skeyon Lab S.L. garantiert weder den ununterbrochenen Zugang zu den Elementen und Informationen, die auf ihren Webseiten enthalten sind, noch deren korrekte Anzeige, Herunterladen oder Nutzung, die durch Faktoren oder Umst\u00e4nde, die au\u00dferhalb der Kontrolle von Skeyon Lab S.L. liegen, erschwert, behindert oder unterbrochen werden k\u00f6nnen.<br>Skeyon Lab S.L. \u00fcbernimmt keine Verantwortung f\u00fcr Sch\u00e4den, die durch Interferenzen, Telefonausf\u00e4lle oder Unterbrechungen im elektronischen System oder durch andere Faktoren oder Umst\u00e4nde, die au\u00dferhalb seiner Kontrolle liegen, verursacht werden.<br>Skeyon Lab S.L. garantiert nicht, dass seine Website und seine Server frei von Viren und Malware jeglicher Art sind, und \u00fcbernimmt keine Haftung f\u00fcr Sch\u00e4den, die durch den Zugriff auf seine Website oder durch die Unm\u00f6glichkeit des Zugriffs auf diese Website verursacht werden.<br>Skeyon Lab S.L. ist nicht verantwortlich f\u00fcr die Informationen oder andere Inhalte Dritter, die mit der Website www.irisexperience.com verlinkt sind. Skeyon Lab S.L. \u00fcbernimmt auch keine Verantwortung f\u00fcr Informationen, die nicht auf dieser Website enthalten sind und daher nicht direkt von Skeyon Lab S.L. oder einem seiner autorisierten Mitglieder erstellt wurden. <\/p>\n<p><br><br><br>Verantwortlichkeiten der Nutzer Es ist nicht gestattet, die Inhalte dieser Website f\u00fcr kommerzielle oder werbliche Zwecke zu nutzen. Es ist nicht gestattet, die Inhalte dieser Website oder das Design dieser Website zu reproduzieren, zu verbreiten, zu \u00fcbertragen, anzupassen oder zu ver\u00e4ndern, egal mit welchem Mittel. Die Nutzer dieser Website verpflichten sich, wahrheitsgem\u00e4\u00dfe und genaue Angaben zu ihrer Person zu machen, wenn sie dazu aufgefordert werden.<\/p>\n<p>Es ist verboten, au\u00dfer in den F\u00e4llen, in denen Skeyon Lab S.L. dies ausdr\u00fccklich genehmigt, die Webseiten der Firma Skeyon Lab S.L. unter Frames, Unterscheidungszeichen, Marken oder anderen Firmen- oder Handelsnamen einer anderen Person, Firma oder Einrichtung zu pr\u00e4sentieren.<\/p>\n<p>M\u00f6gliche Konflikte im Zusammenhang mit dieser Website unterliegen ausschlie\u00dflich dem Recht des spanischen Staates und der autonomen Gemeinschaft Katalonien, und die Gerichte der Stadt Barcelona sind allein zust\u00e4ndig. Die Benutzer verpflichten sich, diesen Punkt zu beachten und zu respektieren. <\/p>\n<p>Skeyon Lab S.L. beh\u00e4lt sich das Recht vor, die in diesem Dokument festgelegten Bedingungen und Konditionen zu \u00e4ndern.<\/p>\n<p>Die folgenden Links definieren die Nutzungsbedingungen, die der Nutzer akzeptiert, wenn er unsere Dienste nutzt.<\/p>\n<p><a href=\"https:\/\/app.termly.io\/policy-viewer\/policy.html?policyUUID=25bf8619-72e9-4d0d-a31d-49e0ca726669\" target=\"_blank\" rel=\"nofollow noopener\">Datenschutzbestimmungen<\/a><\/p>\n<p><a href=\"https:\/\/app.termly.io\/policy-viewer\/policy.html?policyUUID=9ffd9273-3ccd-4b80-9918-74410eee752c\" target=\"_blank\" rel=\"nofollow noopener\">Cookie-Richtlinie<\/a><\/p>\n<p><a href=\"https:\/\/app.termly.io\/policy-viewer\/policy.html?policyUUID=24ef7868-6cdb-4f5b-9b5e-35b43f77653f\" target=\"_blank\" rel=\"nofollow noopener\">Bedingungen und Konditionen<\/a><\/p>\n<p><a href=\"https:\/\/app.termly.io\/policy-viewer\/policy.html?policyUUID=62dd7766-2d1d-4153-9f03-91256a4ca32d\" target=\"_blank\" rel=\"nofollow noopener\">Haftungsausschluss<\/a><\/p><p><a href=\"https:\/\/app.termly.io\/policy-viewer\/policy.html?policyUUID=9d15b755-f080-45a5-954b-9e0adb6b8d55\" target=\"_blank\" rel=\"nofollow noopener\">Richtlinie zur akzeptablen Nutzung des Dienstes<\/a><\/p>\n<p><br><\/p>\n<p><br><\/p>\t\t\t\t\t\t\t\t<\/div>\n\t\t\t\t<\/div>\n\t\t\t\t\t<\/div>\n\t\t<\/div>\n\t\t\t\t\t<\/div>\n\t\t<\/section>\n\t\t\t\t<\/div>\n\t\t","protected":false},"excerpt":{"rendered":"<p>RECHTLICHER HINWEIS: Diese Website ist Eigentum der Firma Skeyon Lab S.L., mit Sitz in: Zamora 103-105 6\u00ba 3\u00aa 08018 Barcelona CIF: B65911679 Alle Inhalte, einschlie\u00dflich Texte, Bilder, Ton und sonstiges Material, sind Eigentum der Firma Skeyon Lab S.L. oder von Dritten, die Skeyon Lab S.L. die Nutzung derselben gestattet haben, die sich alle Rechte vorbeh\u00e4lt. &#8230; <a title=\"Bedingungen f\u00fcr die Nutzung\" class=\"read-more\" href=\"https:\/\/www.verificaremails.com\/de\/bedingungen-fuer-die-nutzung\/\" aria-label=\"Mehr Informationen \u00fcber Bedingungen f\u00fcr die Nutzung\">Weiterlesen<\/a><\/p>\n","protected":false},"author":1,"featured_media":0,"parent":0,"menu_order":0,"comment_status":"closed","ping_status":"closed","template":"elementor_header_footer","meta":{"_acf_changed":false,"footnotes":""},"class_list":["post-11914","page","type-page","status-publish"],"acf":[],"_links":{"self":[{"href":"https:\/\/www.verificaremails.com\/de\/wp-json\/wp\/v2\/pages\/11914","targetHints":{"allow":["GET"]}}],"collection":[{"href":"https:\/\/www.verificaremails.com\/de\/wp-json\/wp\/v2\/pages"}],"about":[{"href":"https:\/\/www.verificaremails.com\/de\/wp-json\/wp\/v2\/types\/page"}],"author":[{"embeddable":true,"href":"https:\/\/www.verificaremails.com\/de\/wp-json\/wp\/v2\/users\/1"}],"replies":[{"embeddable":true,"href":"https:\/\/www.verificaremails.com\/de\/wp-json\/wp\/v2\/comments?post=11914"}],"version-history":[{"count":0,"href":"https:\/\/www.verificaremails.com\/de\/wp-json\/wp\/v2\/pages\/11914\/revisions"}],"wp:attachment":[{"href":"https:\/\/www.verificaremails.com\/de\/wp-json\/wp\/v2\/media?parent=11914"}],"curies":[{"name":"wp","href":"https:\/\/api.w.org\/{rel}","templated":true}]}}