{"id":11912,"date":"2018-10-15T10:04:44","date_gmt":"2018-10-15T09:04:44","guid":{"rendered":"https:\/\/www.verificaremails.com\/funktionen-des-e-mail-dienstes-validieren\/so-funktioniert-die-e-mail-ueberpruefung\/"},"modified":"2025-08-04T20:43:17","modified_gmt":"2025-08-04T19:43:17","slug":"so-funktioniert-die-e-mail-ueberpruefung","status":"publish","type":"page","link":"https:\/\/www.verificaremails.com\/de\/funktionen-des-e-mail-dienstes-validieren\/so-funktioniert-die-e-mail-ueberpruefung\/","title":{"rendered":"So funktioniert die E-Mail-\u00dcberpr\u00fcfung"},"content":{"rendered":"\t\t<div data-elementor-type=\"wp-page\" data-elementor-id=\"11912\" class=\"elementor elementor-11912 elementor-1073\" data-elementor-post-type=\"page\">\n\t\t\t\t<div class=\"elementor-element elementor-element-bc0fcbe e-flex e-con-boxed e-con e-parent\" data-id=\"bc0fcbe\" data-element_type=\"container\">\n\t\t\t\t\t<div class=\"e-con-inner\">\n\t\t\t\t<div class=\"elementor-element elementor-element-65e2a377 elementor-widget__width-initial elementor-widget elementor-widget-heading\" data-id=\"65e2a377\" data-element_type=\"widget\" data-widget_type=\"heading.default\">\n\t\t\t\t<div class=\"elementor-widget-container\">\n\t\t\t\t\t<h2 class=\"elementor-heading-title elementor-size-default\">So funktioniert die E-Mail-\u00dcberpr\u00fcfung<\/h2>\t\t\t\t<\/div>\n\t\t\t\t<\/div>\n\t\t\t\t<div class=\"elementor-element elementor-element-6893d863 elementor-widget elementor-widget-text-editor\" data-id=\"6893d863\" data-element_type=\"widget\" data-widget_type=\"text-editor.default\">\n\t\t\t\t<div class=\"elementor-widget-container\">\n\t\t\t\t\t\t\t\t\t<h2 dir=\"ltr\"><span style=\"color: var( --e-global-color-text ); font-family: var( --e-global-typography-text-font-family ), Sans-serif; font-weight: var( --e-global-typography-text-font-weight ); text-align: var(--text-align); font-size: 17px;\">Die E-Mail-\u00dcberpr\u00fcfung ist ein wichtiger Prozess, um sicherzustellen, dass die E-Mail-Adressen in Ihrer Kontaktliste g\u00fcltig und aktiv sind. Dieses Verfahren tr\u00e4gt dazu bei, die Absprungrate zu verringern und die Effektivit\u00e4t von E-Mail-Kampagnen zu verbessern. Hier erfahren Sie, wie er funktioniert und welche Schritte er umfasst.  <\/span><\/h2>\n<h3 dir=\"ltr\">Wie funktioniert Verify Email Addresses?<\/h3>\n<p class=\"editor_editorParagraph__isQNM\" dir=\"ltr\"><a href=\"https:\/\/www.verificaremails.com\/de\/\">Die \u00dcberpr\u00fcfung von E-Mail-Adressen<\/a> ist ein Prozess, der mehrere Schritte umfasst, um sicherzustellen, dass die E-Mail-Adressen in Ihrer Liste g\u00fcltig sind und E-Mails empfangen k\u00f6nnen. Die wichtigsten Schritte werden im Folgenden beschrieben: <\/p>\n<ol class=\"editor_editorListOl__nODeB\">\n<li class=\"editor_editorListItem__O5oI5\" value=\"1\"><b><strong class=\"editor_editorTextBold__UTGUL\">Syntax und Formatierung<\/strong><\/b>: Zun\u00e4chst wird die E-Mail-Adresse \u00fcberpr\u00fcft, um sicherzustellen, dass sie korrekt formatiert ist. <code><span class=\"editor_editorTextCode__czEqk\">nombre@dominio.com<\/span><\/code> Dazu geh\u00f6rt die \u00dcberpr\u00fcfung, dass keine Tippfehler vorhanden sind und die Struktur korrekt ist (z.B. ). <\/li>\n<li class=\"editor_editorListItem__O5oI5\" value=\"2\"><b><strong class=\"editor_editorTextBold__UTGUL\">Domain-\u00dcberpr\u00fcfung<\/strong><\/b>Pr\u00fcft, ob die E-Mail-Dom\u00e4ne existiert und aktiv ist. Dies kann durch eine <a href=\"https:\/\/es.wikipedia.org\/wiki\/Sistema_de_nombres_de_dominio\" target=\"_blank\" rel=\"nofollow noopener\">DNS-Abfrage<\/a> geschehen, um zu \u00fcberpr\u00fcfen, ob die Dom\u00e4ne \u00fcber g\u00fcltige MX-Eintr\u00e4ge (Mail Exchange) verf\u00fcgt, die anzeigen, dass sie E-Mails empfangen kann. <\/li>\n<li class=\"editor_editorListItem__O5oI5\" value=\"3\"><b><strong class=\"editor_editorTextBold__UTGUL\">Mail-Server-Abfrage<\/strong><\/b>Abfrage des Mailservers: Es wird eine Verbindung mit dem Mailserver der Dom\u00e4ne hergestellt, um zu \u00fcberpr\u00fcfen, ob die E-Mail-Adresse g\u00fcltig und aktiv ist. Dies geschieht, ohne dass eine tats\u00e4chliche E-Mail versendet wird. Es werden <a href=\"https:\/\/es.wikipedia.org\/wiki\/Protocolo_para_transferencia_simple_de_correo\" target=\"_blank\" rel=\"nofollow noopener\">SMTP-Protokollbefehle<\/a> verwendet, um den Versand zu simulieren. <\/li>\n<li class=\"editor_editorListItem__O5oI5\" value=\"4\"><b><strong class=\"editor_editorTextBold__UTGUL\">\u00dcberpr\u00fcfung des Posteingangs<\/strong><\/b>Einige fortgeschrittene Tools k\u00f6nnen \u00fcberpr\u00fcfen, ob der Posteingang der E-Mail-Adresse aktiv ist und E-Mails empfangen kann. Dieser Schritt kann jedoch sehr invasiv sein und wird nicht immer verwendet.<\/li>\n<li class=\"editor_editorListItem__O5oI5\" value=\"5\"><b><strong class=\"editor_editorTextBold__UTGUL\">Pr\u00fcfen gegen Datenbanken<\/strong><\/b>Die E-Mail-Adresse kann mit Datenbanken von E-Mails abgeglichen werden, die als gef\u00e4lscht, tempor\u00e4r oder gef\u00e4hrlich bekannt sind.<\/li>\n<\/ol>\n<p><img fetchpriority=\"high\"  decoding=\"async\" class=\"size-full wp-image-2363 aligncenter\" src=\"https:\/\/www.verificaremails.com\/wp-content\/uploads\/2023\/05\/servicio_validacion_emails-2.png\" alt=\"E-Mail-\u00dcberpr\u00fcfungsservice\" width=\"1598\" height=\"1080\"><\/p>\n<h3 dir=\"ltr\">Tools zur E-Mail-\u00dcberpr\u00fcfung<\/h3>\n<p class=\"editor_editorParagraph__isQNM\" dir=\"ltr\">Es gibt eine Reihe von Online-Tools und -Diensten, die die \u00dcberpr\u00fcfung von E-Mail-Adressen erleichtern. Diese Tools k\u00f6nnen die oben beschriebenen Schritte automatisch und in gro\u00dfen Mengen durchf\u00fchren, was besonders f\u00fcr gro\u00dfe Verteilerlisten n\u00fctzlich ist. Einige der Funktionen, die sie anbieten k\u00f6nnen, sind:  <\/p>\n<ul class=\"editor_editorListUl__Z78So\">\n<li class=\"editor_editorListItem__O5oI5\" value=\"1\"><b><strong class=\"editor_editorTextBold__UTGUL\">Verifizierung in Echtzeit<\/strong><\/b>Ideal f\u00fcr Registrierungsformulare, bei denen Sie die E-Mail-Adresse bei der Eingabe durch den Benutzer \u00fcberpr\u00fcfen m\u00f6chten.<\/li>\n<li class=\"editor_editorListItem__O5oI5\" value=\"2\"><b><strong class=\"editor_editorTextBold__UTGUL\">Massen\u00fcberpr\u00fcfung<\/strong><\/b>Erm\u00f6glicht es Ihnen, gro\u00dfe E-Mail-Listen hochzuladen und alle Adressen auf einmal zu \u00fcberpr\u00fcfen.<\/li>\n<li class=\"editor_editorListItem__O5oI5\" value=\"3\"><b><strong class=\"editor_editorTextBold__UTGUL\">Berichte und Statistiken<\/strong><\/b>: Liefern Details \u00fcber die G\u00fcltigkeit von Adressen und m\u00f6gliche Probleme, die entdeckt wurden.<\/li>\n<\/ul>\n<h3 dir=\"ltr\">Vorteile der E-Mail-\u00dcberpr\u00fcfung<\/h3>\n<ul class=\"editor_editorListUl__Z78So\">\n<li class=\"editor_editorListItem__O5oI5\" value=\"1\"><b><strong class=\"editor_editorTextBold__UTGUL\">Reduzierung der Bounce-Rate<\/strong><\/b>Indem Sie E-Mails nur an g\u00fcltige Adressen senden, reduzieren Sie die Anzahl der Bounce-E-Mails.<\/li>\n<li class=\"editor_editorListItem__O5oI5\" value=\"2\"><b><strong class=\"editor_editorTextBold__UTGUL\">Verbesserte Zustellbarkeit<\/strong><\/b>E-Mail-Kampagnen sind effektiver, wenn sie an g\u00fcltige Adressen gesendet werden.<\/li>\n<li class=\"editor_editorListItem__O5oI5\" value=\"3\"><b><strong class=\"editor_editorTextBold__UTGUL\">Schutz der Reputation des Absenders<\/strong><\/b>Die Pflege einer sauberen E-Mail-Liste tr\u00e4gt dazu bei, den Ruf der Dom\u00e4ne des Absenders zu sch\u00fctzen und zu vermeiden, dass sie als Spam gekennzeichnet wird.<\/li>\n<\/ul>\n<h3 dir=\"ltr\">Fazit<\/h3>\n<p class=\"editor_editorParagraph__isQNM\" dir=\"ltr\">Die \u00dcberpr\u00fcfung von E-Mail-Adressen ist ein wichtiger Prozess f\u00fcr jede effektive E-Mail-Marketingstrategie. Die Verwendung von Tools zur E-Mail-\u00dcberpr\u00fcfung stellt sicher, dass gesendete E-Mails in g\u00fcltigen Postf\u00e4chern ankommen, wodurch die Zustellungsrate und die Effektivit\u00e4t von Kampagnen verbessert werden. Wenn Sie diesen Prozess verstehen und anwenden, k\u00f6nnen Sie Ihre E-Mail-Liste sauber halten und Ihre digitalen Marketingbem\u00fchungen optimieren.  <\/p>\n<p dir=\"ltr\">Um das Validierungsverfahren im Detail zu sehen, besuchen Sie den Abschnitt <a href=\"https:\/\/www.verificaremails.com\/de\/funktionen-des-e-mail-dienstes-validieren\/wie-sie-e-mails-verifizieren\/\">, wie man E-Mails \u00fcberpr\u00fcft<\/a>. Dort finden Sie konkrete F\u00e4lle und eine Tabelle mit allen \u00dcberpr\u00fcfungsergebnissen. <\/p>\n\t\t\t\t\t\t\t\t<\/div>\n\t\t\t\t<\/div>\n\t\t\t\t\t<\/div>\n\t\t\t\t<\/div>\n\t\t\t\t<\/div>\n\t\t","protected":false},"excerpt":{"rendered":"<p>So funktioniert die E-Mail-\u00dcberpr\u00fcfung Die E-Mail-\u00dcberpr\u00fcfung ist ein wichtiger Prozess, um sicherzustellen, dass die E-Mail-Adressen in Ihrer Kontaktliste g\u00fcltig und aktiv sind. Dieses Verfahren tr\u00e4gt dazu bei, die Absprungrate zu verringern und die Effektivit\u00e4t von E-Mail-Kampagnen zu verbessern. Hier erfahren Sie, wie er funktioniert und welche Schritte er umfasst. Wie funktioniert Verify Email Addresses? Die &#8230; <a title=\"So funktioniert die E-Mail-\u00dcberpr\u00fcfung\" class=\"read-more\" href=\"https:\/\/www.verificaremails.com\/de\/funktionen-des-e-mail-dienstes-validieren\/so-funktioniert-die-e-mail-ueberpruefung\/\" aria-label=\"Mehr Informationen \u00fcber So funktioniert die E-Mail-\u00dcberpr\u00fcfung\">Weiterlesen<\/a><\/p>\n","protected":false},"author":1,"featured_media":0,"parent":11231,"menu_order":0,"comment_status":"closed","ping_status":"closed","template":"elementor_header_footer","meta":{"_acf_changed":false,"footnotes":""},"class_list":["post-11912","page","type-page","status-publish"],"acf":[],"_links":{"self":[{"href":"https:\/\/www.verificaremails.com\/de\/wp-json\/wp\/v2\/pages\/11912","targetHints":{"allow":["GET"]}}],"collection":[{"href":"https:\/\/www.verificaremails.com\/de\/wp-json\/wp\/v2\/pages"}],"about":[{"href":"https:\/\/www.verificaremails.com\/de\/wp-json\/wp\/v2\/types\/page"}],"author":[{"embeddable":true,"href":"https:\/\/www.verificaremails.com\/de\/wp-json\/wp\/v2\/users\/1"}],"replies":[{"embeddable":true,"href":"https:\/\/www.verificaremails.com\/de\/wp-json\/wp\/v2\/comments?post=11912"}],"version-history":[{"count":0,"href":"https:\/\/www.verificaremails.com\/de\/wp-json\/wp\/v2\/pages\/11912\/revisions"}],"up":[{"embeddable":true,"href":"https:\/\/www.verificaremails.com\/de\/wp-json\/wp\/v2\/pages\/11231"}],"wp:attachment":[{"href":"https:\/\/www.verificaremails.com\/de\/wp-json\/wp\/v2\/media?parent=11912"}],"curies":[{"name":"wp","href":"https:\/\/api.w.org\/{rel}","templated":true}]}}