{"id":11772,"date":"2023-11-10T13:05:52","date_gmt":"2023-11-10T12:05:52","guid":{"rendered":"https:\/\/www.verificaremails.com\/wie-sie-zapier-fuer-die-e-mail-ueberpruefung-verwenden\/"},"modified":"2025-01-27T17:17:10","modified_gmt":"2025-01-27T16:17:10","slug":"wie-sie-zapier-fuer-die-e-mail-ueberpruefung-verwenden","status":"publish","type":"page","link":"https:\/\/www.verificaremails.com\/de\/wie-sie-zapier-fuer-die-e-mail-ueberpruefung-verwenden\/","title":{"rendered":"Wie Sie Zapier f\u00fcr die E-Mail-\u00dcberpr\u00fcfung verwenden"},"content":{"rendered":"\t\t<div data-elementor-type=\"wp-page\" data-elementor-id=\"11772\" class=\"elementor elementor-11772 elementor-3625\" data-elementor-post-type=\"page\">\n\t\t\t\t\t\t<section class=\"elementor-section elementor-top-section elementor-element elementor-element-d3c5afc elementor-section-boxed elementor-section-height-default elementor-section-height-default\" data-id=\"d3c5afc\" data-element_type=\"section\" data-settings=\"{&quot;background_background&quot;:&quot;gradient&quot;}\">\n\t\t\t\t\t\t<div class=\"elementor-container elementor-column-gap-default\">\n\t\t\t\t\t<div class=\"elementor-column elementor-col-100 elementor-top-column elementor-element elementor-element-e07a90c\" data-id=\"e07a90c\" data-element_type=\"column\">\n\t\t\t<div class=\"elementor-widget-wrap elementor-element-populated\">\n\t\t\t\t\t\t<div class=\"elementor-element elementor-element-eb5f8bf elementor-widget elementor-widget-text-editor\" data-id=\"eb5f8bf\" data-element_type=\"widget\" data-widget_type=\"text-editor.default\">\n\t\t\t\t<div class=\"elementor-widget-container\">\n\t\t\t\t\t\t\t\t\t<p><img fetchpriority=\"high\"  decoding=\"async\" src=\"https:\/\/www.verificaremails.com\/wp-content\/uploads\/2023\/11\/zapier-integration-1024x640.png\" alt=\"Zapier-Integration f\u00fcr die E-Mail-\u00dcberpr\u00fcfung\" width=\"1024\" height=\"640\"><\/p>\n<p>In der digitalen Welt von heute ist die E-Mail-Kommunikation ein wesentlicher Bestandteil unseres Lebens.<br \/>\nGanz gleich, ob Sie als Freiberufler mit Kunden kommunizieren oder als Unternehmer Remote-Teams koordinieren &#8211; es ist wichtig, dass Ihre E-Mails im richtigen Posteingang landen.<br \/>\nHier kommt Zapier ins Spiel.  <\/p>\n<h2><strong>Was ist Zapier und wie funktioniert es?<\/strong><\/h2>\n<p><a href=\"https:\/\/zapier.com\/\" target=\"_blank\" rel=\"nofollow noopener\">Zapier<\/a> ist eine Online-Automatisierungsanwendung, mit der Sie Tausende von verschiedenen Anwendungen miteinander verbinden und zusammenarbeiten k\u00f6nnen. Mit Zapier k\u00f6nnen Sie automatisierte Arbeitsabl\u00e4ufe, sogenannte &#8220;Zaps&#8221;, erstellen. Diese Zaps fungieren als Links zwischen Ihren Lieblingsanwendungen und erm\u00f6glichen es ihnen, ohne Programmierung miteinander zu kommunizieren.  <\/p>\n<p>Kurz gesagt, Zapier ist ein Tool, mit dem Sie verschiedene Anwendungen miteinander verkn\u00fcpfen und sich wiederholende Prozesse automatisieren k\u00f6nnen.<br \/>\nSie k\u00f6nnen Zap zum Beispiel so einrichten, dass es Ihnen eine Textnachricht schickt, wenn Sie eine wichtige E-Mail erhalten.<br \/>\nDas ist so, als w\u00fcrden Sie Zapier sagen: &#8220;Wenn ich eine E-Mail erhalte, dann schicke mir eine Textnachricht.  <\/p>\n<h2><strong>Zapier f\u00fcr die E-Mail-\u00dcberpr\u00fcfung verwenden<\/strong><\/h2>\n<p>Einer der h\u00e4ufigsten Anwendungsf\u00e4lle f\u00fcr Zapier ist die E-Mail-\u00dcberpr\u00fcfung.<br \/>\nMit Zapier k\u00f6nnen Sie den Prozess der \u00dcberpr\u00fcfung von E-Mail-Adressen automatisieren und sicherstellen, dass nur g\u00fcltige E-Mails Ihren Posteingang erreichen.<br \/>\nDas Tolle daran ist, dass <b>Zapeir<\/b> mit <b>allen unseren Verifizierungsdiensten<\/b> <b>zusammenarbeitet<\/b>:    <\/p>\n<ul>\n<li><a href=\"https:\/\/www.verificaremails.com\/de\/telefonnummern-validieren\/\"><b>telefonische \u00dcberpr\u00fcfung<\/b><\/a><\/li>\n<li><a href=\"https:\/\/www.verificaremails.com\/de\/namen-und-nachnamen-validieren\/\"><b>Namens\u00fcberpr\u00fcfung<\/b><\/a><\/li>\n<li><b><a href=\"https:\/\/www.verificaremails.com\/de\/dienst-zur-ueberpruefung-von-postadressen\/\">Validierung von Postadressen<\/a>.<\/b><\/li>\n<\/ul>\n<p>Stellen Sie sich vor, Sie haben ein Formular auf Ihrer Website, mit dem sich Benutzer f\u00fcr den Erhalt von E-Mail-Updates anmelden k\u00f6nnen.<br \/>\nBevor Sie diese Benutzer zu Ihrer Mailingliste hinzuf\u00fcgen, m\u00fcssen Sie \u00fcberpr\u00fcfen, ob die angegebenen E-Mail-Adressen g\u00fcltig sind.<br \/>\nHier kann Ihnen Zapier helfen.  <\/p>\n\t\t\t\t\t\t\t\t<\/div>\n\t\t\t\t<\/div>\n\t\t\t\t\t<\/div>\n\t\t<\/div>\n\t\t\t\t\t<\/div>\n\t\t<\/section>\n\t\t<div class=\"elementor-element elementor-element-b1a248a e-flex e-con-boxed e-con e-parent\" data-id=\"b1a248a\" data-element_type=\"container\">\n\t\t\t\t\t<div class=\"e-con-inner\">\n\t\t\t\t<div class=\"elementor-element elementor-element-e743b78 elementor-widget elementor-widget-image\" data-id=\"e743b78\" data-element_type=\"widget\" data-widget_type=\"image.default\">\n\t\t\t\t<div class=\"elementor-widget-container\">\n\t\t\t\t\t\t\t\t\t\t\t\t\t\t\t\t<a href=\"https:\/\/zapier.com\/apps\/verificaremails\/integrations\" target=\"_blank\" rel=\"nofollow noopener\">\n\t\t\t\t\t\t\t<img loading=\"lazy\"  decoding=\"async\" loading=\"lazy\" width=\"1024\" height=\"449\" src=\"https:\/\/www.verificaremails.com\/wp-content\/uploads\/2024\/04\/Captura-de-pantalla-2024-04-26-123144-1024x449.webp\" class=\"attachment-large size-large wp-image-8535\" alt=\"Aplicaci\u00f3n de verificaremails en Zapier\" srcset=\"https:\/\/www.verificaremails.com\/wp-content\/uploads\/2024\/04\/Captura-de-pantalla-2024-04-26-123144-1024x449.webp 1024w, https:\/\/www.verificaremails.com\/wp-content\/uploads\/2024\/04\/Captura-de-pantalla-2024-04-26-123144-300x131.webp 300w, https:\/\/www.verificaremails.com\/wp-content\/uploads\/2024\/04\/Captura-de-pantalla-2024-04-26-123144-768x337.webp 768w, https:\/\/www.verificaremails.com\/wp-content\/uploads\/2024\/04\/Captura-de-pantalla-2024-04-26-123144.webp 1246w\" sizes=\"auto, (max-width: 1024px) 100vw, 1024px\" \/>\t\t\t\t\t\t\t\t<\/a>\n\t\t\t\t\t\t\t\t\t\t\t\t\t\t\t<\/div>\n\t\t\t\t<\/div>\n\t\t\t\t<div class=\"elementor-element elementor-element-64e78e6 elementor-align-center elementor-widget elementor-widget-button\" data-id=\"64e78e6\" data-element_type=\"widget\" data-widget_type=\"button.default\">\n\t\t\t\t<div class=\"elementor-widget-container\">\n\t\t\t\t\t\t\t\t\t<div class=\"elementor-button-wrapper\">\n\t\t\t\t\t<a class=\"elementor-button elementor-button-link elementor-size-sm\" href=\"https:\/\/dashboard.verificaremails.com\/app\/public\/register\" target=\"_blank\" rel=\"nofollow\">\n\t\t\t\t\t\t<span class=\"elementor-button-content-wrapper\">\n\t\t\t\t\t\t\t\t\t<span class=\"elementor-button-text\">Zapier-Integration testen<\/span>\n\t\t\t\t\t<\/span>\n\t\t\t\t\t<\/a>\n\t\t\t\t<\/div>\n\t\t\t\t\t\t\t\t<\/div>\n\t\t\t\t<\/div>\n\t\t\t\t\t<\/div>\n\t\t\t\t<\/div>\n\t\t\t\t<section class=\"elementor-section elementor-top-section elementor-element elementor-element-8f2bd6f elementor-section-boxed elementor-section-height-default elementor-section-height-default\" data-id=\"8f2bd6f\" data-element_type=\"section\" data-settings=\"{&quot;background_background&quot;:&quot;gradient&quot;}\">\n\t\t\t\t\t\t<div class=\"elementor-container elementor-column-gap-default\">\n\t\t\t\t\t<div class=\"elementor-column elementor-col-100 elementor-top-column elementor-element elementor-element-062528b\" data-id=\"062528b\" data-element_type=\"column\">\n\t\t\t<div class=\"elementor-widget-wrap elementor-element-populated\">\n\t\t\t\t\t\t<div class=\"elementor-element elementor-element-aff0824 elementor-widget elementor-widget-text-editor\" data-id=\"aff0824\" data-element_type=\"widget\" data-widget_type=\"text-editor.default\">\n\t\t\t\t<div class=\"elementor-widget-container\">\n\t\t\t\t\t\t\t\t\t<p>Sie k\u00f6nnen einen Zap erstellen, der bei der Registrierung eines neuen Benutzers in Ihrem Formular automatisch eine Best\u00e4tigungs-E-Mail an diese Adresse sendet.<br \/>\nDer Benutzer erh\u00e4lt die Best\u00e4tigungs-E-Mail und wenn er auf den Best\u00e4tigungslink klickt, registriert Zapier diese E-Mail-Adresse als g\u00fcltig und Sie k\u00f6nnen sie zu Ihrer Mailingliste hinzuf\u00fcgen. <\/p>\n<p>Wir haben ein Schritt-f\u00fcr-Schritt-Beispiel erstellt, das zeigt <a href=\"https:\/\/www.verificaremails.com\/validar-nombres\/como-utilizar-zapier-verificar-emails\/\">, wie Sie Zapier zur \u00dcberpr\u00fcfung von<\/a> E-Mails in Google Sheets <a href=\"https:\/\/www.verificaremails.com\/validar-nombres\/como-utilizar-zapier-verificar-emails\/\">verwenden<\/a>. Wir empfehlen Ihnen, es zu lesen, um ein besseres Verst\u00e4ndnis f\u00fcr die Funktionsweise der Zapier-Integration zu bekommen. <\/p>\n<h2><strong>Zapier Terminologie<\/strong><\/h2>\n<p>Bevor Sie in die Details der E-Mail-\u00dcberpr\u00fcfung mit Zapier eintauchen, ist es wichtig, die wichtigsten Begriffe der Plattform zu kennen:<\/p>\n<ul>\n<li><strong>Zap:<\/strong> Eine Anwendung-zu-Anwendung-Automatisierung, die Sie in Zapier erstellen.<\/li>\n<li><strong>Workflows:<\/strong> Das Wort &#8220;Automatisierung&#8221; in der Wahl von Zapier.<\/li>\n<li><strong>Aktion:<\/strong> Die Aktion, die von einem Benutzer oder von Zapier ausgef\u00fchrt wird.<\/li>\n<li><strong>Ausl\u00f6ser:<\/strong> Eine Aktion, die die Aktivierung eines Zaps bewirkt.<\/li>\n<li><strong>Aufgabe:<\/strong> Die Aktivit\u00e4t oder Arbeit, die von einem Zap ausgef\u00fchrt wird.<\/li>\n<li><strong>Aktualisierungszeit:<\/strong> Das Intervall, in dem Zapier nach Ausl\u00f6sern sucht.<\/li>\n<\/ul>\n<h2><strong>Konfigurieren der E-Mail-\u00dcberpr\u00fcfung mit Zapier<\/strong><\/h2>\n<p>Nachdem Sie nun die grundlegende Terminologie von Zapier verstanden haben, lassen Sie uns sehen, wie Sie mit diesem Automatisierungstool eine E-Mail-\u00dcberpr\u00fcfung einrichten k\u00f6nnen.<\/p>\n<h3><strong>Schritt 1: Erstellen Sie einen Zap<\/strong><\/h3>\n<p>Der erste Schritt besteht darin, einen neuen Zap auf Zapier zu erstellen.<br \/>\nMelden Sie sich dazu bei Ihrem Konto an und klicken Sie auf die Schaltfl\u00e4che &#8220;Zap erstellen&#8221;.<br \/>\nAls n\u00e4chstes w\u00e4hlen Sie die App aus, die Sie als Ausl\u00f6ser verwenden m\u00f6chten.<br \/>\nIn diesem Fall w\u00e4hlen Sie Ihre bevorzugte Webformular-App.   <\/p>\n<h3><strong>Schritt 2: Einstellen des Ausl\u00f6sers<\/strong><\/h3>\n<p>Sobald Sie die Webformularanwendung als Ausl\u00f6ser ausgew\u00e4hlt haben, m\u00fcssen Sie die spezifischen Details des Ausl\u00f6sers einrichten.<br \/>\nDazu geh\u00f6ren Dinge wie das spezifische Formular, das verwendet werden soll, und die E-Mail-Felder, die \u00fcberpr\u00fcft werden sollen. <\/p>\n<h3><strong>Schritt 3: Konfigurieren Sie die Aktion<\/strong><\/h3>\n<p>Im n\u00e4chsten Schritt konfigurieren Sie die Aktion, die Zapier ausf\u00fchren soll, sobald der Ausl\u00f6ser aktiviert ist.<br \/>\nIn diesem Fall besteht die Aktion darin, eine Best\u00e4tigungs-E-Mail an die im Formular angegebene Adresse zu senden. <\/p>\n<h3><strong>Schritt 4: Passen Sie die Best\u00e4tigungs-E-Mail an<\/strong><\/h3>\n<p>In diesem Schritt k\u00f6nnen Sie die Best\u00e4tigungs-E-Mail anpassen, die an die Benutzer gesendet wird.<br \/>\nAchten Sie darauf, einen eindeutigen Best\u00e4tigungslink einzuf\u00fcgen, auf den die Benutzer klicken k\u00f6nnen, um ihre E-Mail-Adresse zu best\u00e4tigen. <\/p>\n<h3><strong>Schritt 5: Testen und Aktivieren des Zap<\/strong><\/h3>\n<p>Sobald Sie alle oben genannten Schritte eingerichtet haben, ist es wichtig, den Zap zu testen, um sicherzustellen, dass er richtig funktioniert.<br \/>\nSie k\u00f6nnen Tests an Ihre eigene E-Mail-Adresse senden, um den Verifizierungsprozess zu \u00fcberpr\u00fcfen. <\/p>\n<p>Sobald Sie die erforderlichen Tests durchgef\u00fchrt haben, k\u00f6nnen Sie Zap aktivieren und mit der automatischen \u00dcberpr\u00fcfung der E-Mail-Adressen Ihrer Benutzer beginnen.<\/p>\n<p><img  decoding=\"async\" src=\"https:\/\/www.verificaremails.com\/wp-content\/uploads\/2023\/11\/como_funciona_zapier.png\" alt=\"wie zapier funktioniert  \" width=\"993\" height=\"283\"><\/p>\n<h2><strong>Zapier Preise<\/strong><\/h2>\n<p>Zapier bietet verschiedene Tarife an, die den Bed\u00fcrfnissen der verschiedenen Benutzer entsprechen.<br \/>\nDies sind die verf\u00fcgbaren Tarife: <\/p>\n<p><img  decoding=\"async\" src=\"https:\/\/www.verificaremails.com\/wp-content\/uploads\/2023\/11\/precios_zapier-1024x524.png\" alt=\"Zapier Preise\" width=\"1024\" height=\"524\"><\/p>\n<p>Es ist wichtig zu wissen, dass jeder Plan unterschiedliche Preisstufen hat, die von der Anzahl der von Ihnen ben\u00f6tigten Aufgaben abh\u00e4ngen.<br \/>\nJedes Mal, wenn ein Zap erfolgreich Daten transportiert oder eine Aktion f\u00fcr Sie ausf\u00fchrt, wird dies als Aufgabe betrachtet.<br \/>\nWenn Ihr Zap zum Beispiel eine Aktion zur Generierung neuer Leads in Google enth\u00e4lt, wird jeder generierte Lead als Aufgabe gez\u00e4hlt.  <\/p>\n<p>Der kostenlose Plan von Zapier erm\u00f6glicht Ihnen die Ausf\u00fchrung grundlegender Funktionen und ist ideal, um das Produkt zu testen und sich mit der Erstellung von Zaps vertraut zu machen.<br \/>\nWenn Sie jedoch ein gr\u00f6\u00dferes Volumen an Aufgaben oder erweiterte Funktionen ben\u00f6tigen, sollten Sie einen der kostenpflichtigen Pl\u00e4ne in Betracht ziehen. <\/p>\n<h2><strong>Schlussfolgerungen<\/strong><\/h2>\n<p>Zapier ist das ultimative Tool f\u00fcr die E-Mail-\u00dcberpr\u00fcfung und Aufgabenautomatisierung.<br \/>\nMit seiner einfachen Benutzeroberfl\u00e4che und einer breiten Palette von Integrationen k\u00f6nnen Sie Zeit sparen und sicherstellen, dass Ihre E-Mails die richtigen Personen erreichen. <\/p>\n<p>Wenn Sie nach einer effizienten und zuverl\u00e4ssigen M\u00f6glichkeit suchen, <a href=\"https:\/\/www.verificaremails.com\/de\/\">E-Mail-Adressen zu verifizieren<\/a> und Ihre E-Mail-Prozesse zu automatisieren, sind Sie bei Zapier genau richtig. Testen Sie es noch heute und entdecken Sie, wie es die Art und Weise Ihrer E-Mail-Kommunikation ver\u00e4ndern kann. <\/p>\n<p>Nutzen Sie unsere Schritt-f\u00fcr-Schritt-Anleitung, um Ihr erstes Zap zu erstellen und Ihre Lieblings-Apps mit Verify Emails zu integrieren. Es ist wirklich einfach. <\/p>\n\t\t\t\t\t\t\t\t<\/div>\n\t\t\t\t<\/div>\n\t\t\t\t\t<\/div>\n\t\t<\/div>\n\t\t\t\t\t<\/div>\n\t\t<\/section>\n\t\t<div class=\"elementor-element elementor-element-114fec0 e-flex e-con-boxed e-con e-parent\" data-id=\"114fec0\" data-element_type=\"container\">\n\t\t\t\t\t<div class=\"e-con-inner\">\n\t\t\t\t<div class=\"elementor-element elementor-element-af3587d elementor-widget elementor-widget-text-editor\" data-id=\"af3587d\" data-element_type=\"widget\" data-widget_type=\"text-editor.default\">\n\t\t\t\t<div class=\"elementor-widget-container\">\n\t\t\t\t\t\t\t\t\t<p>Lorem ipsum dolor sit amet, consectetur adipiscing elit. Ut elit tellus, luctus nec ullamcorper mattis, pulvinar dapibus leo.<\/p>\t\t\t\t\t\t\t\t<\/div>\n\t\t\t\t<\/div>\n\t\t\t\t\t<\/div>\n\t\t\t\t<\/div>\n\t\t\t\t<\/div>\n\t\t","protected":false},"excerpt":{"rendered":"<p>In der digitalen Welt von heute ist die E-Mail-Kommunikation ein wesentlicher Bestandteil unseres Lebens. Ganz gleich, ob Sie als Freiberufler mit Kunden kommunizieren oder als Unternehmer Remote-Teams koordinieren &#8211; es ist wichtig, dass Ihre E-Mails im richtigen Posteingang landen. Hier kommt Zapier ins Spiel. Was ist Zapier und wie funktioniert es? Zapier ist eine Online-Automatisierungsanwendung, &#8230; <a title=\"Wie Sie Zapier f\u00fcr die E-Mail-\u00dcberpr\u00fcfung verwenden\" class=\"read-more\" href=\"https:\/\/www.verificaremails.com\/de\/wie-sie-zapier-fuer-die-e-mail-ueberpruefung-verwenden\/\" aria-label=\"Mehr Informationen \u00fcber Wie Sie Zapier f\u00fcr die E-Mail-\u00dcberpr\u00fcfung verwenden\">Weiterlesen<\/a><\/p>\n","protected":false},"author":3,"featured_media":0,"parent":0,"menu_order":0,"comment_status":"closed","ping_status":"closed","template":"elementor_header_footer","meta":{"_acf_changed":false,"footnotes":""},"class_list":["post-11772","page","type-page","status-publish"],"acf":[],"_links":{"self":[{"href":"https:\/\/www.verificaremails.com\/de\/wp-json\/wp\/v2\/pages\/11772","targetHints":{"allow":["GET"]}}],"collection":[{"href":"https:\/\/www.verificaremails.com\/de\/wp-json\/wp\/v2\/pages"}],"about":[{"href":"https:\/\/www.verificaremails.com\/de\/wp-json\/wp\/v2\/types\/page"}],"author":[{"embeddable":true,"href":"https:\/\/www.verificaremails.com\/de\/wp-json\/wp\/v2\/users\/3"}],"replies":[{"embeddable":true,"href":"https:\/\/www.verificaremails.com\/de\/wp-json\/wp\/v2\/comments?post=11772"}],"version-history":[{"count":0,"href":"https:\/\/www.verificaremails.com\/de\/wp-json\/wp\/v2\/pages\/11772\/revisions"}],"wp:attachment":[{"href":"https:\/\/www.verificaremails.com\/de\/wp-json\/wp\/v2\/media?parent=11772"}],"curies":[{"name":"wp","href":"https:\/\/api.w.org\/{rel}","templated":true}]}}